{"id":7439,"date":"2026-04-24T06:43:26","date_gmt":"2026-04-24T06:43:26","guid":{"rendered":""},"modified":"2026-04-24T06:43:26","modified_gmt":"2026-04-24T06:43:26","slug":"dogfest-kaltsiumikondid-pardilihaga-kutsikatele-90g","status":"publish","type":"product","link":"https:\/\/petfest.ee\/lv\/p\/kalcija-kaulini-ar-pili-kuceniem-90g\/","title":{"rendered":"Kalcija kauli\u0146i ar p\u012bli kuc\u0113niem 90g"},"content":{"rendered":"<p>Lab\u0101kais j\u016bsu kuc\u0113nam \u2014 ar kalciju bag\u0101ti piena kauli\u0146i, kas ir nepiecie\u0161ami, lai veidotos stipri kauli un zobi. P\u012bles ga\u013ca maigi papildina gar\u0161as bu\u0137eti.<br \/>\n<B>Sast\u0101vs<\/B>: p\u012bles fileja 58,7%,  augu izcelsmes produkti 28,2%, miner\u0101lvielas.<br \/>\n<B>Anal\u012btiskais sast\u0101vs<\/B>: Olbaltumvielas: 25%, Tauki: 2,5%, Pelni: 4%, \u0160\u0137iedrvielas: 0,2%, Mitrums: 18%<br \/>\n<B>Lieto\u0161ana<\/B>: Pasniedz visas dienas garum\u0101 k\u0101 cienastu. Maksim\u0101l\u0101 dienas deva: 1-2 gab. Piel\u0101gojiet daudzumu atbilsto\u0161i m\u0101jdz\u012bvnieka kond\u012bcijai un vajadz\u012bb\u0101m. Vienm\u0113r j\u0101b\u016bt pieejamam svaigam dzeramajam \u016bdenim. Neatst\u0101jiet suni bez uzraudz\u012bbas ar k\u0101rumu un k\u0101rumu iepakojumu. Nelietot uztur\u0101 sk\u0101bek\u013ca absorb\u0113t\u0101ju, kas atrodas k\u0101rumu iepakojum\u0101. Uzglab\u0101t v\u0113s\u0101 un saus\u0101 viet\u0101, p\u0113c atv\u0113r\u0161anas atk\u0101rtoti nosl\u0113gt un uzglab\u0101t ledusskap\u012b.<\/p>","protected":false},"excerpt":{"rendered":"<p>79711786 6921499711786<\/p>\n","protected":false},"featured_media":2361957,"comment_status":"closed","ping_status":"closed","template":"","meta":{"inline_featured_image":false},"product_cat":[189,190,191],"product_tag":[],"_links":{"self":[{"href":"https:\/\/petfest.ee\/lv\/wp-json\/wp\/v2\/product\/7439"}],"collection":[{"href":"https:\/\/petfest.ee\/lv\/wp-json\/wp\/v2\/product"}],"about":[{"href":"https:\/\/petfest.ee\/lv\/wp-json\/wp\/v2\/types\/product"}],"replies":[{"embeddable":true,"href":"https:\/\/petfest.ee\/lv\/wp-json\/wp\/v2\/comments?post=7439"}],"wp:featuredmedia":[{"embeddable":true,"href":"https:\/\/petfest.ee\/lv\/wp-json\/wp\/v2\/media\/2361957"}],"wp:attachment":[{"href":"https:\/\/petfest.ee\/lv\/wp-json\/wp\/v2\/media?parent=7439"}],"wp:term":[{"taxonomy":"product_cat","embeddable":true,"href":"https:\/\/petfest.ee\/lv\/wp-json\/wp\/v2\/product_cat?post=7439"},{"taxonomy":"product_tag","embeddable":true,"href":"https:\/\/petfest.ee\/lv\/wp-json\/wp\/v2\/product_tag?post=7439"}],"curies":[{"name":"wp","href":"https:\/\/api.w.org\/{rel}","templated":true}]}}