{"id":7437,"date":"2026-04-24T06:43:26","date_gmt":"2026-04-24T06:43:26","guid":{"rendered":""},"modified":"2026-04-24T06:43:26","modified_gmt":"2026-04-24T06:43:26","slug":"dogfest-talleliha-viilud-koikidele-koertele-kaasaarvatud-kutsikatele-90g","status":"publish","type":"product","link":"https:\/\/petfest.ee\/lv\/p\/jera-galas-stremelites-kuceniem-90g\/","title":{"rendered":"J\u0113ra ga\u013cas str\u0113mel\u012btes, kuc\u0113niem, 90g."},"content":{"rendered":"<p>M\u012bkst\u0101s j\u0113ra ga\u013cas str\u0113mel\u012btes, kas viegli l\u016bzt mazos gabali\u0146os, ir lieliski piem\u0113rotas kuc\u0113nu uzved\u012bbas kori\u0123\u0113\u0161anai un apbalvo\u0161anai pirmaj\u0101s dres\u016bras nodarb\u012bb\u0101s.<br \/>\n<B>Sast\u0101vs<\/B>: j\u0113ra ga\u013ca 87,3%, augu izcelsmes produkti, miner\u0101lvielas.<br \/>\n<B>Anal\u012btiskais sast\u0101vs<\/B>: Olbaltumvielas: 28%, Tauki: 4%, \u0160\u0137iedrvielas: 0,2%, Pelni: 4%, Mitrums: 23%<br \/>\n<B>Lieto\u0161ana<\/B>: Pasniedz visas dienas garum\u0101 k\u0101 cienastu. Maksim\u0101l\u0101 dienas deva: 1-2 gab. Piel\u0101gojiet daudzumu atbilsto\u0161i m\u0101jdz\u012bvnieka kond\u012bcijai un vajadz\u012bb\u0101m. Vienm\u0113r j\u0101b\u016bt pieejamam svaigam dzeramajam \u016bdenim. Neatst\u0101jiet suni bez uzraudz\u012bbas ar k\u0101rumu un k\u0101rumu iepakojumu. Nelietot uztur\u0101 sk\u0101bek\u013ca absorb\u0113t\u0101ju, kas atrodas k\u0101rumu iepakojum\u0101. Uzglab\u0101t v\u0113s\u0101 un saus\u0101 viet\u0101, p\u0113c atv\u0113r\u0161anas atk\u0101rtoti nosl\u0113gt un uzglab\u0101t ledusskap\u012b.<\/p>","protected":false},"excerpt":{"rendered":"<p>79710307 6921499710307<\/p>\n","protected":false},"featured_media":2361959,"comment_status":"closed","ping_status":"closed","template":"","meta":{"inline_featured_image":false},"product_cat":[189,190,192,191],"product_tag":[],"_links":{"self":[{"href":"https:\/\/petfest.ee\/lv\/wp-json\/wp\/v2\/product\/7437"}],"collection":[{"href":"https:\/\/petfest.ee\/lv\/wp-json\/wp\/v2\/product"}],"about":[{"href":"https:\/\/petfest.ee\/lv\/wp-json\/wp\/v2\/types\/product"}],"replies":[{"embeddable":true,"href":"https:\/\/petfest.ee\/lv\/wp-json\/wp\/v2\/comments?post=7437"}],"wp:featuredmedia":[{"embeddable":true,"href":"https:\/\/petfest.ee\/lv\/wp-json\/wp\/v2\/media\/2361959"}],"wp:attachment":[{"href":"https:\/\/petfest.ee\/lv\/wp-json\/wp\/v2\/media?parent=7437"}],"wp:term":[{"taxonomy":"product_cat","embeddable":true,"href":"https:\/\/petfest.ee\/lv\/wp-json\/wp\/v2\/product_cat?post=7437"},{"taxonomy":"product_tag","embeddable":true,"href":"https:\/\/petfest.ee\/lv\/wp-json\/wp\/v2\/product_tag?post=7437"}],"curies":[{"name":"wp","href":"https:\/\/api.w.org\/{rel}","templated":true}]}}