{"id":7436,"date":"2026-04-24T06:43:26","date_gmt":"2026-04-24T06:43:26","guid":{"rendered":""},"modified":"2026-04-24T06:43:26","modified_gmt":"2026-04-24T06:43:26","slug":"dogfest-pardiliha-loigud-vaikest-tougu-koertele-55g","status":"publish","type":"product","link":"https:\/\/petfest.ee\/lv\/p\/piles-galas-gabalini-miniaturu-skirnem-55-g\/","title":{"rendered":"P\u012bles ga\u013cas gabali\u0146i, miniat\u016bru \u0161\u0137irn\u0113m, 55 g."},"content":{"rendered":"<p>Lieliski, m\u012bksti p\u012bles ga\u013cas gabali\u0146i, kas speci\u0101li paredz\u0113ti maziem sun\u012b\u0161iem. Palutiniet savu m\u012bluli.<br \/>\n<B>Sast\u0101vs<\/B>: p\u012bles fileja 90,2%, augu izcelsmes produkti, miner\u0101lvielas.<br \/>\n<B>Anal\u012btiskais sast\u0101vs<\/B>: Olbaltumvielas: 41%, Tauki: 3,5%, \u0160\u0137iedrvielas: 0,2%, Pelni: 4%, Mitrums: 23%<br \/>\n<B>Lieto\u0161ana<\/B>: Pasniedz visas dienas garum\u0101 k\u0101 cienastu. Maksim\u0101l\u0101 dienas deva: 1-2 gab. Piel\u0101gojiet daudzumu atbilsto\u0161i m\u0101jdz\u012bvnieka kond\u012bcijai un vajadz\u012bb\u0101m. Vienm\u0113r j\u0101b\u016bt pieejamam svaigam dzeramajam \u016bdenim. Neatst\u0101jiet suni bez uzraudz\u012bbas ar k\u0101rumu un k\u0101rumu iepakojumu. Nelietot uztur\u0101 sk\u0101bek\u013ca absorb\u0113t\u0101ju, kas atrodas k\u0101rumu iepakojum\u0101. Uzglab\u0101t v\u0113s\u0101 un saus\u0101 viet\u0101, p\u0113c atv\u0113r\u0161anas atk\u0101rtoti nosl\u0113gt un uzglab\u0101t ledusskap\u012b<\/p>","protected":false},"excerpt":{"rendered":"<p>79711533 6921499711533<\/p>\n","protected":false},"featured_media":2361969,"comment_status":"closed","ping_status":"closed","template":"","meta":{"inline_featured_image":false},"product_cat":[189,191],"product_tag":[],"_links":{"self":[{"href":"https:\/\/petfest.ee\/lv\/wp-json\/wp\/v2\/product\/7436"}],"collection":[{"href":"https:\/\/petfest.ee\/lv\/wp-json\/wp\/v2\/product"}],"about":[{"href":"https:\/\/petfest.ee\/lv\/wp-json\/wp\/v2\/types\/product"}],"replies":[{"embeddable":true,"href":"https:\/\/petfest.ee\/lv\/wp-json\/wp\/v2\/comments?post=7436"}],"wp:featuredmedia":[{"embeddable":true,"href":"https:\/\/petfest.ee\/lv\/wp-json\/wp\/v2\/media\/2361969"}],"wp:attachment":[{"href":"https:\/\/petfest.ee\/lv\/wp-json\/wp\/v2\/media?parent=7436"}],"wp:term":[{"taxonomy":"product_cat","embeddable":true,"href":"https:\/\/petfest.ee\/lv\/wp-json\/wp\/v2\/product_cat?post=7436"},{"taxonomy":"product_tag","embeddable":true,"href":"https:\/\/petfest.ee\/lv\/wp-json\/wp\/v2\/product_tag?post=7436"}],"curies":[{"name":"wp","href":"https:\/\/api.w.org\/{rel}","templated":true}]}}