{"id":7432,"date":"2026-04-24T06:43:26","date_gmt":"2026-04-24T06:43:26","guid":{"rendered":""},"modified":"2026-04-24T06:43:26","modified_gmt":"2026-04-24T06:43:26","slug":"dogfest-kanafilee-ribad-vaikest-tougu-koertele-55g","status":"publish","type":"product","link":"https:\/\/petfest.ee\/lv\/p\/vistas-krutinas-miniaturu-skirnem-55g\/","title":{"rendered":"Vistas kr\u016bti\u0146as, miniat\u016bru \u0161\u0137irn\u0113m, 55g."},"content":{"rendered":"<p>Cepta vistas kr\u016bti\u0146as fileja b\u016bs lielisks veids, k\u0101 uz ilgu laiku nodarbin\u0101t sun\u012bti, un nov\u0113rst vi\u0146a uzman\u012bbu no j\u016bsu mant\u0101m, br\u012bd\u012b, kad neesat m\u0101j\u0101s.<br \/>\n<B>Sast\u0101vs<\/B>: vistas fileja 84,9%, augu izcelsmes produkti, miner\u0101lvielas.<br \/>\n<B>Anal\u012btiskais sast\u0101vs<\/B>: Olbaltumvielas: 50%, Tauki: 2%, \u0160\u0137iedrvielas: 0,2%, Pelni: 4%, Mitrums: 18%<br \/>\n<B>Lieto\u0161ana<\/B>:Pasniedz visas dienas garum\u0101 k\u0101 cienastu. Maksim\u0101l\u0101 dienas deva: 1-2 gab. Piel\u0101gojiet daudzumu atbilsto\u0161i m\u0101jdz\u012bvnieka kond\u012bcijai un vajadz\u012bb\u0101m. Vienm\u0113r j\u0101b\u016bt pieejamam svaigam dzeramajam \u016bdenim. Neatst\u0101jiet suni bez uzraudz\u012bbas ar k\u0101rumu un k\u0101rumu iepakojumu. Nelietot uztur\u0101 sk\u0101bek\u013ca absorb\u0113t\u0101ju, kas atrodas k\u0101rumu iepakojum\u0101. Uzglab\u0101t v\u0113s\u0101 un saus\u0101 viet\u0101, p\u0113c atv\u0113r\u0161anas atk\u0101rtoti nosl\u0113gt un uzglab\u0101t ledusskap\u012b.<\/p>","protected":false},"excerpt":{"rendered":"<p>79711502 6921499711502<\/p>\n","protected":false},"featured_media":2361977,"comment_status":"closed","ping_status":"closed","template":"","meta":{"inline_featured_image":false},"product_cat":[189,191],"product_tag":[],"_links":{"self":[{"href":"https:\/\/petfest.ee\/lv\/wp-json\/wp\/v2\/product\/7432"}],"collection":[{"href":"https:\/\/petfest.ee\/lv\/wp-json\/wp\/v2\/product"}],"about":[{"href":"https:\/\/petfest.ee\/lv\/wp-json\/wp\/v2\/types\/product"}],"replies":[{"embeddable":true,"href":"https:\/\/petfest.ee\/lv\/wp-json\/wp\/v2\/comments?post=7432"}],"wp:featuredmedia":[{"embeddable":true,"href":"https:\/\/petfest.ee\/lv\/wp-json\/wp\/v2\/media\/2361977"}],"wp:attachment":[{"href":"https:\/\/petfest.ee\/lv\/wp-json\/wp\/v2\/media?parent=7432"}],"wp:term":[{"taxonomy":"product_cat","embeddable":true,"href":"https:\/\/petfest.ee\/lv\/wp-json\/wp\/v2\/product_cat?post=7432"},{"taxonomy":"product_tag","embeddable":true,"href":"https:\/\/petfest.ee\/lv\/wp-json\/wp\/v2\/product_tag?post=7432"}],"curies":[{"name":"wp","href":"https:\/\/api.w.org\/{rel}","templated":true}]}}