{"id":7426,"date":"2026-04-24T06:43:27","date_gmt":"2026-04-24T06:43:27","guid":{"rendered":""},"modified":"2026-04-24T06:43:27","modified_gmt":"2026-04-24T06:43:27","slug":"dogfest-pardifilee-narimiskondil-keskmistele-ja-suurtele-koertele-90g","status":"publish","type":"product","link":"https:\/\/petfest.ee\/lv\/p\/miksta-piles-galas-fileja-pieaugusiem-suniem-90g\/","title":{"rendered":"M\u012bkst\u0101 p\u012bles ga\u013cas fileja, pieaugu\u0161iem su\u0146iem, 90g."},"content":{"rendered":"<p>\u0160ie gardie p\u012bles ga\u013cas filejas gabali\u0146i uz grau\u017eam\u0101 koci\u0146a b\u016bs lab\u0101kais apbalvojums visu izm\u0113ru un vecumu su\u0146iem par teicamu uzved\u012bbu.<br \/>\n<B>Sast\u0101vs<\/B>: p\u012bles ga\u013ca 80,1%, miec\u0113ta liellopu \u0101da 9,7%, augu izcelsmes produkti, miner\u0101lvielas.<br \/>\n<B>Anal\u012btiskais sast\u0101vs<\/B>: Olbaltumvielas: 54%, tauki 3%, pelni: 4%, \u0161\u0137iedrvielas: 0,2%, mitrums: 18%<br \/>\n<B>Lieto\u0161ana<\/B>: Pasniedz visas dienas garum\u0101 k\u0101 cienastu. Maksim\u0101l\u0101 dienas deva: 1-2 gab. Piel\u0101gojiet daudzumu atbilsto\u0161i m\u0101jdz\u012bvnieka kond\u012bcijai un vajadz\u012bb\u0101m. Vienm\u0113r j\u0101b\u016bt pieejamam svaigam dzeramajam \u016bdenim. Neatst\u0101jiet suni bez uzraudz\u012bbas ar k\u0101rumu un k\u0101rumu iepakojumu. Nelietot uztur\u0101 sk\u0101bek\u013ca absorb\u0113t\u0101ju, kas atrodas k\u0101rumu iepakojum\u0101. Uzglab\u0101t v\u0113s\u0101 un saus\u0101 viet\u0101, p\u0113c atv\u0113r\u0161anas atk\u0101rtoti nosl\u0113gt un uzglab\u0101t ledusskap\u012b.<\/p>","protected":false},"excerpt":{"rendered":"<p>79711793 6921499711793<\/p>\n","protected":false},"featured_media":2361999,"comment_status":"closed","ping_status":"closed","template":"","meta":{"inline_featured_image":false},"product_cat":[189,192],"product_tag":[],"_links":{"self":[{"href":"https:\/\/petfest.ee\/lv\/wp-json\/wp\/v2\/product\/7426"}],"collection":[{"href":"https:\/\/petfest.ee\/lv\/wp-json\/wp\/v2\/product"}],"about":[{"href":"https:\/\/petfest.ee\/lv\/wp-json\/wp\/v2\/types\/product"}],"replies":[{"embeddable":true,"href":"https:\/\/petfest.ee\/lv\/wp-json\/wp\/v2\/comments?post=7426"}],"wp:featuredmedia":[{"embeddable":true,"href":"https:\/\/petfest.ee\/lv\/wp-json\/wp\/v2\/media\/2361999"}],"wp:attachment":[{"href":"https:\/\/petfest.ee\/lv\/wp-json\/wp\/v2\/media?parent=7426"}],"wp:term":[{"taxonomy":"product_cat","embeddable":true,"href":"https:\/\/petfest.ee\/lv\/wp-json\/wp\/v2\/product_cat?post=7426"},{"taxonomy":"product_tag","embeddable":true,"href":"https:\/\/petfest.ee\/lv\/wp-json\/wp\/v2\/product_tag?post=7426"}],"curies":[{"name":"wp","href":"https:\/\/api.w.org\/{rel}","templated":true}]}}