{"id":7424,"date":"2026-04-24T06:43:27","date_gmt":"2026-04-24T06:43:27","guid":{"rendered":""},"modified":"2026-04-24T06:43:27","modified_gmt":"2026-04-24T06:43:27","slug":"dogfest-pardi-filee-koikidele-koertele-90g","status":"publish","type":"product","link":"https:\/\/petfest.ee\/lv\/p\/mikstas-piles-filejas-pieaugusajiem-suniem-90g\/","title":{"rendered":"M\u012bkst\u0101s p\u012bles filejas pieaugu\u0161ajiem su\u0146iem, 90g."},"content":{"rendered":"<p>M\u012bkst\u0101 fileja no p\u012bles ga\u013cas gar\u0161os ikvienam sunim-gard\u0113dim. Esiet gatavi tam, ka jums pras\u012bs v\u0113l un v\u0113l.<br \/>\n<B>Sast\u0101vs<\/B>: p\u012bles fileja 90,2%, augu izcelsmes produkti, miner\u0101li.<br \/>\n<B>Anal\u012btiskie komponenti<\/B>: j\u0113lolbaltumvielas 41%, tauki 3,5%, j\u0113l\u0161\u0137iedrvielas 0,2%, j\u0113lpelni 4%, mitrums 23%<\/p>\n<p><B>Lieto\u0161ana<\/B>: Pasniedz visas dienas garum\u0101 k\u0101 cienastu. Maksim\u0101l\u0101 dienas deva: 1-2 gab. Piel\u0101gojiet daudzumu atbilsto\u0161i m\u0101jdz\u012bvnieka kond\u012bcijai un vajadz\u012bb\u0101m. Vienm\u0113r j\u0101b\u016bt pieejamam svaigam dzeramajam \u016bdenim. Neatst\u0101jiet suni bez uzraudz\u012bbas ar k\u0101rumu un k\u0101rumu iepakojumu. Nelietot uztur\u0101 sk\u0101bek\u013ca absorb\u0113t\u0101ju, kas atrodas k\u0101rumu iepakojum\u0101. Uzglab\u0101t v\u0113s\u0101 un saus\u0101 viet\u0101, p\u0113c atv\u0113r\u0161anas atk\u0101rtoti nosl\u0113gt un uzglab\u0101t ledusskap\u012b.<\/p>","protected":false},"excerpt":{"rendered":"<p>79711229 6921499711229<\/p>\n","protected":false},"featured_media":2362003,"comment_status":"closed","ping_status":"closed","template":"","meta":{"inline_featured_image":false},"product_cat":[189,192,191],"product_tag":[],"_links":{"self":[{"href":"https:\/\/petfest.ee\/lv\/wp-json\/wp\/v2\/product\/7424"}],"collection":[{"href":"https:\/\/petfest.ee\/lv\/wp-json\/wp\/v2\/product"}],"about":[{"href":"https:\/\/petfest.ee\/lv\/wp-json\/wp\/v2\/types\/product"}],"replies":[{"embeddable":true,"href":"https:\/\/petfest.ee\/lv\/wp-json\/wp\/v2\/comments?post=7424"}],"wp:featuredmedia":[{"embeddable":true,"href":"https:\/\/petfest.ee\/lv\/wp-json\/wp\/v2\/media\/2362003"}],"wp:attachment":[{"href":"https:\/\/petfest.ee\/lv\/wp-json\/wp\/v2\/media?parent=7424"}],"wp:term":[{"taxonomy":"product_cat","embeddable":true,"href":"https:\/\/petfest.ee\/lv\/wp-json\/wp\/v2\/product_cat?post=7424"},{"taxonomy":"product_tag","embeddable":true,"href":"https:\/\/petfest.ee\/lv\/wp-json\/wp\/v2\/product_tag?post=7424"}],"curies":[{"name":"wp","href":"https:\/\/api.w.org\/{rel}","templated":true}]}}