{"id":2364468,"date":"2026-04-24T06:43:27","date_gmt":"2026-04-24T06:43:27","guid":{"rendered":""},"modified":"2026-04-24T06:43:27","modified_gmt":"2026-04-24T06:43:27","slug":"catfest-einekotike-tursafilee-forelliga-ornas-tarretises-12x70g","status":"publish","type":"product","link":"https:\/\/petfest.ee\/lv\/p\/catfest-mencu-fileja-ar-foreli-mitra-bariba-kakiem-12-x-70-g\/","title":{"rendered":"CatFest mencu fileja ar foreli, mitr\u0101 bar\u012bba ka\u0137iem, 12 x 70 g"},"content":{"rendered":"<p>Mitr\u0101 bar\u012bba ka\u0137iem Cat Fest ir izsmalcin\u0101ts gardums, rad\u012bts ar r\u016bp\u0113m un uzman\u012bbu. R\u016bp\u012bgi apvienota atlas\u012bta menca un maiga forele veido bag\u0101t\u012bgu gar\u0161as kombin\u0101ciju, kas p\u0101rv\u0113r\u0161 katru malt\u012bti \u012bpa\u0161\u0101 baud\u012bjum\u0101. Tvaic\u0113ti zivju gabali saglab\u0101 uzturvielas un arom\u0101tu, padarot \u0161o bar\u012bbu par \u012bstu delikatesi. Viegls \u017eelejas p\u0101rkl\u0101jums pie\u0161\u0137ir unik\u0101lu tekst\u016bru un nodro\u0161ina papildu mitrumu. Piem\u0113rots k\u0101 papildu dab\u012bgs bar\u012bbas produkts<\/p>\n<p><B>Sast\u0101vs<\/B>: menca 66%, zivju buljons 28%, forele 4%, prebioti\u0137is FOS, an\u0161ovu e\u013c\u013ca, miner\u0101lvielas, E vitam\u012bns 0,1%, taur\u012bns 0,1%<\/p>\n<p>Anal\u012btiskie r\u0101d\u012bt\u0101ji: olbaltumvielas \u2265 9,5%, tauki \u2265 0,8%, pelni \u2264 1,5%, \u0161\u0137iedrvielas \u2264 1%, mitrums \u2264 89%<\/p>\n<p><B>Priek\u0161roc\u012bbas:<\/B> Klus\u0101 oke\u0101na menca un savva\u013cas forele ir augstas kvalit\u0101tes olbaltumvielu un zivju tauku avots. Nesatur kr\u0101svielas, konservantus un gar\u0161as pastiprin\u0101t\u0101jus. Nesatur graudus, kukur\u016bzu, soju, glut\u0113nu, blakusproduktus un \u0122MO. Taur\u012bns atbalsta sirds, redzes, dzirdes un im\u016bnsist\u0113mas vesel\u012bbu. Omega-3 tauksk\u0101bes no an\u0161oviem veicina vesel\u012bgu un sp\u012bd\u012bgu apmatojumu, k\u0101 ar\u012b stiprina loc\u012btavas un zobus. Cigori\u0146i pal\u012bdz samazin\u0101t nepat\u012bkamo smaku<\/p>\n<p><B>Lieto\u0161ana<\/B>: piem\u0113rots k\u0101 papildu bar\u012bba visiem pieaugu\u0161iem ka\u0137iem, tostarp steriliz\u0113tiem un kastr\u0113tiem, k\u0101 ar\u012b ka\u0137iem ar aler\u0123ij\u0101m vai gremo\u0161anas probl\u0113m\u0101m. Pasniegt istabas temperat\u016br\u0101. Uzglab\u0101t v\u0113s\u0101 un saus\u0101 viet\u0101. Ieteicams l\u012bdz 3 paci\u0146\u0101m dien\u0101. Ka\u0137im vienm\u0113r j\u0101b\u016bt pieejamam svaigam \u016bdenim<\/p>","protected":false},"excerpt":{"rendered":"<p>79219913 6921959219913<\/p>\n","protected":false},"featured_media":2364502,"comment_status":"closed","ping_status":"closed","template":"","meta":{"inline_featured_image":false},"product_cat":[238,236],"product_tag":[],"_links":{"self":[{"href":"https:\/\/petfest.ee\/lv\/wp-json\/wp\/v2\/product\/2364468"}],"collection":[{"href":"https:\/\/petfest.ee\/lv\/wp-json\/wp\/v2\/product"}],"about":[{"href":"https:\/\/petfest.ee\/lv\/wp-json\/wp\/v2\/types\/product"}],"replies":[{"embeddable":true,"href":"https:\/\/petfest.ee\/lv\/wp-json\/wp\/v2\/comments?post=2364468"}],"wp:featuredmedia":[{"embeddable":true,"href":"https:\/\/petfest.ee\/lv\/wp-json\/wp\/v2\/media\/2364502"}],"wp:attachment":[{"href":"https:\/\/petfest.ee\/lv\/wp-json\/wp\/v2\/media?parent=2364468"}],"wp:term":[{"taxonomy":"product_cat","embeddable":true,"href":"https:\/\/petfest.ee\/lv\/wp-json\/wp\/v2\/product_cat?post=2364468"},{"taxonomy":"product_tag","embeddable":true,"href":"https:\/\/petfest.ee\/lv\/wp-json\/wp\/v2\/product_tag?post=2364468"}],"curies":[{"name":"wp","href":"https:\/\/api.w.org\/{rel}","templated":true}]}}