{"id":2364466,"date":"2026-04-24T06:43:27","date_gmt":"2026-04-24T06:43:27","guid":{"rendered":""},"modified":"2026-04-24T06:43:27","modified_gmt":"2026-04-24T06:43:27","slug":"catfest-einekotike-tursafilee-ornas-tarretises-12x70g","status":"publish","type":"product","link":"https:\/\/petfest.ee\/lv\/p\/catfest-mencu-fileja-zeleja-mitra-bariba-kakiem-12-x-70-g\/","title":{"rendered":"CatFest mencu fileja \u017eelej\u0101, mitr\u0101 bar\u012bba ka\u0137iem, 12 x 70 g"},"content":{"rendered":"<p>Cat Fest konservi ka\u0137iem ir vesel\u012bgs un gar\u0161\u012bgs k\u0101rums, kas sniedz j\u016bsu m\u0101jdz\u012bvniekam patiesu baud\u012bjumu. Maig\u0101 mencas fileja ir viegli sagremojama un pal\u012bdz uztur\u0113t ka\u0137a gremo\u0161anas sist\u0113mas vesel\u012bbu. Tvaic\u0113tie gabali\u0146i saglab\u0101 maksim\u0101li daudz v\u0113rt\u012bgo uzturvielu, tostarp neaizvietojam\u0101s Omega-3 tauksk\u0101bes, kas pal\u012bdz uztur\u0113t \u0101das vesel\u012bbu un pie\u0161\u0137ir ka\u017eokam skaistu sp\u012bdumu. Viegl\u0101 \u017eeleja pie\u0161\u0137ir produktam \u012bpa\u0161u tekst\u016bru un nodro\u0161ina papildu mitrumu. Piem\u0113rots k\u0101 papildu dab\u012bg\u0101 bar\u012bba.<\/p>\n<p><B>Sast\u0101vs<\/B>: menca 70%, zivju buljons 28%, prebiotika FOS, an\u0161ovu e\u013c\u013ca, E vitam\u012bns 0,1%, taur\u012bns 0,1%<br \/>\nAnal\u012btisk\u0101s sast\u0101vda\u013cas: olbaltumvielas \u2265 9,5%, tauki \u2265 0,8%, pelni \u2264 1,5%, \u0161\u0137iedrvielas \u2264 1%, mitrums \u2264 89%<\/p>\n<p><B>Priek\u0161roc\u012bbas:<\/B> menca ir augstas kvalit\u0101tes olbaltumvielu avots. Nesatur kr\u0101svielas, konservantus un gar\u0161as pastiprin\u0101t\u0101jus. Nesatur graudaugus, kukur\u016bzu, soju, glut\u0113nu, blakusproduktus un \u0122MO. Taur\u012bns pozit\u012bvi ietekm\u0113 sirdi, redzi, dzirdi un im\u016bnsist\u0113mu. Omega-3 un Omega-6 tauksk\u0101bes no an\u0161oviem veicina skaista un vesel\u012bga ka\u017eoka aug\u0161anu, k\u0101 ar\u012b stiprina loc\u012btavas un zobus. Cigori\u0146i pal\u012bdz samazin\u0101t nepat\u012bkamo smaku no ka\u0137u ekskrementiem.<\/p>\n<p><B>Lieto\u0161ana<\/B>: piem\u0113rots k\u0101 papildu dab\u012bg\u0101 bar\u012bba visiem pieaugu\u0161iem ka\u0137iem, tostarp steriliz\u0113tiem un kastr\u0113tiem, k\u0101 ar\u012b ka\u0137iem ar aler\u0123ij\u0101m un gremo\u0161anas probl\u0113m\u0101m. Pasniegt istabas temperat\u016br\u0101. Uzglab\u0101t v\u0113s\u0101 un saus\u0101 viet\u0101. Dot l\u012bdz 3 paci\u0146\u0101m dien\u0101. Ka\u0137im vienm\u0113r j\u0101b\u016bt pieejamam svaigam dzeramajam \u016bdenim.<\/p>","protected":false},"excerpt":{"rendered":"<p>79219845 6921959219845<\/p>\n","protected":false},"featured_media":2364484,"comment_status":"closed","ping_status":"closed","template":"","meta":{"inline_featured_image":false},"product_cat":[238,236],"product_tag":[],"_links":{"self":[{"href":"https:\/\/petfest.ee\/lv\/wp-json\/wp\/v2\/product\/2364466"}],"collection":[{"href":"https:\/\/petfest.ee\/lv\/wp-json\/wp\/v2\/product"}],"about":[{"href":"https:\/\/petfest.ee\/lv\/wp-json\/wp\/v2\/types\/product"}],"replies":[{"embeddable":true,"href":"https:\/\/petfest.ee\/lv\/wp-json\/wp\/v2\/comments?post=2364466"}],"wp:featuredmedia":[{"embeddable":true,"href":"https:\/\/petfest.ee\/lv\/wp-json\/wp\/v2\/media\/2364484"}],"wp:attachment":[{"href":"https:\/\/petfest.ee\/lv\/wp-json\/wp\/v2\/media?parent=2364466"}],"wp:term":[{"taxonomy":"product_cat","embeddable":true,"href":"https:\/\/petfest.ee\/lv\/wp-json\/wp\/v2\/product_cat?post=2364466"},{"taxonomy":"product_tag","embeddable":true,"href":"https:\/\/petfest.ee\/lv\/wp-json\/wp\/v2\/product_tag?post=2364466"}],"curies":[{"name":"wp","href":"https:\/\/api.w.org\/{rel}","templated":true}]}}