{"id":2364465,"date":"2026-04-24T06:43:27","date_gmt":"2026-04-24T06:43:27","guid":{"rendered":""},"modified":"2026-04-24T06:43:27","modified_gmt":"2026-04-24T06:43:27","slug":"catfest-tursapasteet-kassipoegadele-12x70g","status":"publish","type":"product","link":"https:\/\/petfest.ee\/lv\/p\/catfest-mencu-pastete-kakeniem-12-x-70-g\/","title":{"rendered":"CatFest mencu past\u0113te ka\u0137\u0113niem, 12 x 70 g"},"content":{"rendered":"<p>CatFest ka\u0137\u0113niem paredz\u0113tais maigais mencas filejas past\u0113tes \u0113diens ir sabalans\u0113ts un gar\u0161\u012bgs papildbar\u012bbas risin\u0101jums augo\u0161am ka\u0137\u0113nam. Izstr\u0101d\u0101ts p\u0113c \u012bpa\u0161as receptes, ar \u012bpa\u0161i maigu tekst\u016bru, kas lieliski piem\u0113rota ka\u0137\u0113niem. Produkts satur E vitam\u012bnu, omega-3 tauksk\u0101bes un taur\u012bnu, kas veicina vesel\u012bgu aug\u0161anu, stipru imunit\u0101ti un ener\u0123ijas pilnu att\u012bst\u012bbu.<\/p>\n<p>Dab\u012bgais sast\u0101vs un kvalitat\u012bv\u0101s sast\u0101vda\u013cas pal\u012bdz uzlabot gremo\u0161anu, uztur vesel\u012bgu \u0101du un apmatojumu, k\u0101 ar\u012b atbalsta sirds un redzes att\u012bst\u012bbu. Ide\u0101li piem\u0113rots ikdienas papildbaro\u0161anai vis\u0101m ka\u0137\u0113nu \u0161\u0137irn\u0113m.<\/p>\n<p><B>Sast\u0101vs<\/B>: menca 70%, zivju buljons 28,1%, prebioti\u0137is FOS, an\u0161ovu e\u013c\u013ca, miner\u0101lvielas, E vitam\u012bns 0,1%, taur\u012bns 0,1%<\/p>\n<p>Anal\u012btiskie r\u0101d\u012bt\u0101ji: prote\u012bns \u2265 9,5%, tauki \u2265 0,8%, pelni \u2264 1,5%, \u0161\u0137iedrvielas \u2264 1%, mitrums \u2264 89%<\/p>\n<p><B>Priek\u0161roc\u012bbas:<\/B><br \/>\nmenca ir augstas kvalit\u0101tes un viegli sagremojams prote\u012bna avots<br \/>\nomega-3 tauksk\u0101bes pal\u012bdz uztur\u0113t vesel\u012bgu \u0101du un apmatojumu<br \/>\ntaur\u012bns veicina sirds un redzes att\u012bst\u012bbu<br \/>\nE vitam\u012bns stiprina im\u016bnsist\u0113mu<br \/>\nprebioti\u0137is FOS uzlabo gremo\u0161anu un atbalsta zarnu mikrofloru<br \/>\nminer\u0101lvielas veicina stipru kaulu veido\u0161anos<\/p>\n<p><B>Lieto\u0161ana<\/B>: piem\u0113rots ikdienas papildbar\u012bbai ka\u0137\u0113niem vis\u0101m \u0161\u0137irn\u0113m. Pasniegt istabas temperat\u016br\u0101. Uzglab\u0101t v\u0113s\u0101 un saus\u0101 viet\u0101. Ieteicam\u0101 dienas deva 2\u20133 paci\u0146as atkar\u012bb\u0101 no ka\u0137\u0113na vecuma un aktivit\u0101tes. Nodro\u0161in\u0101t past\u0101v\u012bgu piek\u013cuvi svaigam dzeramajam \u016bdenim.<\/p>","protected":false},"excerpt":{"rendered":"<p>79219869 6921959219859<\/p>\n","protected":false},"featured_media":2364470,"comment_status":"closed","ping_status":"closed","template":"","meta":{"inline_featured_image":false},"product_cat":[238,236],"product_tag":[],"_links":{"self":[{"href":"https:\/\/petfest.ee\/lv\/wp-json\/wp\/v2\/product\/2364465"}],"collection":[{"href":"https:\/\/petfest.ee\/lv\/wp-json\/wp\/v2\/product"}],"about":[{"href":"https:\/\/petfest.ee\/lv\/wp-json\/wp\/v2\/types\/product"}],"replies":[{"embeddable":true,"href":"https:\/\/petfest.ee\/lv\/wp-json\/wp\/v2\/comments?post=2364465"}],"wp:featuredmedia":[{"embeddable":true,"href":"https:\/\/petfest.ee\/lv\/wp-json\/wp\/v2\/media\/2364470"}],"wp:attachment":[{"href":"https:\/\/petfest.ee\/lv\/wp-json\/wp\/v2\/media?parent=2364465"}],"wp:term":[{"taxonomy":"product_cat","embeddable":true,"href":"https:\/\/petfest.ee\/lv\/wp-json\/wp\/v2\/product_cat?post=2364465"},{"taxonomy":"product_tag","embeddable":true,"href":"https:\/\/petfest.ee\/lv\/wp-json\/wp\/v2\/product_tag?post=2364465"}],"curies":[{"name":"wp","href":"https:\/\/api.w.org\/{rel}","templated":true}]}}