{"id":2364343,"date":"2026-04-24T06:43:27","date_gmt":"2026-04-24T06:43:27","guid":{"rendered":""},"modified":"2026-04-24T06:43:27","modified_gmt":"2026-04-24T06:43:27","slug":"catfest-vedel-maius-tuunikalaga-ja-kalamarjaga-4-10g","status":"publish","type":"product","link":"https:\/\/petfest.ee\/lv\/p\/kremigas-uzkodas-ar-tunci-un-ikriem-4-10g\/","title":{"rendered":"Kr\u0113m\u012bgas uzkodas ar tunci un ikriem, 4 \u00d7 10g"},"content":{"rendered":"<p>Maigs kr\u0113ms no oke\u0101na tuncis filejas ar \u012bsta delikatesa \u2014 lidzivs ikru \u2014 pievienojumu iepriecin\u0101s j\u016bsu ka\u0137i ar spilgtu, bag\u0101t\u012bgu gar\u0161u. T\u0101 sast\u0101v\u0101 ir tikai augstas kvalit\u0101tes dab\u012bgas sast\u0101vda\u013cas, kas nodro\u0161ina j\u016bsu m\u012blulim ne tikai baud\u012bjumu, bet ar\u012b nepiecie\u0161am\u0101s uzturvielas. Pateicoties sast\u0101vam, kr\u0113ma k\u0101rums uzlabo ka\u017eoka, \u0101das un nagu kvalit\u0101ti un ir papildu mikroelementu un mitruma avots j\u016bsu ka\u0137im.\u0112rtais iepakojums \u013cauj jums pavad\u012bt neaizmirstamus mirk\u013cus, barojot savu m\u012bluli tie\u0161i no paci\u0146as.<\/p>\n<p><B>Sast\u0101vs<\/B>: tuncis 45,5%, lidzivs ikri 4%, augu izcelsmes produkti, vistas tauki, rauga ekstrakts, miner\u0101lvielas.<\/p>\n<p><B>Uztura piedevas (mg\/kg)<\/B>: taur\u012bns 500, E vitam\u012bns 500.<\/p>\n<p><B>100 g satur<\/B>: prote\u012bni 12 g, tauki 2 g, pelni 2 g, \u0161\u0137iedra 1 g, mitrums 85 g; <\/p>\n<p><B>Ener\u0123\u0113tisk\u0101 v\u0113rt\u012bba 100 g<\/B>: 55 kcal.<\/p>\n<p><B>Baro\u0161anas ieteikumi<\/B>: Pasniedziet k\u0101 porciju k\u0101rumu vai k\u0101 gar\u0161as bag\u0101tin\u0101t\u0101ju pamatbar\u012bbai. Vienm\u0113r p\u0101rliecinieties, ka ka\u0137im ir svaigs \u016bdens.<\/p>\n<p>Ieteicam\u0101 dienas deva \u2013 l\u012bdz 4 paci\u0146\u0101m.<\/p>","protected":false},"excerpt":{"rendered":"<p>79215694 6921959215694<\/p>\n","protected":false},"featured_media":2364361,"comment_status":"closed","ping_status":"closed","template":"","meta":{"inline_featured_image":false},"product_cat":[237,238,236],"product_tag":[],"_links":{"self":[{"href":"https:\/\/petfest.ee\/lv\/wp-json\/wp\/v2\/product\/2364343"}],"collection":[{"href":"https:\/\/petfest.ee\/lv\/wp-json\/wp\/v2\/product"}],"about":[{"href":"https:\/\/petfest.ee\/lv\/wp-json\/wp\/v2\/types\/product"}],"replies":[{"embeddable":true,"href":"https:\/\/petfest.ee\/lv\/wp-json\/wp\/v2\/comments?post=2364343"}],"wp:featuredmedia":[{"embeddable":true,"href":"https:\/\/petfest.ee\/lv\/wp-json\/wp\/v2\/media\/2364361"}],"wp:attachment":[{"href":"https:\/\/petfest.ee\/lv\/wp-json\/wp\/v2\/media?parent=2364343"}],"wp:term":[{"taxonomy":"product_cat","embeddable":true,"href":"https:\/\/petfest.ee\/lv\/wp-json\/wp\/v2\/product_cat?post=2364343"},{"taxonomy":"product_tag","embeddable":true,"href":"https:\/\/petfest.ee\/lv\/wp-json\/wp\/v2\/product_tag?post=2364343"}],"curies":[{"name":"wp","href":"https:\/\/api.w.org\/{rel}","templated":true}]}}