{"id":2364337,"date":"2026-04-24T06:43:27","date_gmt":"2026-04-24T06:43:27","guid":{"rendered":""},"modified":"2026-04-24T06:43:27","modified_gmt":"2026-04-24T06:43:27","slug":"catfest-vedel-maius-kanaga-ja-kalamarjaga-4-10g","status":"publish","type":"product","link":"https:\/\/petfest.ee\/lv\/p\/kremigas-uzkodas-ar-vistu-un-ikriem-4-10-g\/","title":{"rendered":"Kr\u0113m\u012bgas uzkodas ar vistu un ikriem, 4 \u00d7 10 g"},"content":{"rendered":"<p>Maigs kr\u0113ms no augst\u0101k\u0101s kvalit\u0101tes vistas ga\u013cas ar \u012bstu delikatesi \u2014 lidojo\u0161o zivju ikriem \u2014 iepriecin\u0101s j\u016bsu ka\u0137i ar spilgtu un bag\u0101t\u012bgu gar\u0161u. T\u0101 sast\u0101v\u0101 ir tikai augstas kvalit\u0101tes dab\u012bgas sast\u0101vda\u013cas, kas nodro\u0161ina j\u016bsu m\u012blulim ne tikai lielisku gar\u0161u, bet ar\u012b nepiecie\u0161am\u0101s bar\u012bbas vielas. Pateicoties sast\u0101vam, \u0161\u012b kr\u0113mveida uzkoda uzlabo ka\u0137a apmatojuma, \u0101das un nagu st\u0101vokli un kalpo k\u0101 papildu mikroelementu un mitruma avots. \u0112rts iepakojums \u013cauj baud\u012bt neaizmirstamus mirk\u013cus, barojot m\u012bluli tie\u0161i no paci\u0146as.<\/p>\n<p><B>Sast\u0101vs<\/B>: Vistas ga\u013ca 45,5%, lidojo\u0161o zivju ikri 4%, augu izcelsmes atvasin\u0101jumi, vistas tauki, rauga ekstrakts, miner\u0101lvielas.<\/p>\n<p><B>Uztura piedevas (mg\/kg)<\/B>: taur\u012bns 500, E vitam\u012bns 500.<\/p>\n<p><B>100 g satur<\/B>: olbaltumvielas \u2014 12 g; tauki \u2014 2 g; pelni \u2014 2 g; \u0161\u0137iedrvielas \u2014 1 g; mitrums \u2014 85 g.<\/p>\n<p><B>Ener\u0123\u0113tisk\u0101 v\u0113rt\u012bba 100 g<\/B>: 55 kcal.<\/p>\n<p><B>Baro\u0161anas ieteikumi<\/B>: Pasniedziet k\u0101 porciju k\u0101rumu vai pievienojiet k\u0101 gardu piedevu galvenajai bar\u012bbai. Vienm\u0113r nodro\u0161iniet svaigu \u016bdeni.<\/p>\n<p>Ieteicam\u0101 dienas norma \u2014 l\u012bdz 4 paci\u0146\u0101m.<\/p>","protected":false},"excerpt":{"rendered":"<p>79215090 6921959215090<\/p>\n","protected":false},"featured_media":2364349,"comment_status":"closed","ping_status":"closed","template":"","meta":{"inline_featured_image":false},"product_cat":[237,238,236],"product_tag":[],"_links":{"self":[{"href":"https:\/\/petfest.ee\/lv\/wp-json\/wp\/v2\/product\/2364337"}],"collection":[{"href":"https:\/\/petfest.ee\/lv\/wp-json\/wp\/v2\/product"}],"about":[{"href":"https:\/\/petfest.ee\/lv\/wp-json\/wp\/v2\/types\/product"}],"replies":[{"embeddable":true,"href":"https:\/\/petfest.ee\/lv\/wp-json\/wp\/v2\/comments?post=2364337"}],"wp:featuredmedia":[{"embeddable":true,"href":"https:\/\/petfest.ee\/lv\/wp-json\/wp\/v2\/media\/2364349"}],"wp:attachment":[{"href":"https:\/\/petfest.ee\/lv\/wp-json\/wp\/v2\/media?parent=2364337"}],"wp:term":[{"taxonomy":"product_cat","embeddable":true,"href":"https:\/\/petfest.ee\/lv\/wp-json\/wp\/v2\/product_cat?post=2364337"},{"taxonomy":"product_tag","embeddable":true,"href":"https:\/\/petfest.ee\/lv\/wp-json\/wp\/v2\/product_tag?post=2364337"}],"curies":[{"name":"wp","href":"https:\/\/api.w.org\/{rel}","templated":true}]}}