{"id":2363799,"date":"2026-04-24T06:43:27","date_gmt":"2026-04-24T06:43:27","guid":{"rendered":""},"modified":"2026-04-24T06:43:27","modified_gmt":"2026-04-24T06:43:27","slug":"catfest-tuunikala-tarretis-kammkarbiga-meal-nr4-12-x-50g","status":"publish","type":"product","link":"https:\/\/petfest.ee\/lv\/p\/catfest-tuncis-ar-juras-kemmisgliemenem-maiga-zeleja-meal-nr4-12-x-50-g\/","title":{"rendered":"CatFest Tuncis ar j\u016bras \u0137emm\u012b\u0161gliemen\u0113m maig\u0101 \u017eelej\u0101 Meal Nr4, 12 x 50 g"},"content":{"rendered":"<p>Konserv\u0113ta mitr\u0101 bar\u012bba ka\u0137iem no CatFest s\u0113rijas, kas gatavota no izsmalcin\u0101ta klus\u0101 oke\u0101na tun\u010da, ir delikatese \u012bstiem p\u016bkainajiem gard\u0113\u017eiem. Tum\u0161\u0101 tun\u010da ga\u013ca izce\u013cas ar maigu tekst\u016bru un izteikt\u0101ku arom\u0101tu, pie\u0161\u0137irot bar\u012bbai izteiktu j\u016bras zivju gar\u0161u. Pasniegta maig\u0101 \u017eelej\u0101, kas ne tikai uzlabo bar\u012bbas strukt\u016bru, bet ar\u012b veicina lab\u0101ku bar\u012bbas vielu uzs\u016bk\u0161anos.<\/p>\n<p><B>Sast\u0101vs<\/B>: Tuncis 60 %, j\u016bras \u0137emm\u012b\u0161gliemenes 4 %, rauga ekstrakts, prebioti\u0137is FOS, an\u0161ovu e\u013c\u013ca, miner\u0101lvielas.<br \/>\nUztura piedevas (mg\/kg): E vitam\u012bns \u2013 1 000, taur\u012bns \u2013 1 000<\/p>\n<p><B>Anal\u012btiskie komponenti<\/B>: j\u0113lprote\u012bns 10%, j\u0113ltauki 0.5%, j\u0113lpelni 1,5%, j\u0113l\u0161\u0137iedra 1%, mitrums 88%.<\/p>\n<p><B>Lieto\u0161ana<\/B>: Ide\u0101li piem\u0113rots k\u0101 papildbar\u012bba visiem pieaugu\u0161iem m\u0101jas ka\u0137iem, ieskaitot steriliz\u0113tus un kastr\u0113tus, k\u0101 ar\u012b ka\u0137iem ar aler\u0123ij\u0101m un gremo\u0161anas probl\u0113m\u0101m. Pasniedz pie istabas temperat\u016bras. Uzglab\u0101t v\u0113s\u0101 un saus\u0101 viet\u0101. Ieteicams dot l\u012bdz 3 paci\u0146\u0101m dien\u0101. P\u0101rliecinieties, ka j\u016bsu m\u0101jdz\u012bvniekam vienm\u0113r ir pieejams svaigs \u016bdens.<\/p>","protected":false},"excerpt":{"rendered":"<p>79217964 6921959217964<\/p>\n","protected":false},"featured_media":2363980,"comment_status":"closed","ping_status":"closed","template":"","meta":{"inline_featured_image":false},"product_cat":[238,236],"product_tag":[],"_links":{"self":[{"href":"https:\/\/petfest.ee\/lv\/wp-json\/wp\/v2\/product\/2363799"}],"collection":[{"href":"https:\/\/petfest.ee\/lv\/wp-json\/wp\/v2\/product"}],"about":[{"href":"https:\/\/petfest.ee\/lv\/wp-json\/wp\/v2\/types\/product"}],"replies":[{"embeddable":true,"href":"https:\/\/petfest.ee\/lv\/wp-json\/wp\/v2\/comments?post=2363799"}],"wp:featuredmedia":[{"embeddable":true,"href":"https:\/\/petfest.ee\/lv\/wp-json\/wp\/v2\/media\/2363980"}],"wp:attachment":[{"href":"https:\/\/petfest.ee\/lv\/wp-json\/wp\/v2\/media?parent=2363799"}],"wp:term":[{"taxonomy":"product_cat","embeddable":true,"href":"https:\/\/petfest.ee\/lv\/wp-json\/wp\/v2\/product_cat?post=2363799"},{"taxonomy":"product_tag","embeddable":true,"href":"https:\/\/petfest.ee\/lv\/wp-json\/wp\/v2\/product_tag?post=2363799"}],"curies":[{"name":"wp","href":"https:\/\/api.w.org\/{rel}","templated":true}]}}