{"id":2363756,"date":"2026-04-24T06:43:27","date_gmt":"2026-04-24T06:43:27","guid":{"rendered":""},"modified":"2026-04-24T06:43:27","modified_gmt":"2026-04-24T06:43:27","slug":"catfest-dental-krobedad-padjakesed-veiselihaga-30g","status":"publish","type":"product","link":"https:\/\/petfest.ee\/lv\/p\/catfest-dental-kraukskigie-spilventini-ar-liellopu-galu-30g\/","title":{"rendered":"CatFest Dental Krauk\u0161\u0137\u012bgie Spilventi\u0146i ar liellopu ga\u013cu, 30g."},"content":{"rendered":"<p>Krauk\u0161\u0137\u012bgas spilventi\u0146i ar liellopa ga\u013cas kr\u0113mu efekt\u012bvi no\u0146em aplikumu, pateicoties porainajai strukt\u016brai, nov\u0113r\u0161 zobakmens veido\u0161anos un atsvaidzina elpu. Maig\u0101 ga\u013cas pild\u012bjuma d\u0113\u013c t\u0101s k\u013c\u016bst par ka\u0137u iecien\u012btu k\u0101rumu. Tagad zobu t\u012br\u012b\u0161ana ir ne tikai vienk\u0101r\u0161a, bet ar\u012b gard\u0101!<br \/>\n<B>Sast\u0101vs<\/B>: kukur\u016bzas milti, kartupe\u013cu milti, r\u012bsu milti, olu dzeltenuma milti, zivju milti, liellopu ga\u013cas milti 5%, garnelju milti, e\u013c\u013cas un tauki, sojas e\u013c\u013ca, gran\u0101t\u0101bolu s\u0113klu milti, dz\u0113rve\u0146u milti, spin\u0101ti (hlorofila avots).<br \/>\n<B>Anal\u012btiskie komponenti<\/B>: j\u0113lolbaltumvielas \u2013 20%, tauki 15%, j\u0113l\u0161\u0137iedrvielas 2,5%, j\u0113lpelni 4%, mitrums \u2013 10%<\/p>\n<p><B>Lieto\u0161ana<\/B>: Maksim\u0101l\u0101 dienas deva: 1-2 gab. Piel\u0101gojiet daudzumu atbilsto\u0161i m\u0101jdz\u012bvnieka kond\u012bcijai un vajadz\u012bb\u0101m. Vienm\u0113r j\u0101b\u016bt pieejamam svaigam dzeramajam \u016bdenim. Neatst\u0101jiet ka\u0137i bez uzraudz\u012bbas ar k\u0101rumu un k\u0101rumu iepakojumu. Nelietot uztur\u0101 sk\u0101bek\u013ca absorb\u0113t\u0101ju, kas atrodas k\u0101rumu iepakojum\u0101. Uzglab\u0101t v\u0113s\u0101 un saus\u0101 viet\u0101, p\u0113c atv\u0113r\u0161anas atk\u0101rtoti nosl\u0113gt un uzglab\u0101t ledusskap\u012b.<\/p>","protected":false},"excerpt":{"rendered":"<p>79212716 6921959212716<\/p>\n","protected":false},"featured_media":2363972,"comment_status":"closed","ping_status":"closed","template":"","meta":{"inline_featured_image":false},"product_cat":[237,236],"product_tag":[],"_links":{"self":[{"href":"https:\/\/petfest.ee\/lv\/wp-json\/wp\/v2\/product\/2363756"}],"collection":[{"href":"https:\/\/petfest.ee\/lv\/wp-json\/wp\/v2\/product"}],"about":[{"href":"https:\/\/petfest.ee\/lv\/wp-json\/wp\/v2\/types\/product"}],"replies":[{"embeddable":true,"href":"https:\/\/petfest.ee\/lv\/wp-json\/wp\/v2\/comments?post=2363756"}],"wp:featuredmedia":[{"embeddable":true,"href":"https:\/\/petfest.ee\/lv\/wp-json\/wp\/v2\/media\/2363972"}],"wp:attachment":[{"href":"https:\/\/petfest.ee\/lv\/wp-json\/wp\/v2\/media?parent=2363756"}],"wp:term":[{"taxonomy":"product_cat","embeddable":true,"href":"https:\/\/petfest.ee\/lv\/wp-json\/wp\/v2\/product_cat?post=2363756"},{"taxonomy":"product_tag","embeddable":true,"href":"https:\/\/petfest.ee\/lv\/wp-json\/wp\/v2\/product_tag?post=2363756"}],"curies":[{"name":"wp","href":"https:\/\/api.w.org\/{rel}","templated":true}]}}