{"id":2363740,"date":"2026-04-24T06:43:27","date_gmt":"2026-04-24T06:43:27","guid":{"rendered":""},"modified":"2026-04-24T06:43:27","modified_gmt":"2026-04-24T06:43:27","slug":"dogfest-dental-narimisrull-veiselihaga-taiskasvanud-koertele-100g","status":"publish","type":"product","link":"https:\/\/petfest.ee\/lv\/p\/dogfest-dental-koslajama-rulete-ar-liellopu-galu-pieaugusiem-suniem-100g\/","title":{"rendered":"DogFest Dental Ko\u0161\u013c\u0101jam\u0101 rulete ar liellopu ga\u013cu pieaugu\u0161iem su\u0146iem, 100g"},"content":{"rendered":"<p>\u012apa\u0161i porain\u0101 liellopa ga\u013cas ru\u013c\u013cu strukt\u016bra efekt\u012bvi not\u012bra visu zobu virsmu no aplikuma, nov\u0113r\u0161ot zobakmens un kariesa veido\u0161anos. Su\u0146i m\u012bl \u0161os k\u0101rumus to bag\u0101t\u012bg\u0101s ga\u013cas smar\u017eas d\u0113\u013c. Tagad zobu t\u012br\u012b\u0161ana ir ne tikai vienk\u0101r\u0161a, bet ar\u012b gar\u0161\u012bga! \u0160is k\u0101rums paredz\u0113ts pieaugu\u0161iem visu \u0161\u0137ir\u0146u su\u0146iem.<br \/>\nSAST\u0100VS: Liellopu galu 8.8 %, augu valsts izcelsmes produkti, miner\u0101lvielas, dab\u012bgs konservants.<br \/>\nGARANT\u0112T\u0100 ANAL\u012aZE, %: neapstr\u0101d\u0101ts prote\u012bns 10, neapstr\u0101d\u0101ti tauki 8, neapstr\u0101d\u0101ta \u0161\u0137iedra 1.5, neapstr\u0101d\u0101ti pelni 4, mitrums 15.<br \/>\n<B>Lieto\u0161ana<\/B>: Pasniedz visas dienas garum\u0101 k\u0101 cienastu. Maksim\u0101l\u0101 dienas deva: 1-2 gab. Piel\u0101gojiet daudzumu atbilsto\u0161i m\u0101jdz\u012bvnieka kond\u012bcijai un vajadz\u012bb\u0101m. Vienm\u0113r j\u0101b\u016bt pieejamam svaigam dzeramajam \u016bdenim. Neatst\u0101jiet suni bez uzraudz\u012bbas ar k\u0101rumu un k\u0101rumu iepakojumu. Nelietot uztur\u0101 sk\u0101bek\u013ca absorb\u0113t\u0101ju, kas atrodas k\u0101rumu iepakojum\u0101. Uzglab\u0101t v\u0113s\u0101 un saus\u0101 viet\u0101, p\u0113c atv\u0113r\u0161anas atk\u0101rtoti nosl\u0113gt un uzglab\u0101t ledusskap\u012b.<\/p>","protected":false},"excerpt":{"rendered":"<p>79212648 6921959212648<\/p>\n","protected":false},"featured_media":2363968,"comment_status":"closed","ping_status":"closed","template":"","meta":{"inline_featured_image":false},"product_cat":[189,192],"product_tag":[],"_links":{"self":[{"href":"https:\/\/petfest.ee\/lv\/wp-json\/wp\/v2\/product\/2363740"}],"collection":[{"href":"https:\/\/petfest.ee\/lv\/wp-json\/wp\/v2\/product"}],"about":[{"href":"https:\/\/petfest.ee\/lv\/wp-json\/wp\/v2\/types\/product"}],"replies":[{"embeddable":true,"href":"https:\/\/petfest.ee\/lv\/wp-json\/wp\/v2\/comments?post=2363740"}],"wp:featuredmedia":[{"embeddable":true,"href":"https:\/\/petfest.ee\/lv\/wp-json\/wp\/v2\/media\/2363968"}],"wp:attachment":[{"href":"https:\/\/petfest.ee\/lv\/wp-json\/wp\/v2\/media?parent=2363740"}],"wp:term":[{"taxonomy":"product_cat","embeddable":true,"href":"https:\/\/petfest.ee\/lv\/wp-json\/wp\/v2\/product_cat?post=2363740"},{"taxonomy":"product_tag","embeddable":true,"href":"https:\/\/petfest.ee\/lv\/wp-json\/wp\/v2\/product_tag?post=2363740"}],"curies":[{"name":"wp","href":"https:\/\/api.w.org\/{rel}","templated":true}]}}