{"id":2363689,"date":"2026-04-24T06:43:27","date_gmt":"2026-04-24T06:43:27","guid":{"rendered":""},"modified":"2026-04-24T06:43:27","modified_gmt":"2026-04-24T06:43:27","slug":"dogfest-dental-twister-pardilihaga-suurtele-koertele-100g","status":"publish","type":"product","link":"https:\/\/petfest.ee\/lv\/p\/dogfest-dental-twister-ar-pili-suniem-kuru-svars-parsniedz-20-kg-100g\/","title":{"rendered":"DogFest Dental twister ar p\u012bli su\u0146iem, kuru svars p\u0101rsniedz 20 kg, 100g"},"content":{"rendered":"<p>M\u016bsu visilg\u0101k ko\u0161\u013c\u0101jamie k\u0101rumi efekt\u012bvi no\u0146em aplikumu un nov\u0113r\u0161 zobakmens veido\u0161anos. Ga\u013cas pild\u012bjums izgatavots no r\u016bp\u012bgi atlas\u012bt\u0101m sast\u0101vda\u013c\u0101m, bez m\u0101ksl\u012bgiem konservantiem vai kr\u0101sviel\u0101m. Tagad zobu t\u012br\u012b\u0161ana ir ne tikai vienk\u0101r\u0161a, bet ar\u012b gar\u0161\u012bga!<br \/>\nSAST\u0100VS: p\u012ble 41,8%, \u017e\u0101v\u0113t\u0101 \u0101da, augu valsts izcelsmes produkti, miner\u0101lvielas.<br \/>\nGARANT\u0112T\u0100 ANAL\u012aZE, %: neapstr\u0101d\u0101ts prote\u012bns 42, neapstr\u0101d\u0101ti tauki 7, neapstr\u0101d\u0101ta \u0161\u0137iedra 3, neapstr\u0101d\u0101ti pelni 6, mitrums 18.<br \/>\n<B>Lieto\u0161ana<\/B>: Pasniedz visas dienas garum\u0101 k\u0101 cienastu. Maksim\u0101l\u0101 dienas deva: 1-2 gab. Piel\u0101gojiet daudzumu atbilsto\u0161i m\u0101jdz\u012bvnieka kond\u012bcijai un vajadz\u012bb\u0101m. Vienm\u0113r j\u0101b\u016bt pieejamam svaigam dzeramajam \u016bdenim. Neatst\u0101jiet suni bez uzraudz\u012bbas ar k\u0101rumu un k\u0101rumu iepakojumu. Nelietot uztur\u0101 sk\u0101bek\u013ca absorb\u0113t\u0101ju, kas atrodas k\u0101rumu iepakojum\u0101. Uzglab\u0101t v\u0113s\u0101 un saus\u0101 viet\u0101, p\u0113c atv\u0113r\u0161anas atk\u0101rtoti nosl\u0113gt un uzglab\u0101t ledusskap\u012b.<\/p>","protected":false},"excerpt":{"rendered":"<p>79212600 6921959212600<\/p>\n","protected":false},"featured_media":2363724,"comment_status":"closed","ping_status":"closed","template":"","meta":{"inline_featured_image":false},"product_cat":[189,192],"product_tag":[],"_links":{"self":[{"href":"https:\/\/petfest.ee\/lv\/wp-json\/wp\/v2\/product\/2363689"}],"collection":[{"href":"https:\/\/petfest.ee\/lv\/wp-json\/wp\/v2\/product"}],"about":[{"href":"https:\/\/petfest.ee\/lv\/wp-json\/wp\/v2\/types\/product"}],"replies":[{"embeddable":true,"href":"https:\/\/petfest.ee\/lv\/wp-json\/wp\/v2\/comments?post=2363689"}],"wp:featuredmedia":[{"embeddable":true,"href":"https:\/\/petfest.ee\/lv\/wp-json\/wp\/v2\/media\/2363724"}],"wp:attachment":[{"href":"https:\/\/petfest.ee\/lv\/wp-json\/wp\/v2\/media?parent=2363689"}],"wp:term":[{"taxonomy":"product_cat","embeddable":true,"href":"https:\/\/petfest.ee\/lv\/wp-json\/wp\/v2\/product_cat?post=2363689"},{"taxonomy":"product_tag","embeddable":true,"href":"https:\/\/petfest.ee\/lv\/wp-json\/wp\/v2\/product_tag?post=2363689"}],"curies":[{"name":"wp","href":"https:\/\/api.w.org\/{rel}","templated":true}]}}