{"id":2362711,"date":"2026-04-24T06:43:27","date_gmt":"2026-04-24T06:43:27","guid":{"rendered":""},"modified":"2026-04-24T06:43:27","modified_gmt":"2026-04-24T06:43:27","slug":"catfest-einekotike-lohega-zelees-margtoit-kassidele-12-x-70-g","status":"publish","type":"product","link":"https:\/\/petfest.ee\/lv\/p\/catfest-lasa-fileja-zeleja-mitra-bariba-kakiem-12-x-70-g\/","title":{"rendered":"CatFest La\u0161a fileja \u017eelej\u0101, mitr\u0101 bar\u012bba ka\u0137iem, 12 x 70 g"},"content":{"rendered":"<p>La\u0161a fileja \u017eelej\u0101 ir papildbar\u012bba pieaugu\u0161iem ka\u0137iem, bag\u0101tin\u0101ta ar noder\u012bg\u0101m viel\u0101m, lai uztur\u0113tu vesel\u012bbu un aktivit\u0101ti. Augsts kvalitat\u012bvu olbaltumvielu un vesel\u012bgo tauku saturs veicina j\u016bsu m\u0101jdz\u012bvnieka visp\u0101r\u0113jo labsaj\u016btu.<\/p>\n<p><B>Sast\u0101vs<\/B>: lasis 58%, zivju buljons 38%, prebioti\u0137i FOS, an\u0161ovu e\u013c\u013ca, vitam\u012bns E, taur\u012bns, cigori\u0146u ekstrakts, miner\u0101lvielas.<\/p>\n<p><B>Anal\u012btiskie komponenti<\/B>: j\u0113lprote\u012bns 8.5%, j\u0113ltauki 2.5%, j\u0113lpelni 1.5%, j\u0113l\u0161\u0137iedra 1%, mitrums 89%.<\/p>\n<p><B>Priek\u0161roc\u012bbas:<\/B> Lasis ir augstas kvalit\u0101tes olbaltumvielu un omega-3 tauksk\u0101bju avots, kas uzlabo \u0101das un apmatojuma st\u0101vokli un veicina sirds vesel\u012bbu. Prebioti\u0137is FOS uzlabo gremo\u0161anu un uztur zarnu mikrofloru, savuk\u0101rt cigori\u0146u ekstrakts pal\u012bdz uz\u0146emt bar\u012bbas vielas. Taur\u012bns un vitam\u012bns E nodro\u0161ina ka\u0137a redzes un im\u016bnsist\u0113mas atbalstu, uzlabojot kop\u0113jo aktivit\u0101ti un vesel\u012bbu.<\/p>\n<p><B>Lieto\u0161ana<\/B>: Ide\u0101li piem\u0113rots k\u0101 papildbar\u012bba visiem pieaugu\u0161iem m\u0101jas ka\u0137iem, ieskaitot steriliz\u0113tus un kastr\u0113tus, k\u0101 ar\u012b ka\u0137iem ar aler\u0123ij\u0101m un gremo\u0161anas probl\u0113m\u0101m. Pasniedz pie istabas temperat\u016bras. Uzglab\u0101t v\u0113s\u0101 un saus\u0101 viet\u0101. Ieteicams dot l\u012bdz 3 paci\u0146\u0101m dien\u0101. P\u0101rliecinieties, ka j\u016bsu m\u0101jdz\u012bvniekam vienm\u0113r ir pieejams svaigs \u016bdens.<\/p>","protected":false},"excerpt":{"rendered":"<p>79218916 6921959218916<\/p>\n","protected":false},"featured_media":2362713,"comment_status":"closed","ping_status":"closed","template":"","meta":{"inline_featured_image":false},"product_cat":[238,236],"product_tag":[],"_links":{"self":[{"href":"https:\/\/petfest.ee\/lv\/wp-json\/wp\/v2\/product\/2362711"}],"collection":[{"href":"https:\/\/petfest.ee\/lv\/wp-json\/wp\/v2\/product"}],"about":[{"href":"https:\/\/petfest.ee\/lv\/wp-json\/wp\/v2\/types\/product"}],"replies":[{"embeddable":true,"href":"https:\/\/petfest.ee\/lv\/wp-json\/wp\/v2\/comments?post=2362711"}],"wp:featuredmedia":[{"embeddable":true,"href":"https:\/\/petfest.ee\/lv\/wp-json\/wp\/v2\/media\/2362713"}],"wp:attachment":[{"href":"https:\/\/petfest.ee\/lv\/wp-json\/wp\/v2\/media?parent=2362711"}],"wp:term":[{"taxonomy":"product_cat","embeddable":true,"href":"https:\/\/petfest.ee\/lv\/wp-json\/wp\/v2\/product_cat?post=2362711"},{"taxonomy":"product_tag","embeddable":true,"href":"https:\/\/petfest.ee\/lv\/wp-json\/wp\/v2\/product_tag?post=2362711"}],"curies":[{"name":"wp","href":"https:\/\/api.w.org\/{rel}","templated":true}]}}