{"id":2362707,"date":"2026-04-24T06:43:27","date_gmt":"2026-04-24T06:43:27","guid":{"rendered":""},"modified":"2026-04-24T06:43:27","modified_gmt":"2026-04-24T06:43:27","slug":"catfest-einekotike-pardi-ja-lohega-zelees-margtoit-kassidele-12-x-70-g","status":"publish","type":"product","link":"https:\/\/petfest.ee\/lv\/p\/catfest-piles-fileja-ar-lasi-zeleja-mitra-kaku-bariba-12-x-70-g\/","title":{"rendered":"CatFest P\u012bles fileja ar lasi \u017eelej\u0101, mitr\u0101 ka\u0137u bar\u012bba, 12 x 70 g"},"content":{"rendered":"<p>Fil\u0113ta p\u012ble ar lasi \u017eelej\u0101 \u2013 tas ir gard\u0113\u017eu un uzturviel\u0101m bag\u0101ts \u0113diens pieaugu\u0161iem ka\u0137iem. Augsts p\u012bles un la\u0161a saturs nodro\u0161ina ka\u0137i ar nepiecie\u0161amajiem prote\u012bniem un vesel\u012bgaj\u0101m tauksk\u0101b\u0113m, pal\u012bdzot uztur\u0113t vi\u0146as vesel\u012bbu un aktivit\u0101ti.<\/p>\n<p><B>Sast\u0101vs<\/B>: p\u012ble 54%, lasis 6%, ga\u013cas buljons 38%, an\u0161ovu zivju e\u013c\u013ca, prebioti\u0137i FOS, vitam\u012bns E, taur\u012bns, cigori\u0146u ekstrakts, miner\u0101lvielas.<\/p>\n<p><B>Anal\u012btiskie komponenti<\/B>: j\u0113lprote\u012bns 11%, j\u0113ltauki 2%, j\u0113lpelni 1,5%, j\u0113l\u0161\u0137iedra 1%, mitrums 89%.<\/p>\n<p><B>Priek\u0161roc\u012bbas:<\/B> p\u012ble un lasis ir v\u0113rt\u012bgi prote\u012bna avoti, kas pal\u012bdz uztur\u0113t musku\u013cu masu un visp\u0101r\u0113jo aktivit\u0101ti. Prebioti\u0137is FOS uzlabo gremo\u0161anu un veicina zarnu mikrofloras vesel\u012bbu. An\u0161ovu e\u013c\u013ca nodro\u0161ina neaizvietojam\u0101s omega-3 tauksk\u0101bes, kas ir labv\u0113l\u012bgas ka\u0137a \u0101dai un ka\u017eokam.<\/p>\n<p><B>Lieto\u0161ana<\/B>:  Ide\u0101li piem\u0113rots k\u0101 papildbar\u012bba visiem pieaugu\u0161iem m\u0101jas ka\u0137iem, ieskaitot steriliz\u0113tus un kastr\u0113tus, k\u0101 ar\u012b ka\u0137iem ar aler\u0123ij\u0101m un gremo\u0161anas probl\u0113m\u0101m. Pasniedz pie istabas temperat\u016bras. Uzglab\u0101t v\u0113s\u0101 un saus\u0101 viet\u0101. Ieteicams dot l\u012bdz 3 paci\u0146\u0101m dien\u0101. P\u0101rliecinieties, ka j\u016bsu m\u0101jdz\u012bvniekam vienm\u0113r ir pieejams svaigs \u016bdens.<\/p>","protected":false},"excerpt":{"rendered":"<p>79218909 6921959218909<\/p>\n","protected":false},"featured_media":2362709,"comment_status":"closed","ping_status":"closed","template":"","meta":{"inline_featured_image":false},"product_cat":[238,236],"product_tag":[],"_links":{"self":[{"href":"https:\/\/petfest.ee\/lv\/wp-json\/wp\/v2\/product\/2362707"}],"collection":[{"href":"https:\/\/petfest.ee\/lv\/wp-json\/wp\/v2\/product"}],"about":[{"href":"https:\/\/petfest.ee\/lv\/wp-json\/wp\/v2\/types\/product"}],"replies":[{"embeddable":true,"href":"https:\/\/petfest.ee\/lv\/wp-json\/wp\/v2\/comments?post=2362707"}],"wp:featuredmedia":[{"embeddable":true,"href":"https:\/\/petfest.ee\/lv\/wp-json\/wp\/v2\/media\/2362709"}],"wp:attachment":[{"href":"https:\/\/petfest.ee\/lv\/wp-json\/wp\/v2\/media?parent=2362707"}],"wp:term":[{"taxonomy":"product_cat","embeddable":true,"href":"https:\/\/petfest.ee\/lv\/wp-json\/wp\/v2\/product_cat?post=2362707"},{"taxonomy":"product_tag","embeddable":true,"href":"https:\/\/petfest.ee\/lv\/wp-json\/wp\/v2\/product_tag?post=2362707"}],"curies":[{"name":"wp","href":"https:\/\/api.w.org\/{rel}","templated":true}]}}