{"id":2362702,"date":"2026-04-24T06:43:27","date_gmt":"2026-04-24T06:43:27","guid":{"rendered":""},"modified":"2026-04-24T06:43:27","modified_gmt":"2026-04-24T06:43:27","slug":"catfest-einekotike-lohe-ja-kaheksajalaga-zelees-margtoit-kassidele-12-x-70-g","status":"publish","type":"product","link":"https:\/\/petfest.ee\/lv\/p\/catfest-lasa-fileja-ar-astonkajiem-zeleja-mitra-kaku-bariba-12-x-70-g\/","title":{"rendered":"CatFest La\u0161a fileja ar asto\u0146k\u0101jiem \u017eelej\u0101, mitr\u0101 ka\u0137u bar\u012bba, 12 x 70 g"},"content":{"rendered":"<p>Savva\u013cas lasis ar asto\u0146k\u0101jiem \u017eelej\u0101 ir delik\u0101ts un uzturviel\u0101m bag\u0101ts bar\u012bba pieaugu\u0161iem ka\u0137iem. Augsts lasis un asto\u0146k\u0101ju saturs nodro\u0161ina ka\u0137im nepiecie\u0161am\u0101s olbaltumvielas un der\u012bg\u0101s tauksk\u0101bes, atbalstot t\u0101s vesel\u012bbu un aktivit\u0101ti. Pasniedz k\u0101 papildbar\u012bbu.<\/p>\n<p><B>Sast\u0101vs<\/B>: lasis 54%, asto\u0146k\u0101js 6%, zivju buljons 38%, an\u0161ovu zivju e\u013c\u013ca, FOS prebiotikas, E vitam\u012bns, taur\u012bns, cikorijas ekstrakts, miner\u0101li.<\/p>\n<p><B>Anal\u012btiskie komponenti<\/B>: izejvielu olbaltumvielas 8,5%, izejvielu tauki 2,5%, izejvielu pelni 1,5%, izejvielu \u0161\u0137iedrvielas 1%, mitrums 89%.<\/p>\n<p><B>Priek\u0161roc\u012bbas:<\/B> Lasis ir bag\u0101ts ar omega-3 tauksk\u0101b\u0113m, kas atbalsta \u0101das vesel\u012bbu un spalvas mirdzumu. FOS prebiotikas uzlabo gremo\u0161anu un uztur vesel\u012bgu zarnu mikrofloru. Asto\u0146k\u0101js pievieno ori\u0123in\u0101lu gar\u0161u un tekst\u016bru, padarot bar\u012bbu v\u0113l pievilc\u012bg\u0101ku ka\u0137iem. Cikorija samazina ka\u0137u ekskrementu smaku, pal\u012bdzot uztur\u0113t svaigu gaisa kvalit\u0101ti blakus pakai\u0161iem.<\/p>\n<p><B>Lieto\u0161ana<\/B>: Ide\u0101li piem\u0113rots k\u0101 papildbar\u012bba visiem pieaugu\u0161iem m\u0101jas ka\u0137iem, ieskaitot steriliz\u0113tus un kastr\u0113tus, k\u0101 ar\u012b ka\u0137iem ar aler\u0123ij\u0101m un gremo\u0161anas probl\u0113m\u0101m. Pasniedz pie istabas temperat\u016bras. Uzglab\u0101t v\u0113s\u0101 un saus\u0101 viet\u0101. Ieteicams dot l\u012bdz 3 paci\u0146\u0101m dien\u0101. P\u0101rliecinieties, ka j\u016bsu m\u0101jdz\u012bvniekam vienm\u0113r ir pieejams svaigs \u016bdens.<\/p>","protected":false},"excerpt":{"rendered":"<p>79218947 6921959218947<\/p>\n","protected":false},"featured_media":2362704,"comment_status":"closed","ping_status":"closed","template":"","meta":{"inline_featured_image":false},"product_cat":[238,236],"product_tag":[],"_links":{"self":[{"href":"https:\/\/petfest.ee\/lv\/wp-json\/wp\/v2\/product\/2362702"}],"collection":[{"href":"https:\/\/petfest.ee\/lv\/wp-json\/wp\/v2\/product"}],"about":[{"href":"https:\/\/petfest.ee\/lv\/wp-json\/wp\/v2\/types\/product"}],"replies":[{"embeddable":true,"href":"https:\/\/petfest.ee\/lv\/wp-json\/wp\/v2\/comments?post=2362702"}],"wp:featuredmedia":[{"embeddable":true,"href":"https:\/\/petfest.ee\/lv\/wp-json\/wp\/v2\/media\/2362704"}],"wp:attachment":[{"href":"https:\/\/petfest.ee\/lv\/wp-json\/wp\/v2\/media?parent=2362702"}],"wp:term":[{"taxonomy":"product_cat","embeddable":true,"href":"https:\/\/petfest.ee\/lv\/wp-json\/wp\/v2\/product_cat?post=2362702"},{"taxonomy":"product_tag","embeddable":true,"href":"https:\/\/petfest.ee\/lv\/wp-json\/wp\/v2\/product_tag?post=2362702"}],"curies":[{"name":"wp","href":"https:\/\/api.w.org\/{rel}","templated":true}]}}