{"id":2362690,"date":"2026-04-24T06:43:27","date_gmt":"2026-04-24T06:43:27","guid":{"rendered":""},"modified":"2026-04-24T06:43:27","modified_gmt":"2026-04-24T06:43:27","slug":"catfest-einekotike-pardi-ja-tuunikalaga-zelees-margtoit-kassidele-12-x-70-g","status":"publish","type":"product","link":"https:\/\/petfest.ee\/lv\/p\/catfest-piles-fileja-ar-tunci-pieaugusiem-kakiem-mitra-kaku-bariba-12-x-70-g\/","title":{"rendered":"CatFest P\u012bles fileja ar tunci pieaugu\u0161iem ka\u0137iem, mitr\u0101 ka\u0137u bar\u012bba, 12 x 70 g"},"content":{"rendered":"<p>P\u012b\u013cu fileja ar tunci ir lielisks papildin\u0101jums pieaugu\u0161o ka\u0137u uztur\u0101. Augsts p\u012b\u013cu un tun\u010da saturs nodro\u0161ina sabalans\u0113tu uzturu, veicinot j\u016bsu m\u0101jdz\u012bvnieka vesel\u012bbu un uzturot vi\u0146a fizisko formu. Pasniedz k\u0101 papildbar\u012bbu.<\/p>\n<p><B>Sast\u0101vs<\/B>: p\u012b\u013cu fileja 54%, tuncis 6%, p\u012b\u013cu buljons 38%, an\u0161ovu zivju e\u013c\u013ca, FOS prebiotikas, E vitam\u012bns, taur\u012bns, cikorijas ekstrakts, miner\u0101li.<\/p>\n<p><B>Anal\u012btiskie komponenti<\/B>: izejvielu olbaltumvielas 11%, izejvielu tauki 2%, izejvielu pelni 1,5%, izejvielu \u0161\u0137iedrvielas 1%, mitrums 89%.<\/p>\n<p><B>Priek\u0161roc\u012bbas:<\/B> P\u012bles un tun\u010da kombin\u0101cija ir lielisks olbaltumvielu avots, kas pal\u012bdz uztur\u0113t musku\u013cu masu un kop\u0113jo vesel\u012bbu. FOS prebiotikas atbalsta vesel\u012bgu zarnu mikrofloru un uzlabo gremo\u0161anu. An\u0161ovu zivju e\u013c\u013ca bag\u0101tina uzturu ar omega-3 tauksk\u0101b\u0113m, kas veicina \u0101das un spalvas vesel\u012bbu. Miner\u0101lvielu piedevas stiprina kaulus un atbalsta kop\u0113jo vesel\u012bbu. Cikorija samazina ka\u0137u ekskrementu smaku, pal\u012bdzot uztur\u0113t svaigu gaisa kvalit\u0101ti blakus pakai\u0161iem.<\/p>\n<p><B>Lieto\u0161ana<\/B>: Ide\u0101li piem\u0113rots k\u0101 papildbar\u012bba visiem pieaugu\u0161iem m\u0101jas ka\u0137iem, ieskaitot steriliz\u0113tus un kastr\u0113tus, k\u0101 ar\u012b ka\u0137iem ar aler\u0123ij\u0101m un gremo\u0161anas probl\u0113m\u0101m. Pasniedz pie istabas temperat\u016bras. Uzglab\u0101t v\u0113s\u0101 un saus\u0101 viet\u0101. Ieteicams dot l\u012bdz 3 paci\u0146\u0101m dien\u0101. P\u0101rliecinieties, ka j\u016bsu m\u0101jdz\u012bvniekam vienm\u0113r ir pieejams svaigs \u016bdens.<\/p>","protected":false},"excerpt":{"rendered":"<p>79218893 6921959218893<\/p>\n","protected":false},"featured_media":2362692,"comment_status":"closed","ping_status":"closed","template":"","meta":{"inline_featured_image":false},"product_cat":[238,236],"product_tag":[],"_links":{"self":[{"href":"https:\/\/petfest.ee\/lv\/wp-json\/wp\/v2\/product\/2362690"}],"collection":[{"href":"https:\/\/petfest.ee\/lv\/wp-json\/wp\/v2\/product"}],"about":[{"href":"https:\/\/petfest.ee\/lv\/wp-json\/wp\/v2\/types\/product"}],"replies":[{"embeddable":true,"href":"https:\/\/petfest.ee\/lv\/wp-json\/wp\/v2\/comments?post=2362690"}],"wp:featuredmedia":[{"embeddable":true,"href":"https:\/\/petfest.ee\/lv\/wp-json\/wp\/v2\/media\/2362692"}],"wp:attachment":[{"href":"https:\/\/petfest.ee\/lv\/wp-json\/wp\/v2\/media?parent=2362690"}],"wp:term":[{"taxonomy":"product_cat","embeddable":true,"href":"https:\/\/petfest.ee\/lv\/wp-json\/wp\/v2\/product_cat?post=2362690"},{"taxonomy":"product_tag","embeddable":true,"href":"https:\/\/petfest.ee\/lv\/wp-json\/wp\/v2\/product_tag?post=2362690"}],"curies":[{"name":"wp","href":"https:\/\/api.w.org\/{rel}","templated":true}]}}