{"id":2362681,"date":"2026-04-24T06:43:27","date_gmt":"2026-04-24T06:43:27","guid":{"rendered":""},"modified":"2026-04-24T06:43:27","modified_gmt":"2026-04-24T06:43:27","slug":"catfest-einekotike-tuunikala-ja-krevettidega-zelees-margtoit-kassidele-12-x-70-g","status":"publish","type":"product","link":"https:\/\/petfest.ee\/lv\/p\/catfest-tuncis-ar-garnelem-zeleja-papildu-mitra-bariba-kakiem-12-x-70-g\/","title":{"rendered":"CatFest Tuncis ar Garnel\u0113m \u017eelej\u0101, papildu mitr\u0101 bar\u012bba ka\u0137iem, 12 x 70 g"},"content":{"rendered":"<p>Oke\u0101na tunzivs filejas gabali\u0146i ar maigiem veseliem garnel\u0113m \u017eelej\u0101 \u2013 dab\u012bgs \u0113diens \u012bstiem aristokr\u0101tiem. Vitam\u012bni, miner\u0101li, Omega 3\/6 tauksk\u0101bes un taur\u012bns \u2013 tas ir tikai pat\u012bkams papildin\u0101jums izsmalcin\u0101tai malt\u012btei ka\u0137iem un ka\u0137en\u0113m vis\u0101s \u0161\u0137irn\u0113s. Pasniedz k\u0101 papildbar\u012bbu.<\/p>\n<p><B>Sast\u0101vs<\/B>: tunzivs fileja 54%, zivju buljons 40%, garneles 4%, an\u0161ovu zivju e\u013c\u013ca, vitam\u012bns E, taur\u012bns, cikorijas ekstrakts.<\/p>\n<p><B>Anal\u012btiskie komponenti<\/B>: izejvielu prote\u012bns 10%, izejvielu tauki 0,8%, izejvielu \u0161\u0137iedra 1%, izejvielu pelni 1,5%, mitrums 89%, ener\u0123\u0113tisk\u0101 v\u0113rt\u012bba \u2013 45,18 kcal.<\/p>\n<p><B>Priek\u0161roc\u012bbas:<\/B> Nesatur kr\u0101svielas, konservantus un gar\u0161as pastiprin\u0101t\u0101jus. Nesatur graudus, kukur\u016bzu, soju, glut\u0113nu, blakusproduktus un \u0122MO. Taur\u012bns pozit\u012bvi ietekm\u0113 ka\u0137a sirdi, redzi, dzirdes org\u0101nus un im\u016bnsist\u0113mu. Omega-3 un omega-6 tauksk\u0101bes no an\u0161oviem veicina skaistas un vesel\u012bgas vilnas aug\u0161anu, k\u0101 ar\u012b stiprina loc\u012btavas un zobus. Cikorija samazina ka\u0137u ekskrementu smaku, pal\u012bdzot uztur\u0113t svaigu gaisu ap ka\u0137u tualeti.<\/p>\n<p><B>Lieto\u0161ana<\/B>: Piem\u0113rots k\u0101 papildbar\u012bba visiem pieaugu\u0161iem m\u0101jas ka\u0137iem, tostarp steriliz\u0113tiem un kastr\u0113tiem ka\u0137iem, k\u0101 ar\u012b ka\u0137iem ar aler\u0123ij\u0101m un gremo\u0161anas probl\u0113m\u0101m. Pasniedz istabas temperat\u016br\u0101. Uzglab\u0101t v\u0113s\u0101 un saus\u0101 viet\u0101. Ieteicams lietot l\u012bdz 3 paci\u0146\u0101m dien\u0101. Ka\u0137im vienm\u0113r j\u0101b\u016bt pieejamai svaigai \u016bdenim.<\/p>","protected":false},"excerpt":{"rendered":"<p>79218008 6921959218008<\/p>\n","protected":false},"featured_media":2362617,"comment_status":"closed","ping_status":"closed","template":"","meta":{"inline_featured_image":false},"product_cat":[238,236],"product_tag":[],"_links":{"self":[{"href":"https:\/\/petfest.ee\/lv\/wp-json\/wp\/v2\/product\/2362681"}],"collection":[{"href":"https:\/\/petfest.ee\/lv\/wp-json\/wp\/v2\/product"}],"about":[{"href":"https:\/\/petfest.ee\/lv\/wp-json\/wp\/v2\/types\/product"}],"replies":[{"embeddable":true,"href":"https:\/\/petfest.ee\/lv\/wp-json\/wp\/v2\/comments?post=2362681"}],"wp:featuredmedia":[{"embeddable":true,"href":"https:\/\/petfest.ee\/lv\/wp-json\/wp\/v2\/media\/2362617"}],"wp:attachment":[{"href":"https:\/\/petfest.ee\/lv\/wp-json\/wp\/v2\/media?parent=2362681"}],"wp:term":[{"taxonomy":"product_cat","embeddable":true,"href":"https:\/\/petfest.ee\/lv\/wp-json\/wp\/v2\/product_cat?post=2362681"},{"taxonomy":"product_tag","embeddable":true,"href":"https:\/\/petfest.ee\/lv\/wp-json\/wp\/v2\/product_tag?post=2362681"}],"curies":[{"name":"wp","href":"https:\/\/api.w.org\/{rel}","templated":true}]}}