{"id":2362673,"date":"2026-04-24T06:43:27","date_gmt":"2026-04-24T06:43:27","guid":{"rendered":""},"modified":"2026-04-24T06:43:27","modified_gmt":"2026-04-24T06:43:27","slug":"catfest-pardiliha-pasteet-margtoit-kassipoegadele-12-x-70-g","status":"publish","type":"product","link":"https:\/\/petfest.ee\/lv\/p\/catfest-duck-pastete-kakeniem-mitra-kaku-bariba-12-x-70-g\/","title":{"rendered":"CatFest Duck past\u0113te ka\u0137\u0113niem, mitr\u0101 ka\u0137u bar\u012bba, 12 x 70 g"},"content":{"rendered":"<p>\u0160is \u012bpa\u0161i izstr\u0101d\u0101tais \u0113diens ka\u0137\u0113niem satur noder\u012bgus komponentus, piem\u0113ram, p\u012bli, prebiotikas un an\u0161ovu e\u013c\u013cu, kas pal\u012bdz j\u016bsu m\u0101jdz\u012bvniekam augt veselam un ener\u0123iskam. Dab\u012bgie sast\u0101vda\u013cas un maiga bar\u012bbas tekst\u016bra nodro\u0161ina sabalans\u0113tu uzturu un atbalsta ka\u0137\u0113na pareizu att\u012bst\u012bbu. Pasniedz k\u0101 papildbar\u012bbu.<\/p>\n<p><B>Sast\u0101vs<\/B>: p\u012ble 58%, p\u012bles buljons 40 %, an\u0161ovu zivju e\u013c\u013ca, E vitam\u012bns, FOS prebiotikas, taur\u012bns, tapioka, cikorijas ekstrakts, fruktoze, miner\u0101li.<\/p>\n<p><B>Anal\u012btiskie komponenti<\/B>: izejvielu olbaltumvielas 11%, izejvielu tauki 2%, izejvielu \u0161\u0137iedrvielas 1%, izejvielu pelni 1,5%, mitrums 89%, ener\u0123\u0113tisk\u0101 v\u0113rt\u012bba \u2014 41 kcal.<\/p>\n<p><B>Priek\u0161roc\u012bbas:<\/B> \u0160is bar\u012bbas veids ir bag\u0101ts ar p\u012bles olbaltumviel\u0101m, kas veicina musku\u013cu att\u012bst\u012bbu un uztur augstu aktivit\u0101tes l\u012bmeni ka\u0137\u0113nam. Prebiotika (FOS) atbalsta vesel\u012bgu zarnu mikrofloru, bet an\u0161ovu e\u013c\u013ca, kas bag\u0101ta ar omega-3 tauksk\u0101b\u0113m, stiprina im\u016bnsist\u0113mu un uzlabo \u0101das un spalvas vesel\u012bbu. E vitam\u012bns un taur\u012bns sp\u0113l\u0113 svar\u012bgu lomu ka\u0137\u0113na sirds un redzes vesel\u012bbas uztur\u0113\u0161an\u0101.<\/p>\n<p><B>Lieto\u0161ana<\/B>: Ieteicams k\u0101 papildbar\u012bba ka\u0137\u0113niem. Pasniedz pie istabas temperat\u016bras. Uzglab\u0101t v\u0113s\u0101 un saus\u0101 viet\u0101. Barot ka\u0137\u0113nu l\u012bdz 3 paci\u0146\u0101m dien\u0101, atkar\u012bb\u0101 no t\u0101 svara un aktivit\u0101tes. P\u0101rliecinieties, ka ka\u0137\u0113nam vienm\u0113r ir pieejams svaigs \u016bdens.<\/p>","protected":false},"excerpt":{"rendered":"<p>79218978 6921959218978<\/p>\n","protected":false},"featured_media":2362675,"comment_status":"closed","ping_status":"closed","template":"","meta":{"inline_featured_image":false},"product_cat":[238,236],"product_tag":[],"_links":{"self":[{"href":"https:\/\/petfest.ee\/lv\/wp-json\/wp\/v2\/product\/2362673"}],"collection":[{"href":"https:\/\/petfest.ee\/lv\/wp-json\/wp\/v2\/product"}],"about":[{"href":"https:\/\/petfest.ee\/lv\/wp-json\/wp\/v2\/types\/product"}],"replies":[{"embeddable":true,"href":"https:\/\/petfest.ee\/lv\/wp-json\/wp\/v2\/comments?post=2362673"}],"wp:featuredmedia":[{"embeddable":true,"href":"https:\/\/petfest.ee\/lv\/wp-json\/wp\/v2\/media\/2362675"}],"wp:attachment":[{"href":"https:\/\/petfest.ee\/lv\/wp-json\/wp\/v2\/media?parent=2362673"}],"wp:term":[{"taxonomy":"product_cat","embeddable":true,"href":"https:\/\/petfest.ee\/lv\/wp-json\/wp\/v2\/product_cat?post=2362673"},{"taxonomy":"product_tag","embeddable":true,"href":"https:\/\/petfest.ee\/lv\/wp-json\/wp\/v2\/product_tag?post=2362673"}],"curies":[{"name":"wp","href":"https:\/\/api.w.org\/{rel}","templated":true}]}}