{"id":2362669,"date":"2026-04-24T06:43:27","date_gmt":"2026-04-24T06:43:27","guid":{"rendered":""},"modified":"2026-04-24T06:43:27","modified_gmt":"2026-04-24T06:43:27","slug":"catfest-kanaliha-pasteet-margtoit-kassipoegadele-12-x-70-g","status":"publish","type":"product","link":"https:\/\/petfest.ee\/lv\/p\/catfest-vistas-pastete-kakeniem-mitra-bariba-kakiem-12-x-70-g\/","title":{"rendered":"CatFest Vistas past\u0113te ka\u0137\u0113niem, mitr\u0101 bar\u012bba ka\u0137iem, 12 x 70 g"},"content":{"rendered":"<p>\u0160is \u012bpa\u0161i izstr\u0101d\u0101tais \u0113diens ka\u0137\u0113niem ir rad\u012bts p\u0113c unik\u0101las receptes un pied\u0101v\u0101 maigu tekst\u016bru, kas ide\u0101li piem\u0113rota mazajiem m\u0101jdz\u012bvniekiem. Dab\u012bgais sast\u0101vs ar noder\u012bg\u0101m piedev\u0101m atbalsta j\u016bsu ka\u0137\u0113nu akt\u012bv\u0101s aug\u0161anas posm\u0101, nodro\u0161inot to ar ener\u0123iju un vesel\u012bbu. Pasniedz k\u0101 papildbar\u012bbu.<\/p>\n<p><B>Sast\u0101vs<\/B>: vistas ga\u013ca 58%, vistas buljons 40 %, an\u0161ovu zivju e\u013c\u013ca, FOS prebiotikas, E vitam\u012bns, taur\u012bns, tapioka, cikorijas ekstrakts, fruktoze, miner\u0101li.<\/p>\n<p><B>Anal\u012btiskie komponenti<\/B>: izejvielu olbaltumvielas 9,5%, izejvielu tauki 1,5%, izejvielu \u0161\u0137iedrvielas 1%, izejvielu pelni 1%, mitrums 89%, ener\u0123\u0113tisk\u0101 v\u0113rt\u012bba \u2014 36,92 kcal.<\/p>\n<p><B>Priek\u0161roc\u012bbas:<\/B> \u0160is bar\u012bbas veids ir izstr\u0101d\u0101ts, \u0146emot v\u0113r\u0101 visus ka\u0137\u0113nu vajadz\u012bbas. Omega-3 un Omega-6 tauksk\u0101bes atbalsta \u0101das un spalvas vesel\u012bbu, taur\u012bns veicina sirds un redzes att\u012bst\u012bbu, bet E vitam\u012bns stiprina im\u016bnsist\u0113mu. Cikorijas ekstrakts uzlabo gremo\u0161anu, bet trikalcija fosf\u0101ts pal\u012bdz veidot stiprus kaulus.<\/p>\n<p><B>Lieto\u0161ana<\/B>: Ide\u0101li piem\u0113rots ikdienas papildbar\u012bbai visiem ka\u0137\u0113niem. Pasniedz pie istabas temperat\u016bras. Uzglab\u0101t v\u0113s\u0101 un saus\u0101 viet\u0101. Ieteicams dot 2-3 paci\u0146as dien\u0101 atkar\u012bb\u0101 no ka\u0137\u0113na vecuma un aktivit\u0101tes. P\u0101rliecinieties, ka ka\u0137\u0113nam vienm\u0113r ir pieejams svaigs \u016bdens.<\/p>","protected":false},"excerpt":{"rendered":"<p>79218954 6921959218954<\/p>\n","protected":false},"featured_media":2362671,"comment_status":"closed","ping_status":"closed","template":"","meta":{"inline_featured_image":false},"product_cat":[238,236],"product_tag":[],"_links":{"self":[{"href":"https:\/\/petfest.ee\/lv\/wp-json\/wp\/v2\/product\/2362669"}],"collection":[{"href":"https:\/\/petfest.ee\/lv\/wp-json\/wp\/v2\/product"}],"about":[{"href":"https:\/\/petfest.ee\/lv\/wp-json\/wp\/v2\/types\/product"}],"replies":[{"embeddable":true,"href":"https:\/\/petfest.ee\/lv\/wp-json\/wp\/v2\/comments?post=2362669"}],"wp:featuredmedia":[{"embeddable":true,"href":"https:\/\/petfest.ee\/lv\/wp-json\/wp\/v2\/media\/2362671"}],"wp:attachment":[{"href":"https:\/\/petfest.ee\/lv\/wp-json\/wp\/v2\/media?parent=2362669"}],"wp:term":[{"taxonomy":"product_cat","embeddable":true,"href":"https:\/\/petfest.ee\/lv\/wp-json\/wp\/v2\/product_cat?post=2362669"},{"taxonomy":"product_tag","embeddable":true,"href":"https:\/\/petfest.ee\/lv\/wp-json\/wp\/v2\/product_tag?post=2362669"}],"curies":[{"name":"wp","href":"https:\/\/api.w.org\/{rel}","templated":true}]}}