{"id":2362665,"date":"2026-04-24T06:43:27","date_gmt":"2026-04-24T06:43:27","guid":{"rendered":""},"modified":"2026-04-24T06:43:27","modified_gmt":"2026-04-24T06:43:27","slug":"catfest-tuunikala-pasteet-margtoit-kassipoegadele-12-x-70-g","status":"publish","type":"product","link":"https:\/\/petfest.ee\/lv\/p\/catfest-tunca-pastete-kakeniem-mitra-kaku-bariba-12-x-70-g\/","title":{"rendered":"CatFest Tun\u010da past\u0113te ka\u0137\u0113niem, mitr\u0101 ka\u0137u bar\u012bba, 12 x 70 g"},"content":{"rendered":"<p>Barojo\u0161a tun\u010da ar delik\u0101tu past\u0113tes tekst\u016bru ir ide\u0101li piem\u0113rota ka\u0137\u0113niem akt\u012bv\u0101s aug\u0161anas un att\u012bst\u012bbas posm\u0101. \u0160\u012b dabisk\u0101 bar\u012bba nodro\u0161ina j\u016bsu m\u0101jdz\u012bvniekam omega-3 tauksk\u0101bes, olbaltumvielas, vitam\u012bnus un miner\u0101lvielas, kas nepiecie\u0161amas vesel\u012bbas un ener\u0123ijas uztur\u0113\u0161anai. Pasniedz k\u0101 papildbar\u012bbu.<\/p>\n<p><B>Sast\u0101vs<\/B>: tunzivju fileja 58%, zivju buljons 39,9%, an\u0161ovu zivju e\u013c\u013ca, FOS prebiotikas, E vitam\u012bns, taur\u012bns, tapioka, cikorijas ekstrakts, fruktoze, miner\u0101li.<\/p>\n<p><B>Anal\u012btiskie komponenti<\/B>: izejvielu olbaltumvielas 10%, izejvielu tauki 0,8%, izejvielu \u0161\u0137iedrvielas 1%, izejvielu pelni 1,5%, mitrums 89%, ener\u0123\u0113tisk\u0101 v\u0113rt\u012bba \u2014 41,96 kcal.<\/p>\n<p><B>Priek\u0161roc\u012bbas:<\/B> \u0160is past\u0113ts ir \u012bpa\u0161i izstr\u0101d\u0101ts ka\u0137\u0113niem, nodro\u0161inot vi\u0146iem visu nepiecie\u0161amo aug\u0161anai un att\u012bst\u012bbai. Omega-3 tauksk\u0101bes veicina \u0101das un spalvas vesel\u012bbu, olbaltumvielas uztur musku\u013cu masu, bet taur\u012bns pal\u012bdz att\u012bst\u012bt redzi un sirdi. E vitam\u012bns stiprina im\u016bnsist\u0113mu, bet cikorijas ekstrakts uzlabo gremo\u0161anu.<\/p>\n<p><B>Lieto\u0161ana<\/B>: Ide\u0101li piem\u0113rots ikdienas papildbar\u012bbai visiem ka\u0137\u0113niem. Pasniedz pie istabas temperat\u016bras, lai izceltu t\u0101 gar\u0161u. Uzglab\u0101t v\u0113s\u0101 un saus\u0101 viet\u0101. Ieteicams dot 2-3 paci\u0146as dien\u0101 atkar\u012bb\u0101 no ka\u0137\u0113na vecuma un aktivit\u0101tes. P\u0101rliecinieties, ka ka\u0137\u0113nam vienm\u0113r ir pieejams svaigs \u016bdens.<\/p>","protected":false},"excerpt":{"rendered":"<p>79218961 6921959218961<\/p>\n","protected":false},"featured_media":2362667,"comment_status":"closed","ping_status":"closed","template":"","meta":{"inline_featured_image":false},"product_cat":[238,236],"product_tag":[],"_links":{"self":[{"href":"https:\/\/petfest.ee\/lv\/wp-json\/wp\/v2\/product\/2362665"}],"collection":[{"href":"https:\/\/petfest.ee\/lv\/wp-json\/wp\/v2\/product"}],"about":[{"href":"https:\/\/petfest.ee\/lv\/wp-json\/wp\/v2\/types\/product"}],"replies":[{"embeddable":true,"href":"https:\/\/petfest.ee\/lv\/wp-json\/wp\/v2\/comments?post=2362665"}],"wp:featuredmedia":[{"embeddable":true,"href":"https:\/\/petfest.ee\/lv\/wp-json\/wp\/v2\/media\/2362667"}],"wp:attachment":[{"href":"https:\/\/petfest.ee\/lv\/wp-json\/wp\/v2\/media?parent=2362665"}],"wp:term":[{"taxonomy":"product_cat","embeddable":true,"href":"https:\/\/petfest.ee\/lv\/wp-json\/wp\/v2\/product_cat?post=2362665"},{"taxonomy":"product_tag","embeddable":true,"href":"https:\/\/petfest.ee\/lv\/wp-json\/wp\/v2\/product_tag?post=2362665"}],"curies":[{"name":"wp","href":"https:\/\/api.w.org\/{rel}","templated":true}]}}