{"id":2362661,"date":"2026-04-24T06:43:27","date_gmt":"2026-04-24T06:43:27","guid":{"rendered":""},"modified":"2026-04-24T06:43:27","modified_gmt":"2026-04-24T06:43:27","slug":"catfest-einekotike-kana-ja-pardiga-zelees-margtoit-kassidele-12-x-70-g","status":"publish","type":"product","link":"https:\/\/petfest.ee\/lv\/p\/catfest-vistas-gala-ar-pili-zeleja-mitra-kaku-bariba-12-x-70-g\/","title":{"rendered":"CatFest Vistas ga\u013ca ar p\u012bli \u017eelej\u0101, mitr\u0101 ka\u0137u bar\u012bba, 12 x 70 g"},"content":{"rendered":"<p>Vistas un p\u012b\u013cu ga\u013cas \u0113diens ir \u012bsts gastronomisks prieks vispras\u012bg\u0101kajiem ka\u0137u gard\u0113\u017eiem. Maigas vistas un sul\u012bgas p\u012bles kombin\u0101cija sniegs j\u016bsu m\u0101jdz\u012bvniekam unik\u0101lu gar\u0161u, no kuras vi\u0146\u0161 nesp\u0113s atteikties. Paredz\u0113ts k\u0101 papildbar\u012bba.<\/p>\n<p><B>Sast\u0101vs<\/B>: vistas fileja 54%, p\u012ble 6%, vistas buljons 38%, an\u0161ovu zivju e\u013c\u013ca, FOS prebiotikas, E vitam\u012bns, taur\u012bns, cikorijas ekstrakts, miner\u0101li.<\/p>\n<p><B>Anal\u012btiskie komponenti<\/B>: izejas olbaltumvielas 9,5%, izejas tauki 1,5%, izejas \u0161\u0137iedrvielas 1%, izejas pelni 1%, mitrums 89%, ener\u0123ijas v\u0113rt\u012bba \u2014 45,61 kcal.<\/p>\n<p><B>Priek\u0161roc\u012bbas:<\/B> \u0160is bar\u012bbas veids ir rad\u012bts tiem, kas nov\u0113rt\u0113 dab\u012bgu un kvalitat\u012bvu uzturu. Omega-3 un Omega-6 tauksk\u0101bes no p\u012bles veicina \u0101das vesel\u012bbu un padara ka\u017eoku mirdzo\u0161u un z\u012bdainu. Taur\u012bns veicina sirds un redzes vesel\u012bbu, bet E vitam\u012bns stiprina im\u016bnsist\u0113mu. Cikorijas ekstrakts uzlabo gremo\u0161anu un samazina izk\u0101rn\u012bjumu smaku.<\/p>\n<p><B>Lieto\u0161ana<\/B>: Piem\u0113rots k\u0101 papildbar\u012bba visiem pieaugu\u0161ajiem m\u0101jas ka\u0137iem, tostarp steriliz\u0113tiem un kastr\u0113tiem, k\u0101 ar\u012b ka\u0137iem ar aler\u0123ij\u0101m un gremo\u0161anas sist\u0113mas probl\u0113m\u0101m. Pasniedziet bar\u012bbu istabas temperat\u016br\u0101, lai atkl\u0101tu t\u0101s gar\u0161u. Uzglab\u0101t v\u0113s\u0101 un saus\u0101 viet\u0101. Ieteicams dot l\u012bdz 3 paci\u0146\u0101m dien\u0101, atkar\u012bb\u0101 no m\u012blu\u013ca lieluma un aktivit\u0101tes. Nodro\u0161iniet ka\u0137im piek\u013cuvi svaigam \u016bdenim visu laiku.<\/p>","protected":false},"excerpt":{"rendered":"<p>79218060 6921959218060<\/p>\n","protected":false},"featured_media":2362663,"comment_status":"closed","ping_status":"closed","template":"","meta":{"inline_featured_image":false},"product_cat":[238,236],"product_tag":[],"_links":{"self":[{"href":"https:\/\/petfest.ee\/lv\/wp-json\/wp\/v2\/product\/2362661"}],"collection":[{"href":"https:\/\/petfest.ee\/lv\/wp-json\/wp\/v2\/product"}],"about":[{"href":"https:\/\/petfest.ee\/lv\/wp-json\/wp\/v2\/types\/product"}],"replies":[{"embeddable":true,"href":"https:\/\/petfest.ee\/lv\/wp-json\/wp\/v2\/comments?post=2362661"}],"wp:featuredmedia":[{"embeddable":true,"href":"https:\/\/petfest.ee\/lv\/wp-json\/wp\/v2\/media\/2362663"}],"wp:attachment":[{"href":"https:\/\/petfest.ee\/lv\/wp-json\/wp\/v2\/media?parent=2362661"}],"wp:term":[{"taxonomy":"product_cat","embeddable":true,"href":"https:\/\/petfest.ee\/lv\/wp-json\/wp\/v2\/product_cat?post=2362661"},{"taxonomy":"product_tag","embeddable":true,"href":"https:\/\/petfest.ee\/lv\/wp-json\/wp\/v2\/product_tag?post=2362661"}],"curies":[{"name":"wp","href":"https:\/\/api.w.org\/{rel}","templated":true}]}}