{"id":2362653,"date":"2026-04-24T06:43:27","date_gmt":"2026-04-24T06:43:27","guid":{"rendered":""},"modified":"2026-04-24T06:43:27","modified_gmt":"2026-04-24T06:43:27","slug":"catfest-einekotike-kana-ja-krevettidega-zelees-margtoit-kassidele-12-x-70-g","status":"publish","type":"product","link":"https:\/\/petfest.ee\/lv\/p\/catfest-vistas-gala-ar-garnelem-zeleja-mitra-bariba-kakiem-12-x-70-g\/","title":{"rendered":"CatFest Vistas ga\u013ca ar garnel\u0113m \u017eelej\u0101, mitr\u0101 bar\u012bba ka\u0137iem, 12 x 70 g"},"content":{"rendered":"<p>Pilnv\u0113rt\u012bgs \u0113diens no vistas ga\u013cas gabali\u0146iem un veseliem garnel\u0113m sniegs j\u016bsu m\u0101jdz\u012bvniekam neaizmirstamas gar\u0161as saj\u016btas. Dabisks, bag\u0101t\u012bgs gar\u0161a bez m\u0101ksl\u012bg\u0101m gar\u0161as pastiprin\u0101t\u0101jiem un konservantiem ir rad\u012bts tiem, kas r\u016bp\u0113jas par vesel\u012bgu ka\u0137a uzturu. Paredz\u0113ts k\u0101 papildbar\u012bba.<\/p>\n<p><B>Sast\u0101vs<\/B>: vistas fileja 54%, veselas garneles 4%, vistas buljons 40%, FOS prebiotikas, an\u0161ovu zivju e\u013c\u013ca, E vitam\u012bns, taur\u012bns, cikorijas ekstrakts, miner\u0101li.<\/p>\n<p><B>Anal\u012btiskie komponenti<\/B>: izejas olbaltumvielas 9,5%, izejas tauki 1,5%, izejas \u0161\u0137iedrvielas 1%, izejas pelni 1%, mitrums 89%, ener\u0123ijas v\u0113rt\u012bba \u2014 43,8 kcal.<\/p>\n<p><B>Priek\u0161roc\u012bbas:<\/B> Nep\u0101rstr\u0101d\u0101ts, bez m\u0101ksl\u012bg\u0101m kr\u0101sviel\u0101m, konservantiem un gar\u0161as pastiprin\u0101t\u0101jiem. Nesatur graudus, kukur\u016bzu, soju, glut\u0113nu, subproduktus un \u0122MO. Taur\u012bns pozit\u012bvi ietekm\u0113 sirdi, redzi, dzirdes org\u0101nus un ka\u0137a im\u016bnsist\u0113mu. Omega-3 un Omega-6 tauksk\u0101bes no an\u0161oviem veicina skaista un vesel\u012bga ka\u017eoka aug\u0161anu, k\u0101 ar\u012b stiprina loc\u012btavas un zobus. Cikorijas ekstrakts samazina ka\u0137u izk\u0101rn\u012bjumu smaku, pal\u012bdzot saglab\u0101t svaigu gaisu ap ka\u0137u tualeti.<\/p>\n<p><B>Lieto\u0161ana<\/B>: Piem\u0113rots k\u0101 papildbar\u012bba visiem pieaugu\u0161ajiem m\u0101jas ka\u0137iem, tostarp steriliz\u0113tiem un kastr\u0113tiem, k\u0101 ar\u012b ka\u0137iem ar aler\u0123ij\u0101m un gremo\u0161anas sist\u0113mas probl\u0113m\u0101m. Pasniedziet bar\u012bbu istabas temperat\u016br\u0101, lai atkl\u0101tu t\u0101s gar\u0161u. Uzglab\u0101t v\u0113s\u0101 un saus\u0101 viet\u0101. Ieteicams dot l\u012bdz 3 paci\u0146\u0101m dien\u0101, atkar\u012bb\u0101 no m\u012blu\u013ca lieluma un aktivit\u0101tes. Nodro\u0161iniet ka\u0137im piek\u013cuvi svaigam \u016bdenim visu laiku.<\/p>","protected":false},"excerpt":{"rendered":"<p>79218046 6921959218046<\/p>\n","protected":false},"featured_media":2362655,"comment_status":"closed","ping_status":"closed","template":"","meta":{"inline_featured_image":false},"product_cat":[238,236],"product_tag":[],"_links":{"self":[{"href":"https:\/\/petfest.ee\/lv\/wp-json\/wp\/v2\/product\/2362653"}],"collection":[{"href":"https:\/\/petfest.ee\/lv\/wp-json\/wp\/v2\/product"}],"about":[{"href":"https:\/\/petfest.ee\/lv\/wp-json\/wp\/v2\/types\/product"}],"replies":[{"embeddable":true,"href":"https:\/\/petfest.ee\/lv\/wp-json\/wp\/v2\/comments?post=2362653"}],"wp:featuredmedia":[{"embeddable":true,"href":"https:\/\/petfest.ee\/lv\/wp-json\/wp\/v2\/media\/2362655"}],"wp:attachment":[{"href":"https:\/\/petfest.ee\/lv\/wp-json\/wp\/v2\/media?parent=2362653"}],"wp:term":[{"taxonomy":"product_cat","embeddable":true,"href":"https:\/\/petfest.ee\/lv\/wp-json\/wp\/v2\/product_cat?post=2362653"},{"taxonomy":"product_tag","embeddable":true,"href":"https:\/\/petfest.ee\/lv\/wp-json\/wp\/v2\/product_tag?post=2362653"}],"curies":[{"name":"wp","href":"https:\/\/api.w.org\/{rel}","templated":true}]}}