{"id":2362641,"date":"2026-04-24T06:43:27","date_gmt":"2026-04-24T06:43:27","guid":{"rendered":""},"modified":"2026-04-24T06:43:27","modified_gmt":"2026-04-24T06:43:27","slug":"catfest-einekotike-tuunikala-ja-lohega-zelees-margtoit-kassidele-12-x-70-g","status":"publish","type":"product","link":"https:\/\/petfest.ee\/lv\/p\/catfest-tuncis-ar-lasi-zeleja-mitra-kaku-bariba-12-x-70-g\/","title":{"rendered":"CatFest Tuncis ar lasi \u017eelej\u0101, mitr\u0101 ka\u0137u bar\u012bba, 12 x 70 g"},"content":{"rendered":"<p>Noblo\u0161u zivju malt\u012bte, piem\u0113ram, tunzivis un la\u0161i, sniegs j\u016bsu m\u012blulim \u012bstu baudas saj\u016btu. \u0160\u012bs dab\u012bg\u0101s \u0113diena izsmalcin\u0101tais gar\u0161a p\u0101rsteigs pat vispras\u012bg\u0101kos gard\u0113\u017eus, savuk\u0101rt dab\u012bgais sast\u0101vs nodro\u0161in\u0101s vesel\u012bgu uzturu un labu pa\u0161saj\u016btu. Paredz\u0113ts k\u0101 papildbar\u012bba.<\/p>\n<p><B>Sast\u0101vs<\/B>: tunzivis 54%, la\u0161i 6%, zivju buljons 38%, FOS prebiotikas, la\u0161a zivju e\u013c\u013ca, E vitam\u012bns, taur\u012bns, cikorijas ekstrakts.<\/p>\n<p><B>Anal\u012btiskie komponenti<\/B>: izejas olbaltumvielas 10%, izejas tauki 0,8%, izejas \u0161\u0137iedrvielas 1%, izejas pelni 1,5%, mitrums 89%, ener\u0123ijas v\u0113rt\u012bba \u2014 46,45 kcal.<\/p>\n<p><B>Priek\u0161roc\u012bbas:<\/B> \u0160is bar\u012bbas produkts, bez konservantiem un m\u0101ksl\u012bg\u0101m piedev\u0101m, ir \u012bsts delikatese j\u016bsu ka\u0137im. Omega-3 un Omega-6 tauksk\u0101bes no la\u0161a veicina \u0101das vesel\u012bbu un padara ka\u017eoku sp\u012bd\u012bgu. Taur\u012bns atbalsta sirds darb\u012bbu un uzlabo redzi, bet E vitam\u012bns stiprina im\u016bnsist\u0113mu. Cikorijas ekstrakts pal\u012bdz uzlabot gremo\u0161anu un samazina ka\u0137u izk\u0101rn\u012bjumu smaku.<\/p>\n<p><B>Lieto\u0161ana<\/B>: Piem\u0113rots ikdienas baro\u0161anai pieaugu\u0161ajiem ka\u0137iem visu \u0161\u0137ir\u0146u p\u0101rst\u0101vjiem. Pasniedziet bar\u012bbu istabas temperat\u016br\u0101, lai atkl\u0101tu t\u0101s gar\u0161u. Uzglab\u0101t v\u0113s\u0101, saus\u0101 viet\u0101. Ieteicams dot l\u012bdz 3 paci\u0146\u0101m dien\u0101, atkar\u012bb\u0101 no m\u012blu\u013ca lieluma un aktivit\u0101tes. Nodro\u0161iniet ka\u0137im piek\u013cuvi svaigam \u016bdenim visu laiku.<\/p>","protected":false},"excerpt":{"rendered":"<p>79218015 6921959218015<\/p>\n","protected":false},"featured_media":2362643,"comment_status":"closed","ping_status":"closed","template":"","meta":{"inline_featured_image":false},"product_cat":[238,236],"product_tag":[],"_links":{"self":[{"href":"https:\/\/petfest.ee\/lv\/wp-json\/wp\/v2\/product\/2362641"}],"collection":[{"href":"https:\/\/petfest.ee\/lv\/wp-json\/wp\/v2\/product"}],"about":[{"href":"https:\/\/petfest.ee\/lv\/wp-json\/wp\/v2\/types\/product"}],"replies":[{"embeddable":true,"href":"https:\/\/petfest.ee\/lv\/wp-json\/wp\/v2\/comments?post=2362641"}],"wp:featuredmedia":[{"embeddable":true,"href":"https:\/\/petfest.ee\/lv\/wp-json\/wp\/v2\/media\/2362643"}],"wp:attachment":[{"href":"https:\/\/petfest.ee\/lv\/wp-json\/wp\/v2\/media?parent=2362641"}],"wp:term":[{"taxonomy":"product_cat","embeddable":true,"href":"https:\/\/petfest.ee\/lv\/wp-json\/wp\/v2\/product_cat?post=2362641"},{"taxonomy":"product_tag","embeddable":true,"href":"https:\/\/petfest.ee\/lv\/wp-json\/wp\/v2\/product_tag?post=2362641"}],"curies":[{"name":"wp","href":"https:\/\/api.w.org\/{rel}","templated":true}]}}