{"id":2362637,"date":"2026-04-24T06:43:27","date_gmt":"2026-04-24T06:43:27","guid":{"rendered":""},"modified":"2026-04-24T06:43:27","modified_gmt":"2026-04-24T06:43:27","slug":"catfest-einekotike-tuunikalaga-zelees-margtoit-kassidele-12-x-70-g","status":"publish","type":"product","link":"https:\/\/petfest.ee\/lv\/p\/catfest-tuncis-zeleja-mitra-kaku-bariba-12-x-70-g\/","title":{"rendered":"CatFest Tuncis \u017eelej\u0101, mitr\u0101 ka\u0137u bar\u012bba, 12 x 70 g"},"content":{"rendered":"<p>Savva\u013cas tunzivs \u017eelej\u0101 \u2013 \u012bsts dab\u012bgs gardums j\u016bsu ka\u0137im! Maiga tvaic\u0113ta tunzivs fileja saglab\u0101 visas vitam\u012bnus un miner\u0101lvielas, kas nepiecie\u0161amas j\u016bsu m\u0101jdz\u012bvnieka vesel\u012bbai. M\u016bsu formula ir bag\u0101tin\u0101ta ar taur\u012bnu, kas veicina j\u016bsu ka\u0137a sirds un redzes vesel\u012bbu. Pasniedz k\u0101 papildbar\u012bbu.<\/p>\n<p><B>Sast\u0101vs<\/B>: tunzivs 58%, zivju buljons 40%, an\u0161ovu zivju e\u013c\u013ca, prebiotikas FOS, vitam\u012bns E, taur\u012bns, cikorijas ekstrakts, miner\u0101li.<\/p>\n<p><B>Anal\u012btiskie komponenti<\/B>: izejvielu prote\u012bns 10%, izejvielu tauki 0,8%, izejvielu \u0161\u0137iedra 1%, izejvielu pelni 1,5%, mitrums 89%, ener\u0123\u0113tisk\u0101 v\u0113rt\u012bba \u2013 46,7 kcal.<\/p>\n<p><B>Priek\u0161roc\u012bbas:<\/B> Nesatur kr\u0101svielas, konservantus un gar\u0161as pastiprin\u0101t\u0101jus. Nesatur graudus, kukur\u016bzu, soju, glut\u0113nu, blakusproduktus un \u0122MO. Taur\u012bns pozit\u012bvi ietekm\u0113 ka\u0137a sirdi, redzi, dzirdes org\u0101nus un im\u016bnsist\u0113mu. Omega-3 un omega-6 tauksk\u0101bes no an\u0161oviem veicina skaistas un vesel\u012bgas vilnas aug\u0161anu, k\u0101 ar\u012b stiprina loc\u012btavas un zobus. Cikorija samazina ka\u0137u ekskrementu smaku, pal\u012bdzot uztur\u0113t svaigu gaisu ap ka\u0137u tualeti.<\/p>\n<p><B>Lieto\u0161ana<\/B>: Piem\u0113rots k\u0101 papildbar\u012bba visiem pieaugu\u0161iem m\u0101jas ka\u0137iem, tostarp steriliz\u0113tiem un kastr\u0113tiem ka\u0137iem, k\u0101 ar\u012b ka\u0137iem ar aler\u0123ij\u0101m un gremo\u0161anas probl\u0113m\u0101m. Pasniedz istabas temperat\u016br\u0101. Uzglab\u0101t v\u0113s\u0101 un saus\u0101 viet\u0101. Ieteicams lietot l\u012bdz 3 paci\u0146\u0101m dien\u0101. Ka\u0137im vienm\u0113r j\u0101b\u016bt pieejamai svaigai \u016bdenim.<\/p>","protected":false},"excerpt":{"rendered":"<p>79217995 6921959217995<\/p>\n","protected":false},"featured_media":2362639,"comment_status":"closed","ping_status":"closed","template":"","meta":{"inline_featured_image":false},"product_cat":[238,236],"product_tag":[],"_links":{"self":[{"href":"https:\/\/petfest.ee\/lv\/wp-json\/wp\/v2\/product\/2362637"}],"collection":[{"href":"https:\/\/petfest.ee\/lv\/wp-json\/wp\/v2\/product"}],"about":[{"href":"https:\/\/petfest.ee\/lv\/wp-json\/wp\/v2\/types\/product"}],"replies":[{"embeddable":true,"href":"https:\/\/petfest.ee\/lv\/wp-json\/wp\/v2\/comments?post=2362637"}],"wp:featuredmedia":[{"embeddable":true,"href":"https:\/\/petfest.ee\/lv\/wp-json\/wp\/v2\/media\/2362639"}],"wp:attachment":[{"href":"https:\/\/petfest.ee\/lv\/wp-json\/wp\/v2\/media?parent=2362637"}],"wp:term":[{"taxonomy":"product_cat","embeddable":true,"href":"https:\/\/petfest.ee\/lv\/wp-json\/wp\/v2\/product_cat?post=2362637"},{"taxonomy":"product_tag","embeddable":true,"href":"https:\/\/petfest.ee\/lv\/wp-json\/wp\/v2\/product_tag?post=2362637"}],"curies":[{"name":"wp","href":"https:\/\/api.w.org\/{rel}","templated":true}]}}