{"id":2362631,"date":"2026-04-24T06:43:27","date_gmt":"2026-04-24T06:43:27","guid":{"rendered":""},"modified":"2026-04-24T06:43:27","modified_gmt":"2026-04-24T06:43:27","slug":"dogfest-kana-ja-pardiliha-medaljonid-koikidele-koertele-90g","status":"publish","type":"product","link":"https:\/\/petfest.ee\/lv\/p\/vistas-un-piles-galas-medaljoni-90g\/","title":{"rendered":"Vistas un p\u012bles ga\u013cas medaljoni, 90g"},"content":{"rendered":"<p>Meda\u013coni, kas izgatavoti no augstas kvalit\u0101tes vistas un p\u012bles ga\u013cas, ir dab\u012bgs na\u0161\u0137is su\u0146iem, kas b\u016bs lielisks papildin\u0101jums vi\u0146u uzturam. Maiga tekst\u016bra un \u0113rts form\u0101ts padara \u0161os meda\u013conus ide\u0101li piem\u0113rotus k\u0101 atl\u012bdz\u012bbu treni\u0146u laik\u0101 vai vienk\u0101r\u0161i k\u0101 r\u016bpes un m\u012blest\u012bbas izpausmi j\u016bsu m\u0101jdz\u012bvniekam.<\/p>\n<p><B>Sast\u0101vs<\/B>: vistas ga\u013ca 36,7%, p\u012bles ga\u013ca 36,7%, augu blakusproduktus, miner\u0101li.<\/p>\n<p><B>Anal\u012btiskie komponenti<\/B>: olbaltumvielas 36%, tauki 6%, mitrums 21%, \u0161\u0137iedrvielas 1%, pelni 5%, ener\u0123ijas v\u0113rt\u012bba \u2013 314 kcal.<\/p>\n<p><B>Priek\u0161roc\u012bbas:<\/B> Nesatur m\u0101ksl\u012bgus kr\u0101svielas, konservantus vai gar\u0161as pastiprin\u0101t\u0101jus. Augsts olbaltumvielu saturs pal\u012bdz stiprin\u0101t musku\u013cus un atbalst\u012bt su\u0146a akt\u012bvo dz\u012bvesveidu. Sabalans\u0113tais sast\u0101vs nodro\u0161ina m\u0101jdz\u012bvniekam nepiecie\u0161amo ener\u0123iju un bar\u012bbas vielas.<\/p>\n<p><B>Lieto\u0161ana<\/B>: Piem\u0113rots k\u0101 papildu na\u0161\u0137is vis\u0101m \u0161\u0137irn\u0113m un vecuma grup\u0101m su\u0146iem. Ieteicams lietot m\u0113renos daudzumos k\u0101 atl\u012bdz\u012bbu vai na\u0161\u0137i. Uzglab\u0101t v\u0113s\u0101, saus\u0101 viet\u0101. Vienm\u0113r nodro\u0161iniet m\u0101jdz\u012bvniekam svaigu \u016bdeni.<\/p>","protected":false},"excerpt":{"rendered":"<p>79214925 6921959214925<\/p>\n","protected":false},"featured_media":2362736,"comment_status":"closed","ping_status":"closed","template":"","meta":{"inline_featured_image":false},"product_cat":[189,190,192,191],"product_tag":[],"_links":{"self":[{"href":"https:\/\/petfest.ee\/lv\/wp-json\/wp\/v2\/product\/2362631"}],"collection":[{"href":"https:\/\/petfest.ee\/lv\/wp-json\/wp\/v2\/product"}],"about":[{"href":"https:\/\/petfest.ee\/lv\/wp-json\/wp\/v2\/types\/product"}],"replies":[{"embeddable":true,"href":"https:\/\/petfest.ee\/lv\/wp-json\/wp\/v2\/comments?post=2362631"}],"wp:featuredmedia":[{"embeddable":true,"href":"https:\/\/petfest.ee\/lv\/wp-json\/wp\/v2\/media\/2362736"}],"wp:attachment":[{"href":"https:\/\/petfest.ee\/lv\/wp-json\/wp\/v2\/media?parent=2362631"}],"wp:term":[{"taxonomy":"product_cat","embeddable":true,"href":"https:\/\/petfest.ee\/lv\/wp-json\/wp\/v2\/product_cat?post=2362631"},{"taxonomy":"product_tag","embeddable":true,"href":"https:\/\/petfest.ee\/lv\/wp-json\/wp\/v2\/product_tag?post=2362631"}],"curies":[{"name":"wp","href":"https:\/\/api.w.org\/{rel}","templated":true}]}}