{"id":2362604,"date":"2026-04-24T06:43:27","date_gmt":"2026-04-24T06:43:27","guid":{"rendered":""},"modified":"2026-04-24T06:43:27","modified_gmt":"2026-04-24T06:43:27","slug":"dogfest-kanaliha-medaljonid-keskmistele-ja-suurtele-koertele-90g","status":"publish","type":"product","link":"https:\/\/petfest.ee\/lv\/p\/dogfest-vistas-medaljoni-videjam-un-lielam-sunu-skirnem-90g\/","title":{"rendered":"DogFest Vistas medaljoni vid\u0113j\u0101m un liel\u0101m su\u0146u \u0161\u0137irn\u0113m, 90g"},"content":{"rendered":"<p>Aicin\u0101jums treni\u0146os, atzin\u012bba par jaunajiem sasniegumiem vai vienk\u0101r\u0161i veids, k\u0101 izteikt savu m\u012blest\u012bbu &#8211; vistas fileja meda\u013coni b\u016bs neat\u0146emama da\u013ca jebkur\u0101 situ\u0101cij\u0101.<br \/>\n<B>Sast\u0101vs<\/B>: vistas fileja 87,8%, augu izcelsmes produkti, miner\u0101li.<br \/>\n<B>Anal\u012btiskie komponenti<\/B>: siers olbaltums 35%, tauki 7%, siers \u0161\u0137iedra 1%, siers pelni 6%, mitruma 16%, ener\u0123\u0113tisk\u0101 v\u0113rt\u012bba &#8211; 314 kcal.<br \/>\n<B>Lieto\u0161ana<\/B>: Snack pirmo dienu. Maksim\u0101lais dienas pat\u0113ri\u0146\u0161: 1-2 vien\u012bbas. Regul\u0113jiet daudzumu atbilsto\u0161i j\u016bsu m\u0101jdz\u012bvnieka vajadz\u012bb\u0101m un st\u0101voklim. Svaigam \u016bdenim vienm\u0113r ir j\u0101b\u016bt pieejamam. Neatst\u0101jiet suni bez uzraudz\u012bbas ar uzkod\u0101m un ar uzkod\u0101m. Nepie\u013caujiet, lai suns \u0113d degsmoni, kas atrodas iepakojum\u0101. Uzglab\u0101t saus\u0101 un v\u0113s\u0101 viet\u0101, p\u0113c a\u00e7 k\u0101 a  piecv\u0113\u0161  das<\/p>","protected":false},"excerpt":{"rendered":"<p>79711151 6921499711151<\/p>\n","protected":false},"featured_media":2362605,"comment_status":"closed","ping_status":"closed","template":"","meta":{"inline_featured_image":false},"product_cat":[189,192],"product_tag":[],"_links":{"self":[{"href":"https:\/\/petfest.ee\/lv\/wp-json\/wp\/v2\/product\/2362604"}],"collection":[{"href":"https:\/\/petfest.ee\/lv\/wp-json\/wp\/v2\/product"}],"about":[{"href":"https:\/\/petfest.ee\/lv\/wp-json\/wp\/v2\/types\/product"}],"replies":[{"embeddable":true,"href":"https:\/\/petfest.ee\/lv\/wp-json\/wp\/v2\/comments?post=2362604"}],"wp:featuredmedia":[{"embeddable":true,"href":"https:\/\/petfest.ee\/lv\/wp-json\/wp\/v2\/media\/2362605"}],"wp:attachment":[{"href":"https:\/\/petfest.ee\/lv\/wp-json\/wp\/v2\/media?parent=2362604"}],"wp:term":[{"taxonomy":"product_cat","embeddable":true,"href":"https:\/\/petfest.ee\/lv\/wp-json\/wp\/v2\/product_cat?post=2362604"},{"taxonomy":"product_tag","embeddable":true,"href":"https:\/\/petfest.ee\/lv\/wp-json\/wp\/v2\/product_tag?post=2362604"}],"curies":[{"name":"wp","href":"https:\/\/api.w.org\/{rel}","templated":true}]}}