{"id":2362602,"date":"2026-04-24T06:43:27","date_gmt":"2026-04-24T06:43:27","guid":{"rendered":""},"modified":"2026-04-24T06:43:27","modified_gmt":"2026-04-24T06:43:27","slug":"dogfest-kaltsiumikondid-kuulikulihaga-keskmistele-ja-suurtele-koertele-90g","status":"publish","type":"product","link":"https:\/\/petfest.ee\/lv\/p\/dogfest-kalcija-kauls-ar-trusu-videjo-un-lielu-skirnu-suniem-90-g\/","title":{"rendered":"DogFest  Kalcija kauls ar tru\u0161u vid\u0113jo un lielu \u0161\u0137ir\u0146u su\u0146iem, 90 g"},"content":{"rendered":"<p>Lielisks labuma un gar\u0161as kokteilis &#8211; kalcija kauli\u0146\u0161 ar di\u0113tisko tru\u0161a ga\u013cu. \u0160is zemu kaloriju gardumi\u0146\u0161 patiks visiem p\u016bkainajiem, kuri v\u0113las nobraukt bez liek\u0101 svara.<br \/>\n<B>Sast\u0101vs<\/B>: tru\u0161a ga\u013ca 30,8%, vistas ga\u013ca 24%, kalcija kauli\u0146\u0161, augu izcelsmes produkti, miner\u0101li.<br \/>\n<B>Anal\u012btiskie komponenti<\/B>: siers olbaltums 23%, tauki 4%, \u0161\u0137iedrvielas 3%, siers pelni 7%, mitrums 23%, ener\u0123\u0113tisk\u0101 v\u0113rt\u012bba &#8211; 284 kcal.<br \/>\n<B>Lieto\u0161ana<\/B>: Snack pirmo dienu. Maksim\u0101lais dienas pat\u0113ri\u0146\u0161: 1-2 vien\u012bbas. Regul\u0113jiet daudzumu atbilsto\u0161i j\u016bsu m\u0101jdz\u012bvnieka vajadz\u012bb\u0101m un st\u0101voklim. Svaigam \u016bdenim vienm\u0113r ir j\u0101b\u016bt pieejamam. Nedalykite \u0161uns su u\u017ekand\u017eiais ir u\u017ekand\u017ei\u0173 pakuote. Neleiskite \u0161unui valgyti deguonies absorberio, kuris yra pakuot\u0117je. Laikykite sausoje ir v\u0117sioje vietoje, po a\u00e7<\/p>","protected":false},"excerpt":{"rendered":"<p>79214949 6921959214949<\/p>\n","protected":false},"featured_media":2362603,"comment_status":"closed","ping_status":"closed","template":"","meta":{"inline_featured_image":false},"product_cat":[189,192],"product_tag":[],"_links":{"self":[{"href":"https:\/\/petfest.ee\/lv\/wp-json\/wp\/v2\/product\/2362602"}],"collection":[{"href":"https:\/\/petfest.ee\/lv\/wp-json\/wp\/v2\/product"}],"about":[{"href":"https:\/\/petfest.ee\/lv\/wp-json\/wp\/v2\/types\/product"}],"replies":[{"embeddable":true,"href":"https:\/\/petfest.ee\/lv\/wp-json\/wp\/v2\/comments?post=2362602"}],"wp:featuredmedia":[{"embeddable":true,"href":"https:\/\/petfest.ee\/lv\/wp-json\/wp\/v2\/media\/2362603"}],"wp:attachment":[{"href":"https:\/\/petfest.ee\/lv\/wp-json\/wp\/v2\/media?parent=2362602"}],"wp:term":[{"taxonomy":"product_cat","embeddable":true,"href":"https:\/\/petfest.ee\/lv\/wp-json\/wp\/v2\/product_cat?post=2362602"},{"taxonomy":"product_tag","embeddable":true,"href":"https:\/\/petfest.ee\/lv\/wp-json\/wp\/v2\/product_tag?post=2362602"}],"curies":[{"name":"wp","href":"https:\/\/api.w.org\/{rel}","templated":true}]}}