{"id":2362600,"date":"2026-04-24T06:43:27","date_gmt":"2026-04-24T06:43:27","guid":{"rendered":""},"modified":"2026-04-24T06:43:27","modified_gmt":"2026-04-24T06:43:27","slug":"dogfest-pardiliha-medaljonid-taiskasvanud-koertele-90g","status":"publish","type":"product","link":"https:\/\/petfest.ee\/lv\/p\/dogfest-vistas-un-piles-galas-medaljoni-pieaugusiem-suniem-90g\/","title":{"rendered":"DogFest Vistas un p\u012bles ga\u013cas medaljoni pieaugu\u0161iem su\u0146iem, 90g"},"content":{"rendered":"<p>Medaljoni no izv\u0113l\u0113tas p\u012bles ga\u013cas ir vesel\u012bgs di\u0113tisks k\u0101rums su\u0146iem. Maiga tekst\u016bra un \u0113rta uzkodas forma ir pan\u0101kumu atsl\u0113ga treni\u0146os vai vienk\u0101r\u0161i veids, k\u0101 izteikt savu m\u012blest\u012bbu pret m\u0101jdz\u012bvnieku.<br \/>\n<B>Sast\u0101vs<\/B>: p\u012bles fileja 87,8%, augu izcelsmes produkti, miner\u0101lvielas.<br \/>\n<B>Anal\u012btiskie komponenti<\/B>: neapstr\u0101d\u0101ts prote\u012bns 43%, neapstr\u0101d\u0101tas tauki 5%, neapstr\u0101d\u0101tas \u0161\u0137iedrvielas 1%, neapstr\u0101d\u0101tas pelni 6%, mitrums 16%. Ener\u0123\u0113tisk\u0101 v\u0113rt\u012bba \u2014 314 kcal.<br \/>\n<B>Lieto\u0161ana<\/B>s instrukcija: Pasniedziet dienas laik\u0101 k\u0101 k\u0101rumu. Maksim\u0101lais dienas pat\u0113ri\u0146\u0161: 1-2 gab. Regul\u0113jiet daudzumu atbilsto\u0161i sava m\u0101jdz\u012bvnieka vajadz\u012bb\u0101m un st\u0101voklim. Vienm\u0113r j\u0101b\u016bt pieejamam svaigam \u016bdenim. Neatst\u0101jiet suni bez uzraudz\u012bbas ar k\u0101rumu un k\u0101rumu iepakojumu. Ne\u013caujiet sunim \u0113st sk\u0101bek\u013ca absorb\u0113t\u0101ju, kas atrodas iepakojuma iek\u0161pus\u0113. Uzglab\u0101jiet saus\u0101 un v\u0113s\u0101 viet\u0101, p\u0113c atv\u0113r\u0161anas aizveriet iepakojumu un uzglab\u0101jiet ledusskap\u012b.<\/p>","protected":false},"excerpt":{"rendered":"<p>79213669 6921959213669<\/p>\n","protected":false},"featured_media":2362601,"comment_status":"closed","ping_status":"closed","template":"","meta":{"inline_featured_image":false},"product_cat":[189,192],"product_tag":[],"_links":{"self":[{"href":"https:\/\/petfest.ee\/lv\/wp-json\/wp\/v2\/product\/2362600"}],"collection":[{"href":"https:\/\/petfest.ee\/lv\/wp-json\/wp\/v2\/product"}],"about":[{"href":"https:\/\/petfest.ee\/lv\/wp-json\/wp\/v2\/types\/product"}],"replies":[{"embeddable":true,"href":"https:\/\/petfest.ee\/lv\/wp-json\/wp\/v2\/comments?post=2362600"}],"wp:featuredmedia":[{"embeddable":true,"href":"https:\/\/petfest.ee\/lv\/wp-json\/wp\/v2\/media\/2362601"}],"wp:attachment":[{"href":"https:\/\/petfest.ee\/lv\/wp-json\/wp\/v2\/media?parent=2362600"}],"wp:term":[{"taxonomy":"product_cat","embeddable":true,"href":"https:\/\/petfest.ee\/lv\/wp-json\/wp\/v2\/product_cat?post=2362600"},{"taxonomy":"product_tag","embeddable":true,"href":"https:\/\/petfest.ee\/lv\/wp-json\/wp\/v2\/product_tag?post=2362600"}],"curies":[{"name":"wp","href":"https:\/\/api.w.org\/{rel}","templated":true}]}}