{"id":2362265,"date":"2026-04-24T06:43:27","date_gmt":"2026-04-24T06:43:27","guid":{"rendered":""},"modified":"2026-04-24T06:43:27","modified_gmt":"2026-04-24T06:43:27","slug":"dogfest-treeningmaius-kalkunilihast-linaseemnetega-koikidele-koertele-90g","status":"publish","type":"product","link":"https:\/\/petfest.ee\/lv\/p\/karumi-treniniem-no-titara-galas-ar-linseklam-nelielam-sugam-90g\/","title":{"rendered":"K\u0101rumi treni\u0146iem no t\u012btara ga\u013cas ar lins\u0113kl\u0101m, neliel\u0101m sug\u0101m, 90g."},"content":{"rendered":"<p>M\u0113s pievienoj\u0101m vesel\u012bg\u0101s lins\u0113klas izmekl\u0113tai t\u012btara ga\u013cai. Di\u0113tisk\u0101s ga\u013cas un liela daudzuma vitam\u012bnu, aminosk\u0101bju un antioksidantu kombin\u0101cija padara \u0161o k\u0101rumu ide\u0101lu treni\u0146iem.<br \/>\n<B>Sast\u0101vs<\/B>: t\u012btara ga\u013ca 67,5%, lins\u0113klas 8%, za\u013c\u0101 teja, augu valsts subprodukti, miner\u0101lvielas.<br \/>\n<B>Anal\u012btiskie komponenti<\/B>: j\u0113lprote\u012bns 25%, j\u0113ltauki 8%, j\u0113l\u0161\u0137iedrvielas 1%, j\u0113lpelni 5%, mitrums 23%.<br \/>\n<B>Lieto\u0161ana<\/B>: Piel\u0101gojiet daudzumu atbilsto\u0161i m\u0101jdz\u012bvnieka kond\u012bcijai un vajadz\u012bb\u0101m. Vienm\u0113r j\u0101b\u016bt pieejamam svaigam dzeramajam \u016bdenim. Neatst\u0101jiet suni bez uzraudz\u012bbas ar k\u0101rumu un k\u0101rumu iepakojumu. Nelietot uztur\u0101 sk\u0101bek\u013ca absorb\u0113t\u0101ju, kas atrodas k\u0101rumu iepakojum\u0101. Uzglab\u0101t v\u0113s\u0101 un saus\u0101 viet\u0101, p\u0113c atv\u0113r\u0161anas atk\u0101rtoti nosl\u0113gt un uzglab\u0101t ledusskap\u012b.<\/p>","protected":false},"excerpt":{"rendered":"<p>79711922 6921499711922<\/p>\n","protected":false},"featured_media":2362266,"comment_status":"closed","ping_status":"closed","template":"","meta":{"inline_featured_image":false},"product_cat":[189,190,192,214,191],"product_tag":[],"_links":{"self":[{"href":"https:\/\/petfest.ee\/lv\/wp-json\/wp\/v2\/product\/2362265"}],"collection":[{"href":"https:\/\/petfest.ee\/lv\/wp-json\/wp\/v2\/product"}],"about":[{"href":"https:\/\/petfest.ee\/lv\/wp-json\/wp\/v2\/types\/product"}],"replies":[{"embeddable":true,"href":"https:\/\/petfest.ee\/lv\/wp-json\/wp\/v2\/comments?post=2362265"}],"wp:featuredmedia":[{"embeddable":true,"href":"https:\/\/petfest.ee\/lv\/wp-json\/wp\/v2\/media\/2362266"}],"wp:attachment":[{"href":"https:\/\/petfest.ee\/lv\/wp-json\/wp\/v2\/media?parent=2362265"}],"wp:term":[{"taxonomy":"product_cat","embeddable":true,"href":"https:\/\/petfest.ee\/lv\/wp-json\/wp\/v2\/product_cat?post=2362265"},{"taxonomy":"product_tag","embeddable":true,"href":"https:\/\/petfest.ee\/lv\/wp-json\/wp\/v2\/product_tag?post=2362265"}],"curies":[{"name":"wp","href":"https:\/\/api.w.org\/{rel}","templated":true}]}}