{"id":2362259,"date":"2026-04-24T06:43:27","date_gmt":"2026-04-24T06:43:27","guid":{"rendered":""},"modified":"2026-04-24T06:43:27","modified_gmt":"2026-04-24T06:43:27","slug":"dogfest-treeningmaius-vutilihast-chia-seemnetega-koikidele-koertele-90g","status":"publish","type":"product","link":"https:\/\/petfest.ee\/lv\/p\/karumi-treniniem-no-paipalu-galas-ar-salvijas-seklam-neliela-izmera-suniem-90-g\/","title":{"rendered":"K\u0101rumi treni\u0146iem no paipalu ga\u013cas ar salvijas s\u0113kl\u0101m, neliela izm\u0113ra su\u0146iem, 90 g."},"content":{"rendered":"<p>Salvijas s\u0113klas satur lielu daudzumu der\u012bgo komponentu: vitam\u012bnus, miner\u0101lus, aminosk\u0101bes, Omega-3, Omega-6. Paipalu ga\u013ca \u2013 \u012bsta delikatese. \u0160\u0101da kombin\u0101cija rada ide\u0101lu k\u0101rumu priek\u0161 su\u0146iem.<br \/>\n<B>Sast\u0101vs<\/B>: paipalu ga\u013ca 67.5%, salvijas s\u0113klas 8%, za\u013c\u0101 t\u0113ja, augu valsts subprodukti, miner\u0101lvielas.<br \/>\n<B>Anal\u012btiskie komponenti<\/B>: j\u0113lprote\u012bns 25%, j\u0113ltauki 8%, j\u0113l\u0161\u0137iedrvielas 1%, j\u0113lpelni 5%, mitrums 23%.<br \/>\n<B>Lieto\u0161ana<\/B>: Piel\u0101gojiet daudzumu atbilsto\u0161i m\u0101jdz\u012bvnieka kond\u012bcijai un vajadz\u012bb\u0101m. Vienm\u0113r j\u0101b\u016bt pieejamam svaigam dzeramajam \u016bdenim. Neatst\u0101jiet suni bez uzraudz\u012bbas ar k\u0101rumu un k\u0101rumu iepakojumu. Nelietot uztur\u0101 sk\u0101bek\u013ca absorb\u0113t\u0101ju, kas atrodas k\u0101rumu iepakojum\u0101. Uzglab\u0101t v\u0113s\u0101 un saus\u0101 viet\u0101, p\u0113c atv\u0113r\u0161anas atk\u0101rtoti nosl\u0113gt un uzglab\u0101t ledusskap\u012b.<\/p>","protected":false},"excerpt":{"rendered":"<p>79711915 6921499711915<\/p>\n","protected":false},"featured_media":2362260,"comment_status":"closed","ping_status":"closed","template":"","meta":{"inline_featured_image":false},"product_cat":[189,190,192,214,191],"product_tag":[],"_links":{"self":[{"href":"https:\/\/petfest.ee\/lv\/wp-json\/wp\/v2\/product\/2362259"}],"collection":[{"href":"https:\/\/petfest.ee\/lv\/wp-json\/wp\/v2\/product"}],"about":[{"href":"https:\/\/petfest.ee\/lv\/wp-json\/wp\/v2\/types\/product"}],"replies":[{"embeddable":true,"href":"https:\/\/petfest.ee\/lv\/wp-json\/wp\/v2\/comments?post=2362259"}],"wp:featuredmedia":[{"embeddable":true,"href":"https:\/\/petfest.ee\/lv\/wp-json\/wp\/v2\/media\/2362260"}],"wp:attachment":[{"href":"https:\/\/petfest.ee\/lv\/wp-json\/wp\/v2\/media?parent=2362259"}],"wp:term":[{"taxonomy":"product_cat","embeddable":true,"href":"https:\/\/petfest.ee\/lv\/wp-json\/wp\/v2\/product_cat?post=2362259"},{"taxonomy":"product_tag","embeddable":true,"href":"https:\/\/petfest.ee\/lv\/wp-json\/wp\/v2\/product_tag?post=2362259"}],"curies":[{"name":"wp","href":"https:\/\/api.w.org\/{rel}","templated":true}]}}