{"id":2362247,"date":"2026-04-24T06:43:27","date_gmt":"2026-04-24T06:43:27","guid":{"rendered":""},"modified":"2026-04-24T06:43:27","modified_gmt":"2026-04-24T06:43:27","slug":"dogfest-veiseliha-ornad-vorstikesed-ternespiimaga-45g","status":"publish","type":"product","link":"https:\/\/petfest.ee\/lv\/p\/galas-desina-no-tela-galas-ar-jaunpienu-kuceniem-45g\/","title":{"rendered":"Ga\u013cas desi\u0146a no te\u013ca ga\u013cas ar jaunpienu, kuc\u0113niem, 45g"},"content":{"rendered":"<p>M\u0113s pievienojam jaunpienu visos m\u016bsu k\u0101rumos kuc\u0113niem. Jaunpiens ir paz\u012bstams ar savu labo ietekmi uz vesel\u012bbu, tas ir bag\u0101ts ar vitam\u012bniem, kuri nepiecie\u0161ami stiprai im\u016bnsist\u0113mai un kuc\u0113nu vesel\u012bgai att\u012bst\u012bbai.<br \/>\n<B>Sast\u0101vs<\/B>: p\u012bles ga\u013ca 59.8%, te\u013ca ga\u013ca 24%, augu valsts subprodukti, govs piens 2%, miner\u0101lvielas.<br \/>\n<B>Anal\u012btiskie komponenti<\/B>: j\u0113lprote\u012bns 40%, j\u0113ltauki 8%, j\u0113l\u0161\u0137iedrvielas 4%, j\u0113lpelni 3%, mitrums 23%.<br \/>\n<B>Lieto\u0161ana<\/B>: Pasniedz visas dienas garum\u0101 k\u0101 cienastu. Maksim\u0101l\u0101 dienas deva: 1-2 gab. Piel\u0101gojiet daudzumu atbilsto\u0161i m\u0101jdz\u012bvnieka kond\u012bcijai un vajadz\u012bb\u0101m. Vienm\u0113r j\u0101b\u016bt pieejamam svaigam dzeramajam \u016bdenim. Neatst\u0101jiet suni bez uzraudz\u012bbas ar k\u0101rumu un k\u0101rumu iepakojumu. Nelietot uztur\u0101 sk\u0101bek\u013ca absorb\u0113t\u0101ju, kas atrodas k\u0101rumu iepakojum\u0101. Uzglab\u0101t v\u0113s\u0101 un saus\u0101 viet\u0101, p\u0113c atv\u0113r\u0161anas atk\u0101rtoti nosl\u0113gt un uzglab\u0101t ledusskap\u012b.<\/p>","protected":false},"excerpt":{"rendered":"<p>79211368 6921959211368<\/p>\n","protected":false},"featured_media":2362248,"comment_status":"closed","ping_status":"closed","template":"","meta":{"inline_featured_image":false},"product_cat":[189,190],"product_tag":[],"_links":{"self":[{"href":"https:\/\/petfest.ee\/lv\/wp-json\/wp\/v2\/product\/2362247"}],"collection":[{"href":"https:\/\/petfest.ee\/lv\/wp-json\/wp\/v2\/product"}],"about":[{"href":"https:\/\/petfest.ee\/lv\/wp-json\/wp\/v2\/types\/product"}],"replies":[{"embeddable":true,"href":"https:\/\/petfest.ee\/lv\/wp-json\/wp\/v2\/comments?post=2362247"}],"wp:featuredmedia":[{"embeddable":true,"href":"https:\/\/petfest.ee\/lv\/wp-json\/wp\/v2\/media\/2362248"}],"wp:attachment":[{"href":"https:\/\/petfest.ee\/lv\/wp-json\/wp\/v2\/media?parent=2362247"}],"wp:term":[{"taxonomy":"product_cat","embeddable":true,"href":"https:\/\/petfest.ee\/lv\/wp-json\/wp\/v2\/product_cat?post=2362247"},{"taxonomy":"product_tag","embeddable":true,"href":"https:\/\/petfest.ee\/lv\/wp-json\/wp\/v2\/product_tag?post=2362247"}],"curies":[{"name":"wp","href":"https:\/\/api.w.org\/{rel}","templated":true}]}}