{"id":2361916,"date":"2026-04-24T06:43:26","date_gmt":"2026-04-24T06:43:26","guid":{"rendered":""},"modified":"2026-04-24T06:43:26","modified_gmt":"2026-04-24T06:43:26","slug":"dogfest-hirveliha-viilud-koikidele-koertele-90g","status":"publish","type":"product","link":"https:\/\/petfest.ee\/lv\/p\/medaljoni-ar-brieza-galu-pieaugusajiem-suniem-90g\/","title":{"rendered":"Medaljoni ar brie\u017ea ga\u013cu, pieaugu\u0161ajiem su\u0146iem, 90g."},"content":{"rendered":"<p>Daba sauc! Brie\u017eu un p\u012b\u013cu ga\u013cas mais\u012bjums \u013caus j\u016bsu sunim izjust savva\u013cas dz\u012bv\u012bbas gar\u0161u. Gardumi ir ide\u0101li piem\u0113roti treni\u0146iem vai k\u0101 parastie gardumi.<br \/>\n<B>Sast\u0101vs<\/B>: p\u012ble 50,3%, briedis 30%, augu izcelsmes produkti, miner\u0101li.<br \/>\n<B>Anal\u012btiskie komponenti<\/B>: j\u0113lolbaltumvielas 28%, tauki 12%, j\u0113l\u0161\u0137iedrvielas 1%, j\u0113lpelni 5%, mitrums 21%.<\/p>\n<p><B>Lieto\u0161ana<\/B>:Pasniedz visas dienas garum\u0101 k\u0101 cienastu. Maksim\u0101l\u0101 dienas deva: 1-2 gab. Piel\u0101gojiet daudzumu atbilsto\u0161i m\u0101jdz\u012bvnieka kond\u012bcijai un vajadz\u012bb\u0101m. Vienm\u0113r j\u0101b\u016bt pieejamam svaigam dzeramajam \u016bdenim. Neatst\u0101jiet suni bez uzraudz\u012bbas ar k\u0101rumu un k\u0101rumu iepakojumu. Nelietot uztur\u0101 sk\u0101bek\u013ca absorb\u0113t\u0101ju, kas atrodas k\u0101rumu iepakojum\u0101. Uzglab\u0101t v\u0113s\u0101 un saus\u0101 viet\u0101, p\u0113c atv\u0113r\u0161anas atk\u0101rtoti nosl\u0113gt un uzglab\u0101t ledusskap\u012b..<\/p>","protected":false},"excerpt":{"rendered":"<p>79208948 6921959208948<\/p>\n","protected":false},"featured_media":2361987,"comment_status":"closed","ping_status":"closed","template":"","meta":{"inline_featured_image":false},"product_cat":[189,192,191],"product_tag":[],"_links":{"self":[{"href":"https:\/\/petfest.ee\/lv\/wp-json\/wp\/v2\/product\/2361916"}],"collection":[{"href":"https:\/\/petfest.ee\/lv\/wp-json\/wp\/v2\/product"}],"about":[{"href":"https:\/\/petfest.ee\/lv\/wp-json\/wp\/v2\/types\/product"}],"replies":[{"embeddable":true,"href":"https:\/\/petfest.ee\/lv\/wp-json\/wp\/v2\/comments?post=2361916"}],"wp:featuredmedia":[{"embeddable":true,"href":"https:\/\/petfest.ee\/lv\/wp-json\/wp\/v2\/media\/2361987"}],"wp:attachment":[{"href":"https:\/\/petfest.ee\/lv\/wp-json\/wp\/v2\/media?parent=2361916"}],"wp:term":[{"taxonomy":"product_cat","embeddable":true,"href":"https:\/\/petfest.ee\/lv\/wp-json\/wp\/v2\/product_cat?post=2361916"},{"taxonomy":"product_tag","embeddable":true,"href":"https:\/\/petfest.ee\/lv\/wp-json\/wp\/v2\/product_tag?post=2361916"}],"curies":[{"name":"wp","href":"https:\/\/api.w.org\/{rel}","templated":true}]}}