{"id":2361900,"date":"2026-04-24T06:43:26","date_gmt":"2026-04-24T06:43:26","guid":{"rendered":""},"modified":"2026-04-24T06:43:26","modified_gmt":"2026-04-24T06:43:26","slug":"dogfest-kalkuniliha-kondid-vaikest-tougu-koertele-55g","status":"publish","type":"product","link":"https:\/\/petfest.ee\/lv\/p\/kaulini-ar-titara-galu-miniaturu-skirnem-55g\/","title":{"rendered":"Kauli\u0146i ar t\u012btara ga\u013cu, miniat\u016bru \u0161\u0137irn\u0113m, 55g."},"content":{"rendered":"<p>M\u016bsu slavenie ko\u0161\u013c\u0101jamie kauli\u0146i ir izgatavoti no gardas t\u012btara ga\u013cas. T\u012btars ir lieliska izv\u0113le tiem su\u0146iem, kuriem ir j\u016bt\u012bgs ku\u0146\u0123is vai aler\u0123ija.<br \/>\n<B>Sast\u0101vs<\/B>: t\u012btars 62.4%, j\u0113la liellopu \u0101da 24,7%, augu izcelsmes produkti, miner\u0101li.<br \/>\n<B>Anal\u012btiskie komponenti<\/B>: j\u0113lolbaltumvielas 35%, tauki 6,5%, j\u0113l\u0161\u0137iedrvielas 0,2%, j\u0113lpelni 3%, mitrums 18%.<\/p>\n<p><B>Lieto\u0161ana<\/B>: Pasniedz visas dienas garum\u0101 k\u0101 cienastu. Maksim\u0101l\u0101 dienas deva: 1-2 gab. Piel\u0101gojiet daudzumu atbilsto\u0161i m\u0101jdz\u012bvnieka kond\u012bcijai un vajadz\u012bb\u0101m. Vienm\u0113r j\u0101b\u016bt pieejamam svaigam dzeramajam \u016bdenim. Neatst\u0101jiet suni bez uzraudz\u012bbas ar k\u0101rumu un k\u0101rumu iepakojumu. Nelietot uztur\u0101 sk\u0101bek\u013ca absorb\u0113t\u0101ju, kas atrodas k\u0101rumu iepakojum\u0101. Uzglab\u0101t v\u0113s\u0101 un saus\u0101 viet\u0101, p\u0113c atv\u0113r\u0161anas atk\u0101rtoti nosl\u0113gt un uzglab\u0101t ledusskap\u012b.. <\/p>","protected":false},"excerpt":{"rendered":"<p>79208917 6921959208917<\/p>\n","protected":false},"featured_media":2361961,"comment_status":"closed","ping_status":"closed","template":"","meta":{"inline_featured_image":false},"product_cat":[189,191],"product_tag":[],"_links":{"self":[{"href":"https:\/\/petfest.ee\/lv\/wp-json\/wp\/v2\/product\/2361900"}],"collection":[{"href":"https:\/\/petfest.ee\/lv\/wp-json\/wp\/v2\/product"}],"about":[{"href":"https:\/\/petfest.ee\/lv\/wp-json\/wp\/v2\/types\/product"}],"replies":[{"embeddable":true,"href":"https:\/\/petfest.ee\/lv\/wp-json\/wp\/v2\/comments?post=2361900"}],"wp:featuredmedia":[{"embeddable":true,"href":"https:\/\/petfest.ee\/lv\/wp-json\/wp\/v2\/media\/2361961"}],"wp:attachment":[{"href":"https:\/\/petfest.ee\/lv\/wp-json\/wp\/v2\/media?parent=2361900"}],"wp:term":[{"taxonomy":"product_cat","embeddable":true,"href":"https:\/\/petfest.ee\/lv\/wp-json\/wp\/v2\/product_cat?post=2361900"},{"taxonomy":"product_tag","embeddable":true,"href":"https:\/\/petfest.ee\/lv\/wp-json\/wp\/v2\/product_tag?post=2361900"}],"curies":[{"name":"wp","href":"https:\/\/api.w.org\/{rel}","templated":true}]}}