{"id":2361836,"date":"2026-04-24T06:43:27","date_gmt":"2026-04-24T06:43:27","guid":{"rendered":""},"modified":"2026-04-24T06:43:27","modified_gmt":"2026-04-24T06:43:27","slug":"catfest-padjakesed-krevetipureega-kassidele-30g","status":"publish","type":"product","link":"https:\/\/petfest.ee\/lv\/p\/catfest-spilventini-ar-garnelu-kremu-kakiem-30g\/","title":{"rendered":"CatFest Spilventi\u0146i ar garne\u013cu kr\u0113mu ka\u0137iem, 30g."},"content":{"rendered":"<p>Lielisk\u0101 kombin\u0101cija ar krauk\u0161\u0137\u012bgo garozu un oke\u0101na garne\u013cu kr\u0113mu padara \u0161o gardumu par ka\u0137a iem\u012b\u013coto cienastu, bet strukt\u016bra pal\u012bdz ka\u0137im t\u012br\u012bt zobus.<br \/>\n<B>Sast\u0101vs<\/B>: graudz\u0101les, olbaltumvielas, oke\u0101na garnele 8%, olu dzeltenums, zivju milti, Omega 3\/6 tauksk\u0101bes, aug\u013ci un d\u0101rze\u0146i (gran\u0101ta s\u0113klas, me\u017ea dz\u0113rvene).<br \/>\n<B>Anal\u012btiskie komponenti<\/B>: j\u0113lolbaltumvielas 20%, tauki 15%, j\u0113l\u0161\u0137iedrvielas 2,5%, j\u0113lpelni 4%, mitrums 10%;<br \/>\nener\u0123\u0113tisk\u0101 v\u0113rt\u012bba \u2013 360 kcal<\/p>\n<p><B>Lieto\u0161ana<\/B>: Maksim\u0101l\u0101 dienas deva: 1-2 gab. Piel\u0101gojiet daudzumu atbilsto\u0161i m\u0101jdz\u012bvnieka kond\u012bcijai un vajadz\u012bb\u0101m. Vienm\u0113r j\u0101b\u016bt pieejamam svaigam dzeramajam \u016bdenim. Neatst\u0101jiet ka\u0137i bez uzraudz\u012bbas ar k\u0101rumu un k\u0101rumu iepakojumu. Nelietot uztur\u0101 sk\u0101bek\u013ca absorb\u0113t\u0101ju, kas atrodas k\u0101rumu iepakojum\u0101. Uzglab\u0101t v\u0113s\u0101 un saus\u0101 viet\u0101, p\u0113c atv\u0113r\u0161anas atk\u0101rtoti nosl\u0113gt un uzglab\u0101t ledusskap\u012b.  <\/p>","protected":false},"excerpt":{"rendered":"<p>79207781 6921959207781<\/p>\n","protected":false},"featured_media":2362016,"comment_status":"closed","ping_status":"closed","template":"","meta":{"inline_featured_image":false},"product_cat":[237,236],"product_tag":[],"_links":{"self":[{"href":"https:\/\/petfest.ee\/lv\/wp-json\/wp\/v2\/product\/2361836"}],"collection":[{"href":"https:\/\/petfest.ee\/lv\/wp-json\/wp\/v2\/product"}],"about":[{"href":"https:\/\/petfest.ee\/lv\/wp-json\/wp\/v2\/types\/product"}],"replies":[{"embeddable":true,"href":"https:\/\/petfest.ee\/lv\/wp-json\/wp\/v2\/comments?post=2361836"}],"wp:featuredmedia":[{"embeddable":true,"href":"https:\/\/petfest.ee\/lv\/wp-json\/wp\/v2\/media\/2362016"}],"wp:attachment":[{"href":"https:\/\/petfest.ee\/lv\/wp-json\/wp\/v2\/media?parent=2361836"}],"wp:term":[{"taxonomy":"product_cat","embeddable":true,"href":"https:\/\/petfest.ee\/lv\/wp-json\/wp\/v2\/product_cat?post=2361836"},{"taxonomy":"product_tag","embeddable":true,"href":"https:\/\/petfest.ee\/lv\/wp-json\/wp\/v2\/product_tag?post=2361836"}],"curies":[{"name":"wp","href":"https:\/\/api.w.org\/{rel}","templated":true}]}}