{"id":2361821,"date":"2026-04-24T06:43:27","date_gmt":"2026-04-24T06:43:27","guid":{"rendered":""},"modified":"2026-04-24T06:43:27","modified_gmt":"2026-04-24T06:43:27","slug":"catfest-veiseliha-ornad-vorstikesed-kassidele-45g","status":"publish","type":"product","link":"https:\/\/petfest.ee\/lv\/p\/catfest-galas-desinas-ar-liellopu-galu-kakiem-45g\/","title":{"rendered":"CatFest Ga\u013cas desi\u0146as ar liellopu ga\u013cu, ka\u0137iem, 45g."},"content":{"rendered":"<p>Liellopu ga\u013cas klasisk\u0101 pies\u0101tin\u0101t\u0101 gar\u0161a, augstas bar\u012bbas \u012bpa\u0161\u012bbas- kas var b\u016bt lab\u0101ks j\u016bsu m\u012blulim ka\u0137im?<br \/>\n<B>Sast\u0101vs<\/B>: liellopu ga\u013ca 79.2%, augu izcelsmes produkti, miner\u0101li.<br \/>\n<B>Anal\u012btiskie komponenti<\/B>: j\u0113lolbaltumvielas 20%, tauki 8%, j\u0113l\u0161\u0137iedrvielas 0,2%, mitrums 21%; ener\u0123\u0113tisk\u0101 v\u0113rt\u012bba \u2013 193 kcal.<\/p>\n<p><B>Lieto\u0161ana<\/B>: Maksim\u0101l\u0101 dienas deva: 1-2 gab. Piel\u0101gojiet daudzumu atbilsto\u0161i m\u0101jdz\u012bvnieka kond\u012bcijai un vajadz\u012bb\u0101m. Vienm\u0113r j\u0101b\u016bt pieejamam svaigam dzeramajam \u016bdenim. Neatst\u0101jiet ka\u0137i bez uzraudz\u012bbas ar k\u0101rumu un k\u0101rumu iepakojumu. Nelietot uztur\u0101 sk\u0101bek\u013ca absorb\u0113t\u0101ju, kas atrodas k\u0101rumu iepakojum\u0101. Uzglab\u0101t v\u0113s\u0101 un saus\u0101 viet\u0101, p\u0113c atv\u0113r\u0161anas atk\u0101rtoti nosl\u0113gt un uzglab\u0101t ledusskap\u012b. <\/p>","protected":false},"excerpt":{"rendered":"<p>79711571 6921499711571<\/p>\n","protected":false},"featured_media":2362026,"comment_status":"closed","ping_status":"closed","template":"","meta":{"inline_featured_image":false},"product_cat":[237,236],"product_tag":[],"_links":{"self":[{"href":"https:\/\/petfest.ee\/lv\/wp-json\/wp\/v2\/product\/2361821"}],"collection":[{"href":"https:\/\/petfest.ee\/lv\/wp-json\/wp\/v2\/product"}],"about":[{"href":"https:\/\/petfest.ee\/lv\/wp-json\/wp\/v2\/types\/product"}],"replies":[{"embeddable":true,"href":"https:\/\/petfest.ee\/lv\/wp-json\/wp\/v2\/comments?post=2361821"}],"wp:featuredmedia":[{"embeddable":true,"href":"https:\/\/petfest.ee\/lv\/wp-json\/wp\/v2\/media\/2362026"}],"wp:attachment":[{"href":"https:\/\/petfest.ee\/lv\/wp-json\/wp\/v2\/media?parent=2361821"}],"wp:term":[{"taxonomy":"product_cat","embeddable":true,"href":"https:\/\/petfest.ee\/lv\/wp-json\/wp\/v2\/product_cat?post=2361821"},{"taxonomy":"product_tag","embeddable":true,"href":"https:\/\/petfest.ee\/lv\/wp-json\/wp\/v2\/product_tag?post=2361821"}],"curies":[{"name":"wp","href":"https:\/\/api.w.org\/{rel}","templated":true}]}}