{"id":7483,"date":"2021-04-30T18:05:32","date_gmt":"2021-04-30T16:05:32","guid":{"rendered":"https:\/\/petfest.ee\/ru\/?page_id=7483"},"modified":"2023-07-19T12:36:04","modified_gmt":"2023-07-19T10:36:04","slug":"uld-ja-tellimistingimused","status":"publish","type":"page","link":"https:\/\/petfest.ee\/lv\/uld-ja-tellimistingimused\/","title":{"rendered":"Nosac\u012bjumi un vieno\u0161an\u0101s"},"content":{"rendered":"<section class=\"wpb-content-wrapper\"><p>[vc_row][vc_column][vc_column_text text_larger=&#8221;no&#8221; woodmart_inline=&#8221;no&#8221;]<span style=\"font-size: 20px;\"><strong>Nosac\u012bjumu apjoms un darb\u012bba<\/strong><\/span><\/p>\n<p>1.1. Nosac\u012bjumi attiecas uz vis\u0101m tiesiskaj\u0101m attiec\u012bb\u0101m, kas rodas starp person\u0101m un tirdzniec\u012bbas vides www.petfest.ee \u012bpa\u0161nieku PetFest Europe O\u00dc, Ussim\u00e4e tee 12\/2, Tallinn Harjumaa 13914, (turpm\u0101k \u201cInterneta veikals www.petfest.ee\u201d), ieg\u0101d\u0101joties preces ar interneta veikala www.petfest.ee starpniec\u012bbu.<\/p>\n<p>1.2. Papildus sp\u0113k\u0101 eso\u0161ajiem nosac\u012bjumiem tiesisk\u0101s attiec\u012bbas, kas rodas, ieg\u0101d\u0101joties preces ar interneta veikala www.petfest.ee starpniec\u012bbu, regul\u0113 Igaunijas Republikas likumi.<\/p>\n<p>1.3. Lai interneta veikala www.petfest.ee att\u012bst\u012bba b\u016btu lab\u0101ka un dro\u0161\u0101ka, PetFest Europe O\u00dc ir ties\u012bbas groz\u012bt, k\u0101 ar\u012b papildin\u0101t \u0161os noteikumus un cenr\u0101di. Par nosac\u012bjumu un cenr\u0101\u017ea groz\u012bjumiem vai papildin\u0101jumiem klienti tiek inform\u0113ti ar vietnes www.petfest.ee starpniec\u012bbu. Noteikumu un cenr\u0101\u017ea groz\u012bjumi un papildin\u0101jumi st\u0101jas sp\u0113k\u0101 ar br\u012bdi, kad attiec\u012bgais groz\u012bjums vai papildin\u0101jums public\u0113ts vietn\u0113 www.petfest.ee. Ja esat noform\u0113jis pas\u016bt\u012bjumu pirms groz\u012bto nosac\u012bjumu sp\u0113k\u0101 st\u0101\u0161an\u0101s, tiesiskaj\u0101m attiec\u012bb\u0101m, kas radu\u0161\u0101s starp jums un PetFest Europe O\u00dc, piem\u0113ro nosac\u012bjumus, kas bija sp\u0113k\u0101 pas\u016bt\u012bjuma pie\u0161\u0137ir\u0161anas br\u012bd\u012b, ja likum\u0101 vai \u0161ajos noteikumos nav noteikts cit\u0101di.<\/p>\n<p><span style=\"font-size: 20px;\"><strong>Cenas<\/strong><\/span><\/p>\n<p>2.1. Cenas vietn\u0113 www.petfest.ee ir sp\u0113k\u0101, ja tiek savlaic\u012bgi apmaks\u0101ts r\u0113\u0137inu saska\u0146\u0101 ar 4. punkta nosac\u012bjumiem.<\/p>\n<p>2.2. Visas interneta veikala cenas ir nor\u0101d\u012btas eiro (EUR) un ietver apgroz\u012bjuma nodokli 20% apm\u0113r\u0101.<\/p>\n<p><span style=\"font-size: 20px;\"><strong>Preces<\/strong><\/span><\/p>\n<p>3.1. Preces, kas tiek pied\u0101v\u0101tas interneta veikal\u0101, parasti ir pieejamas p\u0101rdev\u0113ja noliktav\u0101 vai veikalos. Min\u0113to pre\u010du pieejam\u012bba netiek garant\u0113ta, jo iesp\u0113jamu tehnisku trauc\u0113jumu d\u0113\u013c interneta veikala programm\u0101s var rasties k\u013c\u016bdas.<\/p>\n<p>3.2. Ja Klients veic pas\u016bt\u012bjumu, ta\u010du noskaidrojas, ka vajadz\u012bg\u0101s preces nav noliktav\u0101, interneta veikals \u0161\u0101du pas\u016bt\u012bjumu izpild\u012bt nevar. \u0160aj\u0101 gad\u012bjum\u0101, konstat\u0113jot, ka prece nav pieejama, klientam tiek atmaks\u0101ta samaks\u0101t\u0101 summa.<\/p>\n<p>3.3. Fotoatt\u0113liem interneta veikal\u0101 ir ilustrat\u012bvs raksturs, un uz t\u0101m att\u0113lot\u0101 produkcija var nedaudz at\u0161\u0137irties no re\u0101laj\u0101m prec\u0113m.<\/p>\n<p><span style=\"font-size: 20px;\"><strong>Pirkuma veik\u0161ana<\/strong><\/span><\/p>\n<p>4.1. Kad Klients interneta veikal\u0101 ir izv\u0113l\u0113jies preci, t\u0101 ir j\u0101pievieno Iepirkumu grozam, noklik\u0161\u0137inot uz pogas \u201cPievienot grozam\u201d.<\/p>\n<p>4.2. Lai noform\u0113tu pas\u016bt\u012bjumu, Klientam ir j\u0101p\u0101riet uz Iepirkumu groza lapu: Iepirkumu groza izv\u0113ln\u0113 j\u0101noklik\u0161\u0137ina uz pogas \u201cP\u0101riet uz apmaksu\u201d, p\u0113c tam Klients tiks novirz\u012bts uz pas\u016bt\u012bjuma noform\u0113\u0161anas vietni.<\/p>\n<p>4.3. P\u0113c datu ievad\u012b\u0161anas un pareiz\u012bbas p\u0101rbaudes Klients apstiprina pas\u016bt\u012bjumu, noklik\u0161\u0137inot uz \u201cApstiprinu un maks\u0101ju\u201d. P\u0113c \u0161\u012bs darb\u012bbas pas\u016bt\u012bjums ir apstiprin\u0101ts un nodots p\u0101rdev\u0113jam.<\/p>\n<p>4.4. Klients apmaks\u0101 preci, izmantojot bankas saiti internetbank\u0101, k\u0101 ar\u012b apstiprina maks\u0101jumu p\u0101rdev\u0113jam, nospie\u017eot pogu \u201cAtgriezties pie p\u0101rdev\u0113ja\u201d.<\/p>\n<p>4.5. Noform\u0113jot pas\u016bt\u012bjumu, Klients ap\u0146emas sniegt pareizus datus, kas nepiecie\u0161ami pas\u016bt\u012bjuma izpildei.<\/p>\n<p>4.6. Re\u0123istr\u0113jies klients, kur\u0161 ir pierakst\u012bjies sav\u0101 kont\u0101 un ir kont\u0101 ir saglab\u0101jis nepiecie\u0161amo inform\u0101ciju, var izmantot \u0101tr\u0101 maks\u0101juma funkciju.<\/p>\n<p>4.7. P\u0113c preces apmaksas interneta veikals Klientam e-past\u0101 nos\u016bta pas\u016bt\u012bjuma apstiprin\u0101jumu.<\/p>\n<p>4.8. Izpildot pas\u016bt\u012bjumu, P\u0101rdev\u0113js neatbild par iesp\u0113jamu pas\u016bt\u012bjuma neizpildi, ko var izrais\u012bt Pirc\u0113ja nepareizi sniegti dati vai jebk\u0101das \u0161\u0101das datu snieg\u0161anas sekas.<\/p>\n<p>4.9. P\u0101rdev\u0113jam ir ties\u012bbas atteikties no pas\u016bt\u012bjuma izpildes, ja rodas \u0161aubas par P\u0101rdev\u0113jam sniegto datu pareiz\u012bbu, vai Pirc\u0113ja uzved\u012bba neatbilst labiem tikumiem.<\/p>\n<p>4.9.1. Pas\u016bt\u012bto preci j\u0101iz\u0146em ne v\u0113l\u0101k k\u0101 14 kalend\u0101ra dienu laik\u0101. Ja nevarat iz\u0146emt preci l\u012bdz nor\u0101d\u012btajam laikam, inform\u0113jiet m\u016bs, nos\u016btot e-pasta v\u0113stuli vai pa t\u0101lruni: +372 5624 8482, info@petfest.ee. Pret\u0113j\u0101 gad\u012bjum\u0101 j\u016bsu pas\u016bt\u012bjums tiks anul\u0113ts, bet prece tiks atgriezta noliktav\u0101. \u0160\u0101d\u0101 gad\u012bjum\u0101 p\u0101rdev\u0113jam ir pien\u0101kums 14 kalend\u0101ra dienu laik\u0101 atmaks\u0101t pirc\u0113jam naudu, kas samaks\u0101ta par preci.<\/p>\n<p><span style=\"font-size: 20px;\"><strong>Maks\u0101\u0161anas veidi<\/strong><\/span><\/p>\n<p>5.1 Samaksu var veikt ar parastu bankas p\u0101rskait\u012bjumu.<\/p>\n<p>5.1. Pas\u016bt\u012bjumu var apmaks\u0101t, izmantojot Maksekeskus sist\u0113mu (Igaunijas, Latvijas, Lietuvas un Somijas banku saites; kred\u012btkartes; kred\u012btiest\u0101des)<\/p>\n<ul>\n<li>Banku saites Igaunij\u0101: Swedbank, SEB, Luminor, LHV, Coop Pank, Pocopay<\/li>\n<li>Pirkuma uz nomaksu iesp\u0113jas: Indivy Slice 3, Liisi ID, Finora krediit<\/li>\n<li>Visa\/Mastercard kar\u0161u maks\u0101jumi<\/li>\n<li>Banku saites Somij\u0101: Aktia, A\u030alandsbanken, Danske, Handelsbanken, Nordea, Oma Sa\u0308a\u0308stopankki, Pohjola, POP Pankki, S-Pankki, Sa\u0308a\u0308stopankki<\/li>\n<li>Banku saites Latvij\u0101: Swedbank, SEB, Citadele un Luminor<\/li>\n<li>Banku saites Lietuv\u0101: Swedbank, SEB un Luminor<\/li>\n<\/ul>\n<p>5.2. Maks\u0101juma veik\u0161ana notiek \u0101rpus interneta veikala dro\u0161\u0101 Maksekeskus AS maks\u0101jumu vid\u0113.<\/p>\n<p>5.3. P\u0101rdev\u0113jam nav piek\u013cuves klienta bankas datiem.<\/p>\n<p><span style=\"font-size: 20px;\"><strong>Pas\u016bt\u012bjuma pieg\u0101de un nodo\u0161ana<\/strong><\/span><\/p>\n<p>6.1. M\u016bsu pieg\u0101des pakalpojumi aptver visu Igaunijas teritoriju. Ja v\u0113laties, lai m\u0113s nog\u0101d\u0101jam pas\u016bt\u012bjumu \u0101rpus iepriek\u0161min\u0113t\u0101 re\u0123iona, tas tiek veikts, pamatojoties uz \u012bpa\u0161u vieno\u0161anos, kuras nosl\u0113g\u0161anai l\u016bdzam v\u0113rsties pie mums pa e-pastu info@petfest.ee un pa t\u0101lruni +372 5624 8482.<\/p>\n<p>6.2. Pas\u016bt\u012bjumus pieg\u0101d\u0101 Omniva, DPD, termi\u0146\u0101 un laik\u0101, kas nor\u0101d\u012bti preces kart\u0113 un pas\u016bt\u012bjuma apstiprin\u0101jum\u0101. Pieg\u0101des termi\u0146\u0161 var b\u016bt no 1 l\u012bdz 7 darba dien\u0101m no apmaksas br\u012b\u017ea.<\/p>\n<p>6.2.1. Preces tiek pieg\u0101d\u0101tas saska\u0146\u0101 ar pieg\u0101des cenr\u0101di.<\/p>\n<p>\u2013 Kurjers preces pieg\u0101d\u0101s adres\u0113, kuru nor\u0101d\u012bj\u0101t, veicot pas\u016bt\u012bjumu. V\u0113l\u0101k galam\u0113r\u0137i iesp\u0113jams main\u012bt tikai p\u0113c vieno\u0161an\u0101s.<\/p>\n<p>6.3. Noform\u0113jot pas\u016bt\u012bjumu, p\u0101rbaudiet sniegt\u0101s kontaktinform\u0101cijas pareiz\u012bbu. Tas \u013caus izvair\u012bties no aizkav\u0113\u0161an\u0101s un p\u0101rpratumiem pieg\u0101d\u0101jot pas\u016bt\u012bjumu. www.petfest.ee (PetFest Europe O\u00dc) un kurjers neatbild par aizkav\u0113\u0161anos un p\u0101rpratumiem, pieg\u0101d\u0101jot preces, ja tas ir noticis neprec\u012bzi vai nepareizi nor\u0101dot datus pas\u016bt\u012bjuma noform\u0113\u0161anas laik\u0101.<\/p>\n<p>6.4. Prece tiks pieg\u0101d\u0101ta j\u016bsu nor\u0101d\u012btaj\u0101 adres\u0113 5 darbadienu laik\u0101 no br\u012b\u017ea, kad kurjers b\u016bs sa\u0146\u0113mis s\u016bt\u012bjumu. Kurjers sazin\u0101sies ar klientu pa t\u0101lruni un saska\u0146os piem\u0113rotu pieg\u0101des laiku. Ja preces izsniegt neizdodas, s\u016bt\u012bjums tiks nos\u016bt\u012bts atpaka\u013c uz nos\u016bt\u012bt\u0101ja noliktavu.<\/p>\n<p>6.5. Ja klients noform\u0113 pas\u016bt\u012bjumu br\u012bvdien\u0101s (no plkst. 13.00 piektdien\u0101 l\u012bdz plkst. 09:00 pirmdien\u0101) vai valsts sv\u0113tku laik\u0101, tad 5 darbdienu periods s\u0101kas no plkst. 09:00 pirmaj\u0101 darbdien\u0101 p\u0113c br\u012bvdien\u0101m vai valsts sv\u0113tkiem.<\/p>\n<p>6.6. Pirms pas\u016bt\u012bjuma noform\u0113\u0161anas Klientam j\u0101p\u0101rbauda iesniedzam\u0101s kontaktinform\u0101cijas pareiz\u012bba, lai izvair\u012btos no pre\u010du pieg\u0101des aizkav\u0113\u0161an\u0101s un p\u0101rpratumiem. P\u0101rdev\u0113js nav atbild\u012bgs par pre\u010du pieg\u0101des aizkav\u0113\u0161anos un p\u0101rpratumiem, ja aizkav\u0113\u0161an\u0101s vai p\u0101rpratumi ir saist\u012bta ar to, ka noform\u0113jot pas\u016bt\u012bjumu, Klients ir nor\u0101d\u012bjis neprec\u012bzus vai nepareizus datus.<\/p>\n<p>6.7. Kurjers jums nodod pas\u016bt\u012bjumu kop\u0101 ar starpr\u0113\u0137inu. Ja radu\u0161\u0101s probl\u0113mas, l\u016bdzam nekav\u0113joties m\u016bs inform\u0113t pa t\u0101lruni +372 5624 8482. Ties\u012bbas izteikt pretenzijas neattiecas uz zaud\u0113jumiem, kas radu\u0161ies p\u0113c preces nodo\u0161anas pirc\u0113jam.<\/p>\n<p>6.8. Ja pas\u016bt\u012bjums pie Klientam nav non\u0101cis lab\u0101 st\u0101vokl\u012b un sl\u0113gt\u0101 iepakojum\u0101, Klientam par to j\u0101pazi\u0146o, nos\u016btot attiec\u012bga satura zi\u0146ojumu kop\u0101 ar fotogr\u0101fiju uz adresi: info@petfest.ee, vai zvanot pa t\u0101lruni +372 5624 8482.<\/p>\n<p><span style=\"font-size: 20px;\"><strong>Pas\u016bt\u012bjuma atcel\u0161ana un pre\u010du atgrie\u0161ana<\/strong><\/span><\/p>\n<p>7.1. Klientam ir ties\u012bbas atk\u0101pties no dar\u012bjuma 14 dienu laik\u0101 un apmain\u012bt vai atgriezt pas\u016bt\u012bto preci. Min\u0113tais 14 dienu termi\u0146\u0161 s\u0101kas no dienas, kad klients ir sa\u0146\u0113mis preci.<\/p>\n<p>7.2. Lai atgrieztu\/apmain\u012btu pas\u016bt\u012bto preci, klientam 14 dienu laik\u0101 no br\u012b\u017ea, kad klients sa\u0146\u0113mis pas\u016bt\u012bjumu, j\u0101iesniedz p\u0101rdev\u0113jam atgrie\u0161anas pieteikums.<\/p>\n<p>7.3. Klientam j\u0101atgrie\u017e prece 14 dienu laik\u0101 p\u0113c pieteikuma iesnieg\u0161anas vai ar\u012b j\u0101iesniedz pier\u0101d\u012bjums, ka iepriek\u0161min\u0113t\u0101 perioda laik\u0101 vi\u0146\u0161 preci ir nodevis lo\u0123istikas firmai. P\u0101rdev\u0113jam ir ties\u012bbas neatmaks\u0101t naudu l\u012bdz br\u012bdim, kad pat\u0113r\u0113t\u0101js b\u016bs atdevis preci vai neiesniegs pier\u0101d\u012bjumu, ka ir nos\u016bt\u012bjis preci.<\/p>\n<p>7.4. Apmain\u0101majai vai atmaks\u0101jamajai precei nedr\u012bkst b\u016bt boj\u0101jumi, tai j\u0101b\u016bt ori\u0123in\u0101laj\u0101 iepakojum\u0101 un uz t\u0101s j\u0101b\u016bt vis\u0101m ori\u0123in\u0101laj\u0101m eti\u0137et\u0113m.<\/p>\n<p>7.5. Nopirkto pas\u016bt\u012bjums nevar atgriezt, ja pas\u016bt\u012bt\u0101 prece ir izgatavota, \u0146emot v\u0113r\u0101 pas\u016bt\u012bt\u0101ja personisk\u0101s vajadz\u012bbas, vai ar\u012b saska\u0146\u0101 ar pas\u016bt\u012bt\u0101ja nosac\u012bjumiem.<\/p>\n<p>7.6. Ja atgrie\u017eam\u0101 pas\u016bt\u012bjuma (un pas\u016bt\u012bjuma iepakojuma) st\u0101voklis ir pasliktin\u0101jies un pasliktin\u0101\u0161an\u0101s c\u0113lonis ir apst\u0101k\u013ci, kas nav saist\u012bti ar PetFest Europe O\u00dc darb\u012bbu, k\u0101 ar\u012b preces neparedz\u0113ta lieto\u0161ana, PetFest Europe O\u00dc ir ties\u012bbas p\u0101rr\u0113\u0137in\u0101t preces v\u0113rt\u012bbas samazin\u0101jumu, \u0146emot v\u0113r\u0101 j\u016bsu samaks\u0101to summu par preci un jums atmaks\u0101jamo summu. Lai veiktu p\u0101rr\u0113\u0137inu, PetFest Europe O\u00dc nos\u016bt\u012bs jums pazi\u0146ojumu par p\u0101rr\u0113\u0137inu uz j\u016bsu nor\u0101d\u012bto e-pasta adresi.<\/p>\n<p>7.7. Apmai\u0146as gad\u012bjum\u0101 interneta veikals nos\u016bt\u012bs Klientam jaunu preci uzreiz p\u0113c tam, kad tiks sa\u0146emta apmai\u0146ai paredz\u0113t\u0101 prece. Ar apmai\u0146u saist\u012btos izdevumus sedz p\u0101rdev\u0113js.<\/p>\n<p>7.8. P\u0101rdev\u0113js Klientam naudu atmaks\u0101s 14 dienu laik\u0101 p\u0113c tam, kad interneta veikals b\u016bs sa\u0146\u0113mis atgrie\u0161anas veidlapu. Naudas atmaksa tiek veikta uz to pa\u0161u kontu no kura maks\u0101ja Klients.<\/p>\n<p><span style=\"font-size: 20px;\"><strong>Atbild\u012bba un nep\u0101rvarama vara<\/strong><\/span><\/p>\n<p>8.1. www.petfest.ee (PetFest Europe O\u00dc) atbild jums, bet j\u016bs atbildat www.petfest.ee (PetFest Europe O\u00dc) par zaud\u0113jumiem, kas nodar\u012bti otrai pusei, p\u0101rk\u0101pjot \u0161os noteikumus, sp\u0113k\u0101 eso\u0161ajos Igaunijas Republikas ties\u012bbu aktos noteiktajos gad\u012bjumos un apm\u0113r\u0101.<\/p>\n<p>8.2. www.petfest.ee (PetFest Europe O\u00dc) nav atbild\u012bgs par jums nodar\u012btajiem zaud\u0113jumiem vai pas\u016bt\u012bjuma pieg\u0101des aizkav\u0113\u0161anos. Ja zaud\u0113jumi vai pas\u016bt\u012bjuma pieg\u0101des aizkav\u0113\u0161an\u0101s ir radusies t\u0101du apst\u0101k\u013cu d\u0113\u013c, kurus www.petfest.ee (PetFest Europe O\u00dc) nevar\u0113ja ietekm\u0113t vai kuru ra\u0161anos uz\u0146\u0113mums www.petfest.ee (PetFest Europe O\u00dc) nav paredz\u0113jis vai nav var\u0113jis paredz\u0113t (nep\u0101rvarama vara).<\/p>\n<p>8.3. Klients ap\u0146emas izmantot interneta veikala pakalpojumus tikai m\u0113r\u0137iem, kas nav pretrun\u0101 ar likumdo\u0161anu un visp\u0101rpie\u0146emt\u0101m norm\u0101m.<\/p>\n<p><span style=\"font-size: 20px;\"><strong>Datu aizsardz\u012bba un apstr\u0101des principi<\/strong><\/span><\/p>\n<p>9.1. Re\u0123istr\u0113joties interneta veikal\u0101 vai veicot pirkumu, Klients piekr\u012bt interneta veikala lieto\u0161anas noteikumiem un ap\u0146emas tos iev\u0113rot.<\/p>\n<p>9.2. P\u0101rdo\u0161anas l\u012bgums starp P\u0101rdev\u0113ju un Klientu st\u0101jas sp\u0113k\u0101 ar br\u012bdi, kad P\u0101rdev\u0113ja nor\u0113\u0137inu kont\u0101 ir ien\u0101ksi maks\u0101jam\u0101 pirkuma summa.<\/p>\n<p>9.3. Klients dod P\u0101rdev\u0113jam nep\u0101rprotamu un inform\u0113tu piekri\u0161anu savu personas datu apstr\u0101dei.<\/p>\n<p>9.4. P\u0101rdev\u0113jam pazi\u0146otie personas dati tiek ievad\u012bti klientu re\u0123istr\u0101 un izmantoti pre\u010du p\u0101rdo\u0161anas un pied\u0101v\u0101\u0161anas pakalpojumu snieg\u0161anai Pirc\u0113jam.<\/p>\n<p>9.5. P\u0101rdev\u0113js saglab\u0101 klienta kontaktinform\u0101ciju, k\u0101 ar\u012b inform\u0101ciju par veiktajiem pirkumiem. \u0160\u012b inform\u0101cija ir konfidenci\u0101la un tiek apstr\u0101d\u0101ta saska\u0146\u0101 ar personas datu aizsardz\u012bbas likumu. Kurjeram tiek nodoti personas dati, kas nepiecie\u0161ami Pre\u010du pieg\u0101dei Klientam.<\/p>\n<p>9.6. P\u0101rdev\u0113js dr\u012bkst izmantot Klienta personas datus, lai Klientam nos\u016bt\u012btu e-pasta zi\u0146ojumu inform\u0101ciju par \u012bpa\u0161ajiem pied\u0101v\u0101jumiem un kampa\u0146\u0101m tikai tad ja Klients tam ir piekritis.<\/p>\n<p>9.7. PetFest Europe O\u00dc ir ties\u012bbas nodot klienta personas datus uz\u0146\u0113mumam Maksekeskus O\u00dc elektronisko maks\u0101jumu nosac\u012bjumu nodro\u0161in\u0101\u0161anai.<\/p>\n<p>9.8. Visi klienta personas dati, kas k\u013cuvu\u0161i zin\u0101mi interneta veikala www.petfest.ee apmekl\u0113juma un pirkumu veik\u0161anas laik\u0101, tiek uzskat\u012bti par konfidenci\u0101lu inform\u0101ciju. \u0160ifr\u0113ts datu p\u0101rraides kan\u0101ls ar bank\u0101m nodro\u0161ina pirc\u0113ja personas datu un bankas rekviz\u012btu dro\u0161\u012bbu. www.petfest.ee (PetFest Europe O\u00dc) \u0161iem datiem nav piek\u013cuves.<\/p>\n<p>9.9. Interneta veikals pirc\u0113ja ievad\u012btos personas datus (ieskaitot v\u0101rdu, t\u0101lru\u0146a numuru, adresi, elektroniska pasta adresi, bankas rekviz\u012btus) izmanto tikai pas\u016bt\u012bjumu apstr\u0101dei un pre\u010du nos\u016bt\u012b\u0161anai pirc\u0113jam.<\/p>\n<p>9.10. P\u0101rdev\u0113js nodro\u0161ina Pirc\u0113ja datu, tostarp personas datu, aizsardz\u012bbu un izmanto\u0161anu, Konfidencialit\u0101tes politikas noteikumos paredz\u0113taj\u0101 k\u0101rt\u012bb\u0101. Pirc\u0113js apliecina, ka ir iepazinies un piekr\u012bt Konfidencialit\u0101tes politikas noteikumiem. Pamatojoties uz sp\u0113k\u0101 eso\u0161ajiem ties\u012bbu aktiem un Konfidencialit\u0101tes politikas nosac\u012bjumu saturu, P\u0101rdev\u0113jam, bez Pirc\u0113ja piekri\u0161anas, ir ties\u012bbas apstr\u0101d\u0101t datus (tostarp personas datus) t\u0101d\u0101 apjom\u0101, k\u0101ds nepiecie\u0161ams interneta veikala lieto\u0161anai. Cita starp\u0101, \u0146emot v\u0113r\u0101 iepriek\u0161 izkl\u0101st\u012bto, P\u0101rdev\u0113jam bez atsevi\u0161\u0137i izteiktas piekri\u0161anas, ir ties\u012bbas: nos\u016bt\u012bt Pirc\u0113jam pazi\u0146ojumus, kas saist\u012bti ar interneta veikala pakalpojumu izmanto\u0161anu, tostarp pazi\u0146ojumus, interneta veikala lietot\u0101jam tiek nos\u016bt\u012bti dro\u0161\u012bbas nol\u016bkos; lab\u0101kai pirc\u0113ju apkalpo\u0161anai un dar\u012bjumu apstiprin\u0101\u0161anai saglab\u0101t pieteiku\u0161os pirc\u0113ju pas\u016bt\u012bjum datus, tostarp sapr\u0101t\u012bgos termi\u0146os par tiem pas\u016bt\u012bjumiem, kuru noform\u0113\u0161anu Pirc\u0113js sesijas laik\u0101 nav pabeidzis.<\/p>\n<p>9.11. Ja Pirc\u0113js, sl\u0113dzot Klienta l\u012bgumu vai ar cit\u0101m darb\u012bb\u0101m, kas apliecina Pirc\u0113ja gribas izpaudumu (piem\u0113ram, pa\u0161apkalpo\u0161an\u0101), ir devis savu piekri\u0161anu datu izmanto\u0161anai m\u0101rketinga nol\u016bkos, p\u0101rdev\u0113js izmanto \u0161os datus uz nosac\u012bjumiem un m\u0113r\u0137iem, kas noteikti Konfidencialit\u0101tes politik\u0101, tostarp, lai ar elektroniskajiem sakaru l\u012bdzek\u013ciem (piem\u0113ram, e-past\u0101 vai \u012bszi\u0146\u0101) nos\u016bt\u012btu Pirc\u0113jam personaliz\u0113tus tie\u0161\u0101 m\u0101rketinga pied\u0101v\u0101jumus par prec\u0113m un pakalpojumiem, pied\u0101v\u0101jumiem kampa\u0146u ietvaros un cit\u0101m priek\u0161roc\u012bb\u0101m.<\/p>\n<p>9.12. Pirc\u0113jam ir ties\u012bbas jebkur\u0101 br\u012bd\u012b atsaukt savu piekri\u0161anu datu izmanto\u0161anai m\u0101rketinga nol\u016bkos, nos\u016btot p\u0101rdev\u0113jam atbilsto\u0161a satura v\u0113stuli vai atteik\u0161anos sa\u0146emt turpm\u0101kus tie\u0161os s\u016bt\u012bjumus, izpildot nor\u0101d\u012bjumus, kas ietverti tie\u0161o s\u016bt\u012bjumu pied\u0101v\u0101jum\u0101, kas vi\u0146am nos\u016bt\u012bti uz e-pasta adresi.<\/p>\n<p>9.13. Jaut\u0101jumos, kas nav \u0161ajos noteikumos nav atsevi\u0161\u0137i apl\u016bkoti, puses iev\u0113ro sp\u0113k\u0101 eso\u0161os Igaunijas Republikas ties\u012bbu aktus.<\/p>\n<p>9.14. Str\u012bdi, kas rodas starp jums un www.petfest.ee (PetFest Europe O\u00dc) saist\u012bb\u0101 ar pre\u010du ieg\u0101di, izmantojot interneta veikalu www.petfest.ee, tiek risin\u0101ti sarunu ce\u013c\u0101. Ja vieno\u0161anos pan\u0101kt nav iesp\u0113jams, jums ir ties\u012bbas savu ties\u012bbas aizst\u0101v\u012bbai v\u0113rsties Pat\u0113r\u0113t\u0101ja ties\u012bbu aizsardz\u012bbas departament\u0101 vai pils\u0113tas ties\u0101. Str\u012bdu risin\u0101\u0161ana notiek, iev\u0113rojot Igaunijas Republik\u0101 sp\u0113k\u0101 eso\u0161os ties\u012bbu aktus.<\/p>\n<p><span style=\"font-size: 20px;\"><strong>Saist\u012bbu atruna<\/strong><\/span><\/p>\n<p>10.1. Pre\u010du att\u0113liem ir ilustrat\u012bva noz\u012bme.<\/p>\n<p>10.2. PetFest Europe O\u00dc saglab\u0101 ties\u012bbas veikt izmai\u0146as pre\u010du cen\u0101s un to pieejam\u012bb\u0101, k\u0101 ar\u012b iz\u0146\u0113muma gad\u012bjumos atteikties no pre\u010du p\u0101rdo\u0161anas.<\/p>\n<p>10.3. Inform\u0101cija par preci tiek regul\u0101ri p\u0101rbaud\u012bta un papildin\u0101ta. P\u0113c j\u016bsu p\u0113d\u0113j\u0101 apmekl\u0113juma dati var tikt atjaunin\u0101ti.<\/p>\n<p><strong><em>Veiksm\u012bgus pirkumus!<\/em><\/strong>[\/vc_column_text][\/vc_column][\/vc_row]<\/p>\n<\/section>","protected":false},"excerpt":{"rendered":"<p>[vc_row][vc_column][vc_column_text text_larger=&#8221;no&#8221; woodmart_inline=&#8221;no&#8221;]Nosac\u012bjumu apjoms un darb\u012bba 1.1. Nosac\u012bjumi attiecas uz vis\u0101m tiesiskaj\u0101m attiec\u012bb\u0101m, kas rodas starp person\u0101m un tirdzniec\u012bbas vides<\/p>\n","protected":false},"author":1,"featured_media":0,"parent":0,"menu_order":0,"comment_status":"closed","ping_status":"closed","template":"","meta":{"inline_featured_image":false,"footnotes":""},"_links":{"self":[{"href":"https:\/\/petfest.ee\/lv\/wp-json\/wp\/v2\/pages\/7483"}],"collection":[{"href":"https:\/\/petfest.ee\/lv\/wp-json\/wp\/v2\/pages"}],"about":[{"href":"https:\/\/petfest.ee\/lv\/wp-json\/wp\/v2\/types\/page"}],"author":[{"embeddable":true,"href":"https:\/\/petfest.ee\/lv\/wp-json\/wp\/v2\/users\/1"}],"replies":[{"embeddable":true,"href":"https:\/\/petfest.ee\/lv\/wp-json\/wp\/v2\/comments?post=7483"}],"version-history":[{"count":2,"href":"https:\/\/petfest.ee\/lv\/wp-json\/wp\/v2\/pages\/7483\/revisions"}],"predecessor-version":[{"id":2362417,"href":"https:\/\/petfest.ee\/lv\/wp-json\/wp\/v2\/pages\/7483\/revisions\/2362417"}],"wp:attachment":[{"href":"https:\/\/petfest.ee\/lv\/wp-json\/wp\/v2\/media?parent=7483"}],"curies":[{"name":"wp","href":"https:\/\/api.w.org\/{rel}","templated":true}]}}