{"id":7481,"date":"2021-04-30T18:04:01","date_gmt":"2021-04-30T16:04:01","guid":{"rendered":"https:\/\/petfest.ee\/ru\/?page_id=7481"},"modified":"2023-07-19T12:22:42","modified_gmt":"2023-07-19T10:22:42","slug":"privaatsuspoliitika","status":"publish","type":"page","link":"https:\/\/petfest.ee\/lv\/privaatsuspoliitika\/","title":{"rendered":"Konfidencialit\u0101tes politika"},"content":{"rendered":"<section class=\"wpb-content-wrapper\"><p>[vc_row][vc_column][vc_column_text woodmart_inline=&#8221;no&#8221; text_larger=&#8221;no&#8221;]<\/p>\r\n<p><span style=\"font-size: 16px;\">Petfest.ee ir ap\u0146\u0113mies aizsarg\u0101t savu klientu un lietot\u0101ju personiskos datus. T\u0101p\u0113c m\u0113s esam sagatavoju\u0161i \u0161o konfidencialit\u0101tes politiku, kas regul\u0113 klientu datu v\u0101k\u0161anu, izmanto\u0161anu, atkl\u0101\u0161anu, nodo\u0161anu un glab\u0101\u0161anu. M\u016bsu darb\u012bbas internet\u0101 tiek veiktas, \u0146emot v\u0113r\u0101 visas attiec\u012bg\u0101s pras\u012bbas, k\u0101 ar\u012b ES ties\u012bbu aktus un Igaunijas Republikas likumus. L\u016bdzu, veltiet nedaudz laika un iepaz\u012bstieties ar konfidencialit\u0101tates principiem, kurus m\u0113s izmantojam.<\/span><\/p>\r\n<h3 class=\"wp-block-heading\"><strong>Personas datu v\u0101k\u0161ana un izmanto\u0161ana<\/strong><\/h3>\r\n<p><span style=\"font-size: 16px;\">Personas dati ir jebkuri dati, kurus var tie\u0161i vai netie\u0161i saist\u012bt ar jums k\u0101 ar fizisku personu, kurus petfest.ee iev\u0101c un apstr\u0101d\u0101, lai noform\u0113tu l\u012bgumus fizisk\u0101m person\u0101m, nodro\u0161in\u0101tu ar t\u0101m sazi\u0146u un izpild\u012btu saist\u012bbas atbilsto\u0161i likumam.<\/span><\/p>\r\n<p><strong>Past\u0101v\u012bgo klientu personas datus dr\u012bkst iev\u0101kt jebkur\u0101 no \u0161iem veidiem:<\/strong><\/p>\r\n<ul>\r\n<li><span style=\"font-size: 16px;\">kad sniedzat mums savu kontaktinform\u0101ciju (tostarp savu v\u0101rdu, identifik\u0101cijas kodu, pasta adresi, t\u0101lru\u0146a numuru, e-pasta adresi, v\u0113lamo sazi\u0146as veidu) m\u016bsu t\u012bmek\u013ca vietn\u0113 vai cit\u0101d\u0101 veid\u0101 (piem\u0113ram, m\u016bsu veikalos);<\/span><\/li>\r\n<li><span style=\"font-size: 16px;\">kad izmantojat m\u016bsu t\u012bmek\u013ca vietni. Dati tiek iev\u0101kti, izmantojot j\u016bsu kontu vai s\u012bkfailus;<\/span><\/li>\r\n<li><span style=\"font-size: 16px;\">kad veicat pirkumu vai noform\u0113jat pas\u016bt\u012bjumu m\u016bsu veikal\u0101 vai interneta veikal\u0101 un saglab\u0101jat savu kontaktinform\u0101ciju vai v\u0113lamos pirkumus (petfest.ee t\u012bmek\u013ca vietn\u0113 noteikt\u0101s sada\u013c\u0101s j\u016bs var l\u016bgt br\u012bvpr\u0101t\u012bgi sniegt j\u016bsu personas datus un personisko inform\u0101ciju. \u0160\u0101di personas dati var ietvert j\u016bsu v\u0101rdu, adresi, pasta indeksu, e-pasta adresi, t\u0101lru\u0146a numuru un citus datus);<\/span><\/li>\r\n<li><span style=\"font-size: 16px;\">kas nor\u0101d\u0101t v\u0113lmi veikt pirkumu uz nomaksu. <\/span><\/li>\r\n<\/ul>\r\n<h3><strong>Citu datu v\u0101k\u0161ana<\/strong><\/h3>\r\n<p><span style=\"font-size: 16px;\">M\u0113s ar\u012b v\u0101cam nepersonaliz\u0113tus datus, proti, t\u0101dus datus, kurus nevar tie\u0161i saist\u012bt ar konkr\u0113tu personu (dzimums, vecums, v\u0113lam\u0101 valoda, atra\u0161an\u0101s vieta). M\u0113s varam v\u0101kt ar\u012b visp\u0101r\u012bga rakstura datus par to, k\u0101 m\u016bsu klienti mijiedarbojas ar m\u016bsu interneta veikaliem un t\u012bmek\u013ca vietni. \u0160ie dati tiek apvienoti un izmantoti, lai klientiem sniegtu visnoder\u012bg\u0101ko inform\u0101ciju, k\u0101 ar\u012b izp\u0113t\u012btu to, kuras t\u012bmek\u013ca vietnes da\u013cas, produkti un pakalpojumi izraisa visliel\u0101ko interesi. \u0160aj\u0101 Konfidencialit\u0101tes politik\u0101 \u0161\u0101di apvienotie dati tiek uzskat\u012bti par nepersonaliz\u0113tiem datiem.<\/span><\/p>\r\n<h3><strong>Sav\u0101kto personas datu izmanto\u0161ana un glab\u0101\u0161ana<\/strong><\/h3>\r\n<p><span style=\"font-size: 16px;\">M\u0113s varam izmantot jebkurus personas datus, ko esam sav\u0101ku\u0161i, lai inform\u0113tu petfest.ee klientus par jaunumiem, uz\u0146\u0113muma pied\u0101v\u0101jumiem un gaid\u0101majiem notikumiem. Klientiem, kuri nev\u0113las sa\u0146emt m\u016bsu jaunumus vai inform\u0101ciju par produktiem, kuri var\u0113tu vi\u0146us interes\u0113t, jebkur\u0101 laik\u0101 ir iesp\u0113ja atteikties no izs\u016bt\u012b\u0161anas. Personas datus, ko sav\u0101cam, m\u0113s izmantojam ar\u012b, lai pieg\u0101d\u0101tu preces un izpild\u012btu saist\u012bbas, ko m\u0113s esam uz\u0146\u0113mu\u0161ies pret klientu. Piekr\u012btot \u0161\u012bs Konfidencialit\u0101tes politikas nosac\u012bjumiem, klients sniedz petfest.ee piekri\u0161anu savu datu automatiz\u0113tai apstr\u0101dei. J\u016bs savu piekri\u0161anu varat atsaukt jebkur\u0101 laik\u0101 m\u016bsu t\u012bmek\u013ca vietn\u0113 vai nos\u016btot mums rakstisku piepras\u012bjumu. \u0160\u0101diem piepras\u012bjumiem un piekri\u0161an\u0101m nav atpaka\u013cejo\u0161a sp\u0113ka. Lai nodro\u0161in\u0101tu lab\u0101ku klientu apkalpo\u0161anu, petfest.ee var atkl\u0101t inform\u0101ciju par da\u017eiem lietot\u0101jiem tre\u0161ajai pusei, kas sniedz pakalpojumus petfest.ee un saska\u0146\u0101 ar l\u012bgumu tai ir pien\u0101kums saglab\u0101t jebkuras kop\u012bgi izmantot\u0101s inform\u0101cijas konfidencialit\u0101ti. \u0160\u0101da tre\u0161\u0101 puse var b\u016bt, piem\u0113ram, m\u016bsu partneris, kura pien\u0101kums ir pieg\u0101d\u0101t preces, kas tiek p\u0101rdotas m\u016bsu interneta veikal\u0101, vai pirkuma pakalpojumu snieg\u0161ana uz nomaksu. petfest.ee visus klienta personas datus glab\u0101 l\u012bdz br\u012bdim, kad tiek lauzts l\u012bgums ar past\u0101v\u012bgo klientu. Dati, kurus petfest.ee j\u0101glab\u0101 saska\u0146\u0101 ar likumu (piem\u0113ram, akredit\u0101cijas dati), tiek glab\u0101ti petfest.ee, iev\u0113rojot sp\u0113k\u0101 eso\u0161o likumdo\u0161anu. Veikalam ir ties\u012bbas nodot klienta personas datus savam maks\u0101jumu apstr\u0101des partnerim Maksekeskus AS, lai verific\u0113tu klientus un apstr\u0101d\u0101tu tie\u0161saistes maks\u0101jumus.<\/span><\/p>\r\n<h3><strong>Personas datu labojumu veik\u0161ana<\/strong><\/h3>\r\n<p><span style=\"font-size: 16px;\">Klienti savus personas datus, kas sav\u0101kti, lai vi\u0146us identific\u0113tu un ar vi\u0146iem sazin\u0101tos, var skat\u012bt, redi\u0123\u0113t un papildin\u0101t m\u016bsu t\u012bmek\u013ca vietn\u0113 sada\u013c\u0101 \u201cMans konts\u201d. Ja izmai\u0146as attiecas uz j\u016bsu e-pasta adresi (j\u016bsu lietot\u0101jv\u0101rdu petfest.ee t\u012bmek\u013ca vietn\u0113), l\u016bdzam mums par to pazi\u0146ot, jo klienti pa\u0161i nevar main\u012bt savu e-pasta adresi.<\/span><\/p>\r\n<h3><strong>Personas datu dro\u0161\u012bba<\/strong><\/h3>\r\n<p><span style=\"font-size: 16px;\">petfest.ee veic visus dro\u0161\u012bbas pas\u0101kumus (ieskaitot administrat\u012bvos, tehniskos un fiziskos pas\u0101kumus), lai aizsarg\u0101tu klientu datus. Piek\u013cuve personas datiem izmai\u0146u veik\u0161anai un apstr\u0101dei ir tikai pilnvarot\u0101m person\u0101m. Ja jums ir aizdomas, ka j\u016bsu personas dati tiek apstr\u0101d\u0101ti pretrun\u0101 tam, ko paredz \u0161\u012b Konfidencialit\u0101tes politika, vai ar\u012b past\u0101v jebk\u0101ds risks, ka j\u016bsu datus var\u0113tu sa\u0146emt nepilnvarotas puses, l\u016bdzam par to nekav\u0113joties zi\u0146ot mums. Tas ir vien\u012bgais veids, k\u0101 m\u0113s varam samazin\u0101t iesp\u0113jamos zaud\u0113jumus. Klientiem ir ties\u012bbas piepras\u012bt savu datu apstr\u0101des p\u0101rtrauk\u0161anu, veikt piepras\u012bjumu par to, k\u0101 tiek izmantoti vi\u0146u dati, piepras\u012bt, lai vi\u0146u dati tiktu nodoti pla\u0161i izmantot\u0101 form\u0101t\u0101 vai nu vi\u0146iem pa\u0161iem, vai tre\u0161ajai pusei. Lai izvair\u012btos no prettiesiskas datu un klientu ties\u012bbu izmanto\u0161anas, \u0161\u0101dus piepras\u012bjumus var iesniegt tikai t\u0101d\u0101 form\u0101t\u0101, kas \u013cauj identific\u0113t personu, kura nos\u016bta \u0161o piepras\u012bjumu (piepras\u012bjumam j\u0101b\u016bt parakst\u012btam ar elektronisko parakstu vai personiski j\u0101paraksta uz\u0146\u0113muma biroj\u0101). Mums ir ties\u012bbas uz \u0161\u0101diem piepras\u012bjumiem atbild\u0113t 30 dienu laik\u0101. M\u0113s piepras\u012bjumu p\u0101rtraukt datu apstr\u0101di uzskat\u0101m par l\u012bguma lau\u0161anas piepras\u012bjumu ar past\u0101v\u012bgo klientu.<\/span><\/p>\r\n<h3><strong>Dro\u0161\u012bba<\/strong><\/h3>\r\n<p><span style=\"font-size: 16px;\">Jebk\u0101di personas dati, kurus sniedzat, apmekl\u0113jot vietni un veicot pirkumu petfest.ee interneta veikal\u0101, ir uzskat\u0101mi par konfidenci\u0101lu inform\u0101ciju. \u0160ifr\u0113tu datu p\u0101rraides kan\u0101la izmanto\u0161ana ar bank\u0101m garant\u0113 pirc\u0113ju personas datu un bankas rekviz\u012btu aizsardz\u012bbu.<\/span><\/p>\r\n<h3><strong>Konfidencialit\u0101tes politikas noteikumi un nosac\u012bjumi, k\u0101 ar\u012b groz\u012bjumi<\/strong><\/h3>\r\n<p><span style=\"font-size: 16px;\">S\u0101kot izmantot m\u016bsu t\u012bmek\u013ca vietni vai aizpildot past\u0101v\u012bg\u0101 klienta pieteikumu, j\u016bs apliecin\u0101t, ka esat izlas\u012bjis \u0161os \u201cprincipus\u201d, \u201cnosac\u012bjumus un noteikumus\u201d un piekr\u012btat tiem. M\u0113s paturam ties\u012bbas nepiecie\u0161am\u012bbas gad\u012bjum\u0101 groz\u012bt \u0161\u012bs \u201cKonfidencialit\u0101tes politikas\u201d visp\u0101r\u012bgos noteikumus un nosac\u012bjumus, pazi\u0146ojot par to visiem past\u0101v\u012bgajiem klientiem. Vienlaikus m\u0113s veicam visu iesp\u0113jamo, lai m\u016bsu Konfidencialit\u0101tes politika tiktu past\u0101v\u012bgi atjaunin\u0101ta un vienm\u0113r b\u016btu pieejama m\u016bsu t\u012bmek\u013ca vietn\u0113. Atbild\u012bgais par klientu datu apstr\u0101di ir uz\u0146\u0113mums PetFest Europe O\u00dc. Ja jums ir jebk\u0101di jaut\u0101jumi vai \u0161aubas par Konfidencialit\u0101tes politiku vai datu apstr\u0101di, l\u016bdzam sazin\u0101ties ar mums, nos\u016btot e-pasta zi\u0146ojumu uz privacy@petfest.ee. J\u016bs vienm\u0113r varat v\u0113rsties Datu aizsardz\u012bbas inspekcij\u0101 vai ties\u0101, lai aizsarg\u0101tu savus personas datus. Datu aizsardz\u012bbas inspekcija ir valsts instit\u016bcija, kurai var ar\u012b l\u016bgt konsult\u0101ciju vai pal\u012bdz\u012bbu jaut\u0101jumos, kas saist\u012bti ar personas datu aizsardz\u012bbu. Uz\u0146\u0113mums PetFest Europe O\u00dc (petfest.ee) ir galvenais personas datu apstr\u0101d\u0101t\u0101js, kur\u0161 personas datus, kas nepiecie\u0161ami, lai veiktu maks\u0101jumus, nodod pilnvarotam apstr\u0101d\u0101t\u0101jam Maksekeskus AS.<\/span><\/p>\r\n\r\n<p>&nbsp;<\/p>\r\n<p>[\/vc_column_text][\/vc_column][\/vc_row]<\/p><\/section>","protected":false},"excerpt":{"rendered":"<p>[vc_row][vc_column][vc_column_text woodmart_inline=&#8221;no&#8221; text_larger=&#8221;no&#8221;] Petfest.ee ir ap\u0146\u0113mies aizsarg\u0101t savu klientu un lietot\u0101ju personiskos datus. T\u0101p\u0113c m\u0113s esam sagatavoju\u0161i \u0161o konfidencialit\u0101tes politiku,<\/p>\n","protected":false},"author":1,"featured_media":0,"parent":0,"menu_order":0,"comment_status":"closed","ping_status":"closed","template":"","meta":{"inline_featured_image":false,"footnotes":""},"_links":{"self":[{"href":"https:\/\/petfest.ee\/lv\/wp-json\/wp\/v2\/pages\/7481"}],"collection":[{"href":"https:\/\/petfest.ee\/lv\/wp-json\/wp\/v2\/pages"}],"about":[{"href":"https:\/\/petfest.ee\/lv\/wp-json\/wp\/v2\/types\/page"}],"author":[{"embeddable":true,"href":"https:\/\/petfest.ee\/lv\/wp-json\/wp\/v2\/users\/1"}],"replies":[{"embeddable":true,"href":"https:\/\/petfest.ee\/lv\/wp-json\/wp\/v2\/comments?post=7481"}],"version-history":[{"count":2,"href":"https:\/\/petfest.ee\/lv\/wp-json\/wp\/v2\/pages\/7481\/revisions"}],"predecessor-version":[{"id":2362414,"href":"https:\/\/petfest.ee\/lv\/wp-json\/wp\/v2\/pages\/7481\/revisions\/2362414"}],"wp:attachment":[{"href":"https:\/\/petfest.ee\/lv\/wp-json\/wp\/v2\/media?parent=7481"}],"curies":[{"name":"wp","href":"https:\/\/api.w.org\/{rel}","templated":true}]}}