{"id":7218,"date":"2021-03-04T16:20:15","date_gmt":"2021-03-04T14:20:15","guid":{"rendered":"https:\/\/petfest.ee\/et\/?page_id=7218"},"modified":"2025-01-21T15:22:16","modified_gmt":"2025-01-21T13:22:16","slug":"firmast","status":"publish","type":"page","link":"https:\/\/petfest.ee\/lv\/par-mums\/","title":{"rendered":"Par mums"},"content":{"rendered":"<section class=\"wpb-content-wrapper\"><p>[vc_row full_width=&#8221;stretch_row&#8221; css=&#8221;.vc_custom_1614878566995{background-image: url(https:\/\/petfest.ee\/wp-content\/uploads\/2021\/03\/about.jpg?id=7253) !important;}&#8221; mobile_bg_img_hidden=&#8221;no&#8221; tablet_bg_img_hidden=&#8221;no&#8221; woodmart_parallax=&#8221;0&#8243; woodmart_gradient_switch=&#8221;no&#8221; row_reverse_mobile=&#8221;0&#8243; row_reverse_tablet=&#8221;0&#8243; woodmart_disable_overflow=&#8221;0&#8243;][vc_column][vc_empty_space woodmart_hide_large=&#8221;0&#8243; woodmart_hide_medium=&#8221;0&#8243; woodmart_hide_small=&#8221;0&#8243; woodmart_hide_extra_small=&#8221;0&#8243;][vc_empty_space woodmart_hide_large=&#8221;0&#8243; woodmart_hide_medium=&#8221;0&#8243; woodmart_hide_small=&#8221;0&#8243; woodmart_hide_extra_small=&#8221;0&#8243;][vc_empty_space woodmart_hide_large=&#8221;0&#8243; woodmart_hide_medium=&#8221;0&#8243; woodmart_hide_small=&#8221;0&#8243; woodmart_hide_extra_small=&#8221;0&#8243;]\t\t\t<div id=\"wd-60c1c99c52184\" class=\"wd-text-block-wrapper wd-wpb wd-rs-60c1c99c52184 color-scheme- text-center \">\n\t\t\t\t<div class=\"woodmart-title-container woodmart-text-block reset-last-child font-primary wd-font-weight- wd-fontsize-xxxl\">\n\t\t\t\t\t<\/p>\n<h1 class=\"t001__title t-title t-title_xl\" style=\"text-align: center;\"><span style=\"color: #ffffff;\">M\u016aSU M\u012aLU\u013bI IR PELN\u012aJU\u0160I<\/span><br \/>\n<span style=\"color: #ffffff;\">TIKAI VISLAB\u0100KO<\/span><\/h1>\n<p>\t\t\t\t<\/div>\n\n\t\t\t\t\t\t\t<\/div>\n\t\t[vc_empty_space woodmart_hide_large=&#8221;0&#8243; woodmart_hide_medium=&#8221;0&#8243; woodmart_hide_small=&#8221;0&#8243; woodmart_hide_extra_small=&#8221;0&#8243;][vc_empty_space woodmart_hide_large=&#8221;0&#8243; woodmart_hide_medium=&#8221;0&#8243; woodmart_hide_small=&#8221;0&#8243; woodmart_hide_extra_small=&#8221;0&#8243;][vc_empty_space woodmart_hide_large=&#8221;0&#8243; woodmart_hide_medium=&#8221;0&#8243; woodmart_hide_small=&#8221;0&#8243; woodmart_hide_extra_small=&#8221;0&#8243;][\/vc_column][\/vc_row][vc_row][vc_column][vc_empty_space woodmart_hide_large=&#8221;0&#8243; woodmart_hide_medium=&#8221;0&#8243; woodmart_hide_small=&#8221;0&#8243; woodmart_hide_extra_small=&#8221;0&#8243;][vc_row_inner][vc_column_inner width=&#8221;1\/6&#8243;][\/vc_column_inner][vc_column_inner width=&#8221;2\/3&#8243;]\t\t\t<div id=\"wd-64b7b5a09f510\" class=\"wd-text-block-wrapper wd-wpb wd-rs-64b7b5a09f510 color-scheme- text-center \">\n\t\t\t\t<div class=\"woodmart-title-container woodmart-text-block reset-last-child font-primary wd-font-weight- wd-fontsize-xxl\">\n\t\t\t\t\t<\/p>\n<p style=\"text-align: left;\">Dab\u012bga, ar vitam\u012bniem un miner\u0101lviel\u0101m bag\u0101tin\u0101ta \u201cPet Fest\u201d produkcija ir izgatavota, \u0146emot v\u0113r\u0101 sabalans\u0113tas bar\u012bbas pamtprincipus, izmantojot kvalitat\u012bvas, dro\u0161as un r\u016bp\u012bgi izv\u0113l\u0113tas sast\u0101vda\u013cas.<\/p>\n<p>\t\t\t\t<\/div>\n\n\t\t\t\t\t\t\t<\/div>\n\t\t[\/vc_column_inner][vc_column_inner width=&#8221;1\/6&#8243;][\/vc_column_inner][\/vc_row_inner][vc_row_inner][vc_column_inner width=&#8221;1\/6&#8243;][\/vc_column_inner][vc_column_inner width=&#8221;2\/3&#8243;]\t\t\t<div id=\"wd-60c1ca01546ee\" class=\"wd-text-block-wrapper wd-wpb wd-rs-60c1ca01546ee color-scheme- text-center \">\n\t\t\t\t<div class=\"woodmart-title-container woodmart-text-block reset-last-child font-primary wd-font-weight- wd-fontsize-xl\">\n\t\t\t\t\t<\/p>\n<p style=\"text-align: left;\">K\u0101rumi su\u0146iem &#8211; t\u0101s ir ga\u013cas delikateses, kur\u0101s katrs gabali\u0146\u0161 tiek atlas\u012bts un apstr\u0101d\u0101ts ar rok\u0101m.<\/p>\n<p style=\"text-align: left;\">Recep\u0161u pamat\u0101 ir lab\u0101kie ga\u013cas produkti ide\u0101l\u0101 kombin\u0101cij\u0101 ar v\u0113rt\u012bg\u0101m p\u0101rtikas piedev\u0101m: E vitam\u012bnu, taur\u012bnu un zivju e\u013c\u013cu.<\/p>\n<p>\t\t\t\t<\/div>\n\n\t\t\t\t\t\t\t<\/div>\n\t\t[\/vc_column_inner][vc_column_inner width=&#8221;1\/6&#8243;][\/vc_column_inner][\/vc_row_inner][vc_empty_space woodmart_hide_large=&#8221;0&#8243; woodmart_hide_medium=&#8221;0&#8243; woodmart_hide_small=&#8221;0&#8243; woodmart_hide_extra_small=&#8221;0&#8243;][\/vc_column][\/vc_row][vc_row][vc_column width=&#8221;1\/2&#8243;][vc_single_image image=&#8221;7220&#8243; img_size=&#8221;full&#8221; parallax_scroll=&#8221;no&#8221;][\/vc_column][vc_column width=&#8221;1\/2&#8243;][vc_single_image image=&#8221;7221&#8243; img_size=&#8221;full&#8221; parallax_scroll=&#8221;no&#8221;][vc_single_image image=&#8221;7306&#8243; img_size=&#8221;full&#8221; parallax_scroll=&#8221;no&#8221;][\/vc_column][\/vc_row][vc_row][vc_column][vc_row_inner][vc_column_inner width=&#8221;1\/6&#8243;][\/vc_column_inner][vc_column_inner width=&#8221;2\/3&#8243;]\t\t\t<div id=\"wd-64b7b5af89ed1\" class=\"wd-text-block-wrapper wd-wpb wd-rs-64b7b5af89ed1 color-scheme- text-center \">\n\t\t\t\t<div class=\"woodmart-title-container woodmart-text-block reset-last-child font-primary wd-font-weight- wd-fontsize-xl\">\n\t\t\t\t\t<\/p>\n<p style=\"text-align: left;\">\u201cPet Fest\u201d k\u0101rumu izgatavo\u0161anas pamat\u0101 tiek saglab\u0101tas vesel\u012bgas su\u0146u veicin\u0101\u0161anas trad\u012bcijas, kas apvienotas ar m\u016bsdienu zin\u0101\u0161an\u0101m par veterin\u0101riju un vesel\u012bgu dz\u012bvnieku bar\u012bbu. Katram m\u0101jdz\u012bvniekam ir sava gaume un gar\u0161as izj\u016bta. T\u0101p\u0113c m\u0113s esam sadal\u012bju\u0161i m\u016bsu sortimentu grup\u0101s, lai katrs saimnieks var\u0113tu viegli atrast piem\u0113rot\u0101ko gardumu savam m\u012blulim.<\/p>\n<p>\t\t\t\t<\/div>\n\n\t\t\t\t\t\t\t<\/div>\n\t\t[\/vc_column_inner][vc_column_inner width=&#8221;1\/6&#8243;][\/vc_column_inner][\/vc_row_inner][\/vc_column][\/vc_row][vc_row][vc_column][vc_column_text]<\/p>\n<p>[\/vc_column_text][\/vc_column][\/vc_row][vc_row gap=&#8221;35&#8243; mobile_bg_img_hidden=&#8221;no&#8221; tablet_bg_img_hidden=&#8221;no&#8221; woodmart_parallax=&#8221;0&#8243; woodmart_gradient_switch=&#8221;no&#8221; row_reverse_mobile=&#8221;0&#8243; row_reverse_tablet=&#8221;0&#8243; woodmart_disable_overflow=&#8221;0&#8243; woodmart_css_id=&#8221;678f9f794a58a&#8221; responsive_spacing=&#8221;eyJwYXJhbV90eXBlIjoid29vZG1hcnRfcmVzcG9uc2l2ZV9zcGFjaW5nIiwic2VsZWN0b3JfaWQiOiI2NzhmOWY3OTRhNThhIiwic2hvcnRjb2RlIjoidmNfcm93IiwiZGF0YSI6eyJ0YWJsZXQiOnt9LCJtb2JpbGUiOnt9fX0=&#8221; woodmart_box_shadow=&#8221;no&#8221; wd_z_index=&#8221;no&#8221;][vc_column width=&#8221;1\/3&#8243; woodmart_css_id=&#8221;63763c7b05814&#8243; parallax_scroll=&#8221;no&#8221; woodmart_sticky_column=&#8221;false&#8221; wd_collapsible_content_switcher=&#8221;no&#8221; wd_column_role_offcanvas_desktop=&#8221;no&#8221; wd_column_role_offcanvas_tablet=&#8221;no&#8221; wd_column_role_offcanvas_mobile=&#8221;no&#8221; wd_column_role_content_desktop=&#8221;no&#8221; wd_column_role_content_tablet=&#8221;no&#8221; wd_column_role_content_mobile=&#8221;no&#8221; mobile_bg_img_hidden=&#8221;no&#8221; tablet_bg_img_hidden=&#8221;no&#8221; woodmart_parallax=&#8221;0&#8243; woodmart_box_shadow=&#8221;no&#8221; responsive_spacing=&#8221;eyJwYXJhbV90eXBlIjoid29vZG1hcnRfcmVzcG9uc2l2ZV9zcGFjaW5nIiwic2VsZWN0b3JfaWQiOiI2Mzc2M2M3YjA1ODE0Iiwic2hvcnRjb2RlIjoidmNfY29sdW1uIiwiZGF0YSI6eyJ0YWJsZXQiOnt9LCJtb2JpbGUiOnt9fX0=&#8221; mobile_reset_margin=&#8221;no&#8221; tablet_reset_margin=&#8221;no&#8221; wd_z_index=&#8221;no&#8221;]<div id=\"wd-678f9bfa08263\" class=\" wd-rs-678f9bfa08263  wd-button-wrapper text-center\"><a href=\"https:\/\/petfest.ee\/wp-content\/uploads\/2025\/01\/cat_catfest_2025.pdf\" title=\"\" target=\"_blank\" class=\"btn btn-scheme-light btn-scheme-hover-light btn-style-default btn-style-semi-round btn-size-extra-large ss_but_icon btn-icon-pos-left\">CatFest Katalogs<span class=\"wd-btn-icon\"><span class=\"wd-icon fas fa-file-pdf\"><\/span><\/span><\/a><\/div>[vc_column_text woodmart_inline=&#8221;no&#8221; text_larger=&#8221;no&#8221;]<\/p>\n<p style=\"text-align: center;\">Lejupiel\u0101d\u0113t bro\u0161\u016bru<\/p>\n<p>[\/vc_column_text][\/vc_column][vc_column width=&#8221;1\/3&#8243;]<div id=\"wd-678f9c080aca7\" class=\" wd-rs-678f9c080aca7  wd-button-wrapper text-center\"><a href=\"https:\/\/petfest.ee\/wp-content\/uploads\/2025\/01\/cat_petfest_2025-.pdf\" title=\"\" target=\"_blank\" class=\"btn btn-scheme-light btn-scheme-hover-light btn-style-default btn-style-semi-round btn-size-extra-large ss_but_icon btn-icon-pos-left\">PetFest Katalogs<span class=\"wd-btn-icon\"><span class=\"wd-icon fas fa-file-pdf\"><\/span><\/span><\/a><\/div>[vc_column_text woodmart_inline=&#8221;no&#8221; text_larger=&#8221;no&#8221;]<\/p>\n<p style=\"text-align: center;\">Lejupiel\u0101d\u0113t bro\u0161\u016bru<\/p>\n<p>[\/vc_column_text][\/vc_column][vc_column width=&#8221;1\/3&#8243;]<div id=\"wd-678f9c0dcb65b\" class=\" wd-rs-678f9c0dcb65b  wd-button-wrapper text-center\"><a href=\"https:\/\/petfest.ee\/wp-content\/uploads\/2025\/01\/cat_catfest_new_2025.pdf\" title=\"\" target=\"_blank\" class=\"btn btn-scheme-light btn-scheme-hover-light btn-style-default btn-style-semi-round btn-size-extra-large ss_but_icon btn-icon-pos-left\">CatFest Jauni produkti<span class=\"wd-btn-icon\"><span class=\"wd-icon fas fa-file-pdf\"><\/span><\/span><\/a><\/div>[vc_column_text woodmart_inline=&#8221;no&#8221; text_larger=&#8221;no&#8221;]<\/p>\n<p style=\"text-align: center;\">Lejupiel\u0101d\u0113t bro\u0161\u016bru<\/p>\n<p>[\/vc_column_text][\/vc_column][\/vc_row]<\/p>\n<\/section>","protected":false},"excerpt":{"rendered":"<p>[vc_row full_width=&#8221;stretch_row&#8221; css=&#8221;.vc_custom_1614878566995{background-image: url(https:\/\/petfest.ee\/wp-content\/uploads\/2021\/03\/about.jpg?id=7253) !important;}&#8221; mobile_bg_img_hidden=&#8221;no&#8221; tablet_bg_img_hidden=&#8221;no&#8221; woodmart_parallax=&#8221;0&#8243; woodmart_gradient_switch=&#8221;no&#8221; row_reverse_mobile=&#8221;0&#8243; row_reverse_tablet=&#8221;0&#8243; woodmart_disable_overflow=&#8221;0&#8243;][vc_column][vc_empty_space woodmart_hide_large=&#8221;0&#8243; woodmart_hide_medium=&#8221;0&#8243; woodmart_hide_small=&#8221;0&#8243; woodmart_hide_extra_small=&#8221;0&#8243;][vc_empty_space woodmart_hide_large=&#8221;0&#8243; woodmart_hide_medium=&#8221;0&#8243; woodmart_hide_small=&#8221;0&#8243; woodmart_hide_extra_small=&#8221;0&#8243;][vc_empty_space<\/p>\n","protected":false},"author":1,"featured_media":0,"parent":0,"menu_order":0,"comment_status":"closed","ping_status":"closed","template":"","meta":{"inline_featured_image":false,"footnotes":""},"_links":{"self":[{"href":"https:\/\/petfest.ee\/lv\/wp-json\/wp\/v2\/pages\/7218"}],"collection":[{"href":"https:\/\/petfest.ee\/lv\/wp-json\/wp\/v2\/pages"}],"about":[{"href":"https:\/\/petfest.ee\/lv\/wp-json\/wp\/v2\/types\/page"}],"author":[{"embeddable":true,"href":"https:\/\/petfest.ee\/lv\/wp-json\/wp\/v2\/users\/1"}],"replies":[{"embeddable":true,"href":"https:\/\/petfest.ee\/lv\/wp-json\/wp\/v2\/comments?post=7218"}],"version-history":[{"count":4,"href":"https:\/\/petfest.ee\/lv\/wp-json\/wp\/v2\/pages\/7218\/revisions"}],"predecessor-version":[{"id":2362840,"href":"https:\/\/petfest.ee\/lv\/wp-json\/wp\/v2\/pages\/7218\/revisions\/2362840"}],"wp:attachment":[{"href":"https:\/\/petfest.ee\/lv\/wp-json\/wp\/v2\/media?parent=7218"}],"curies":[{"name":"wp","href":"https:\/\/api.w.org\/{rel}","templated":true}]}}