{"id":2361652,"date":"2021-05-06T00:18:17","date_gmt":"2021-05-05T22:18:17","guid":{"rendered":"https:\/\/petfest.ee\/et\/?page_id=2361652"},"modified":"2023-07-19T12:28:14","modified_gmt":"2023-07-19T10:28:14","slug":"tellimuse-tagastamine","status":"publish","type":"page","link":"https:\/\/petfest.ee\/lv\/tellimuse-tagastamine\/","title":{"rendered":"Pre\u010du atgrie\u0161ana"},"content":{"rendered":"<section class=\"wpb-content-wrapper\"><p>[vc_row][vc_column][vc_column_text woodmart_inline=&#8221;no&#8221; text_larger=&#8221;no&#8221;]1.1. Klientam ir ties\u012bbas atk\u0101pties no dar\u012bjuma 14 dienu laik\u0101 un apmain\u012bt vai atgriezt pas\u016bt\u012bto preci. Min\u0113tais 14 dienu termi\u0146\u0161 s\u0101kas no dienas, kad klients ir sa\u0146\u0113mis preci.<br \/>\n1.2. Lai atgrieztu\/apmain\u012btu izstr\u0101d\u0101jumu, klientam 14 dienu laik\u0101 no br\u012b\u017ea, kad klients sa\u0146\u0113mis izstr\u0101d\u0101jumu, j\u0101iesniedz p\u0101rdev\u0113jam atgrie\u0161anas pieteikums.<\/p>\n<p>1.3. Klientam j\u0101atgrie\u017e prece 14 dienu laik\u0101 p\u0113c pieteikuma iesnieg\u0161anas, vai ar\u012b j\u0101iesniedz pier\u0101d\u012bjums, ka iepriek\u0161min\u0113t\u0101 perioda laik\u0101 vi\u0146\u0161 preci ir nodevis lo\u0123istikas firmai. P\u0101rdev\u0113jam ir ties\u012bbas neatmaks\u0101t naudu l\u012bdz br\u012bdim, kad pat\u0113r\u0113t\u0101js b\u016bs atdevis preci vai neiesniegs pier\u0101d\u012bjumu, ka ir nos\u016bt\u012bjis preci.<\/p>\n<p>1.4. Apmain\u0101majai vai atmaks\u0101jamajai precei nedr\u012bkst b\u016bt boj\u0101jumi, tai j\u0101b\u016bt ori\u0123in\u0101laj\u0101 iepakojum\u0101 un uz t\u0101s j\u0101b\u016bt vis\u0101m ori\u0123in\u0101laj\u0101m eti\u0137et\u0113m.<\/p>\n<p>1.5. Nopirkto pas\u016bt\u012bjums nevar atgriezt, ja pas\u016bt\u012bt\u0101 prece ir izgatavota, \u0146emot v\u0113r\u0101 pas\u016bt\u012bt\u0101ja personisk\u0101s vajadz\u012bbas, vai ar\u012b saska\u0146\u0101 ar pas\u016bt\u012bt\u0101ja nosac\u012bjumiem.<\/p>\n<p>1.6. Ja atgrie\u017eam\u0101 prece ir boj\u0101ta t\u0101p\u0113c, ka Klients to nav izmantojis k\u0101 paredz\u0113ts, ir m\u0113\u0123in\u0101jis izstr\u0101d\u0101jumu p\u0101rveidot, vai ar\u012b ir neuzman\u012bgi salicis vai izjaucis deta\u013cas, kas ir izrais\u012bjis preces boj\u0101jumu, petfest.ee (PetFest Europe O\u00dc) patur ties\u012bbas neatmaks\u0101t Klientam atmaks\u0101jamo preces v\u0113rt\u012bbu, k\u0101 ar\u012b neapmaks\u0101t transport\u0113\u0161anas izdevumus. Ja Klients nepiekr\u012bt pied\u0101v\u0101tajai preces atgrie\u0161anas summai, vi\u0146am ir ties\u012bbas uz neatkar\u012bgu ekspert\u012bzi, lai noskaidrotu, kura vainas d\u0113\u013c prece ir saboj\u0101ta.<\/p>\n<p>1.7. Izdevumus par preces atgrie\u0161anu sedz Klients. Uz\u0146\u0113mums petfest.ee (PetFest Europe O\u00dc) izdevumus par preces atgrie\u0161anu sedz gad\u012bjum\u0101, ja prece ir boj\u0101ta, ko nebija iesp\u0113jams uzreiz paman\u012bt un kuri nav radu\u0161ies, atverot iepakojumu, vai ar\u012b, ja prece neatbilst Klienta pas\u016bt\u012bjumam (proti, nepareiza prece). K\u0101 ar\u012b tad, ja preci nav iesp\u0113jams aizst\u0101t ar jaunu.<\/p>\n<p>1.8. P\u0101rdev\u0113js Klientam naudu atmaks\u0101s 14 dienu laik\u0101 p\u0113c tam, kad interneta veikals b\u016bs sa\u0146\u0113mis atgrie\u0161anas veidlapu. Naudas atmaksa tiek veikta uz to pa\u0161u kontu, no kura maks\u0101ja Klients.[\/vc_column_text][\/vc_column][\/vc_row]<\/p>\n<\/section>","protected":false},"excerpt":{"rendered":"<p>[vc_row][vc_column][vc_column_text woodmart_inline=&#8221;no&#8221; text_larger=&#8221;no&#8221;]1.1. Klientam ir ties\u012bbas atk\u0101pties no dar\u012bjuma 14 dienu laik\u0101 un apmain\u012bt vai atgriezt pas\u016bt\u012bto preci. Min\u0113tais 14<\/p>\n","protected":false},"author":2,"featured_media":0,"parent":0,"menu_order":0,"comment_status":"closed","ping_status":"closed","template":"","meta":{"inline_featured_image":false,"footnotes":""},"_links":{"self":[{"href":"https:\/\/petfest.ee\/lv\/wp-json\/wp\/v2\/pages\/2361652"}],"collection":[{"href":"https:\/\/petfest.ee\/lv\/wp-json\/wp\/v2\/pages"}],"about":[{"href":"https:\/\/petfest.ee\/lv\/wp-json\/wp\/v2\/types\/page"}],"author":[{"embeddable":true,"href":"https:\/\/petfest.ee\/lv\/wp-json\/wp\/v2\/users\/2"}],"replies":[{"embeddable":true,"href":"https:\/\/petfest.ee\/lv\/wp-json\/wp\/v2\/comments?post=2361652"}],"version-history":[{"count":1,"href":"https:\/\/petfest.ee\/lv\/wp-json\/wp\/v2\/pages\/2361652\/revisions"}],"predecessor-version":[{"id":2362415,"href":"https:\/\/petfest.ee\/lv\/wp-json\/wp\/v2\/pages\/2361652\/revisions\/2362415"}],"wp:attachment":[{"href":"https:\/\/petfest.ee\/lv\/wp-json\/wp\/v2\/media?parent=2361652"}],"curies":[{"name":"wp","href":"https:\/\/api.w.org\/{rel}","templated":true}]}}