{"id":7440,"date":"2026-04-24T06:43:26","date_gmt":"2026-04-24T06:43:26","guid":{"rendered":""},"modified":"2026-04-24T06:43:26","modified_gmt":"2026-04-24T06:43:26","slug":"dogfest-kuulikukorvad-kanalihaga-koikidele-koertele-kaasaarvatud-kutsikatele-90g","status":"publish","type":"product","link":"https:\/\/petfest.ee\/lt\/p\/triusiu-ausys-su-vistiena-suniukams-90g\/","title":{"rendered":"Triu\u0161I\u0173 ausys su vi\u0161tiena, \u0161uniukams, 90g."},"content":{"rendered":"<p>Tra\u0161ki\u0173 triu\u0161io aus\u0173 ir \u0161velnios vi\u0161\u010diuko m\u0117sos derinys sukuria unikal\u0173 skan\u0117st\u0105, kuris ne tik patenkins bet kurio \u0161uns skon\u012f, bet ir privers j\u012f \u0161iek tiek padirb\u0117ti<br \/>\n<B>Sud\u0117tis<\/B>: triu\u0161i\u0173 ausys 41,7%, vi\u0161tiena  44,3%, augalin\u0117s kilm\u0117s produktai, mineralai.<br \/>\n<B>Analitin\u0117 sud\u0117tis<\/B>: baltymai: 35%, riebalai: 3%, pelenai: 4,5%, l\u0105steliena: 0,2%, dr\u0117gnis: 18%<br \/>\n<B>Naudojimas<\/B>: Patiekite vis\u0105 dien\u0105 kaip skan\u0117st\u0105. Rekomenduojama dienos norma: 1-2 vnt. Tikslesn\u012f kiek\u012f reguliuokite pagal augintinio b\u016bkl\u0119 ir poreikius. Gyv\u016bnas visada turi tur\u0117ti \u0161vie\u017eio geriamojo vandens. Nepalikite \u0161uns be prie\u017ei\u016bros su skan\u0117stais. Neduokite valgyti dr\u0117gm\u0117s sug\u0117riklio, esan\u010dio mai\u0161elio viduje. Laikyti sausoje ir v\u0117sioje vietoje, pakartotinai atidarius laikyti \u0161aldytuve.<\/p>","protected":false},"excerpt":{"rendered":"<p>79711830 6921499711830<\/p>\n","protected":false},"featured_media":2361955,"comment_status":"closed","ping_status":"closed","template":"","meta":{"inline_featured_image":false},"product_cat":[189,190,192,191],"product_tag":[],"_links":{"self":[{"href":"https:\/\/petfest.ee\/lt\/wp-json\/wp\/v2\/product\/7440"}],"collection":[{"href":"https:\/\/petfest.ee\/lt\/wp-json\/wp\/v2\/product"}],"about":[{"href":"https:\/\/petfest.ee\/lt\/wp-json\/wp\/v2\/types\/product"}],"replies":[{"embeddable":true,"href":"https:\/\/petfest.ee\/lt\/wp-json\/wp\/v2\/comments?post=7440"}],"wp:featuredmedia":[{"embeddable":true,"href":"https:\/\/petfest.ee\/lt\/wp-json\/wp\/v2\/media\/2361955"}],"wp:attachment":[{"href":"https:\/\/petfest.ee\/lt\/wp-json\/wp\/v2\/media?parent=7440"}],"wp:term":[{"taxonomy":"product_cat","embeddable":true,"href":"https:\/\/petfest.ee\/lt\/wp-json\/wp\/v2\/product_cat?post=7440"},{"taxonomy":"product_tag","embeddable":true,"href":"https:\/\/petfest.ee\/lt\/wp-json\/wp\/v2\/product_tag?post=7440"}],"curies":[{"name":"wp","href":"https:\/\/api.w.org\/{rel}","templated":true}]}}