{"id":7439,"date":"2026-04-24T06:43:26","date_gmt":"2026-04-24T06:43:26","guid":{"rendered":""},"modified":"2026-04-24T06:43:26","modified_gmt":"2026-04-24T06:43:26","slug":"dogfest-kaltsiumikondid-pardilihaga-kutsikatele-90g","status":"publish","type":"product","link":"https:\/\/petfest.ee\/lt\/p\/kalcio-kaulai-su-antiena-suniukams-90g\/","title":{"rendered":"Kalcio kaulai su antiena, \u0161uniukams, 90g."},"content":{"rendered":"<p>Geriausia j\u016bs\u0173 \u0161uniukui &#8211; tai pieno kaulas praturtintas kalciu, kuris yra b\u016btinas formuojant stiprius kaulus ir dantis. An\u010di\u0173 m\u0117sa subtiliai papildo skonio palet\u0119.<br \/>\n<B>Sud\u0117tis<\/B>: anties fil\u0117 58,7%,  augalin\u0117s kilm\u0117s produktai 28,2%, mineralai.<br \/>\n<B>Analitin\u0117 sud\u0117tis<\/B>: baltymai: 25%, riebalai: 2,5%, pelenai: 4%, l\u0105steliena: 0,2%, dr\u0117gnis: 18%<br \/>\n<B>Naudojimas<\/B>: Patiekite vis\u0105 dien\u0105 kaip skan\u0117st\u0105. Rekomenduojama dienos norma: 1-2 vnt. Tikslesn\u012f kiek\u012f reguliuokite pagal augintinio b\u016bkl\u0119 ir poreikius. Gyv\u016bnas visada turi tur\u0117ti \u0161vie\u017eio geriamojo vandens. Nepalikite \u0161uns be prie\u017ei\u016bros su skan\u0117stais. Neduokite valgyti dr\u0117gm\u0117s sug\u0117riklio, esan\u010dio mai\u0161elio viduje. Laikyti sausoje ir v\u0117sioje vietoje, pakartotinai atidarius laikyti \u0161aldytuve.<\/p>","protected":false},"excerpt":{"rendered":"<p>79711786 6921499711786<\/p>\n","protected":false},"featured_media":2361957,"comment_status":"closed","ping_status":"closed","template":"","meta":{"inline_featured_image":false},"product_cat":[189,190,191],"product_tag":[],"_links":{"self":[{"href":"https:\/\/petfest.ee\/lt\/wp-json\/wp\/v2\/product\/7439"}],"collection":[{"href":"https:\/\/petfest.ee\/lt\/wp-json\/wp\/v2\/product"}],"about":[{"href":"https:\/\/petfest.ee\/lt\/wp-json\/wp\/v2\/types\/product"}],"replies":[{"embeddable":true,"href":"https:\/\/petfest.ee\/lt\/wp-json\/wp\/v2\/comments?post=7439"}],"wp:featuredmedia":[{"embeddable":true,"href":"https:\/\/petfest.ee\/lt\/wp-json\/wp\/v2\/media\/2361957"}],"wp:attachment":[{"href":"https:\/\/petfest.ee\/lt\/wp-json\/wp\/v2\/media?parent=7439"}],"wp:term":[{"taxonomy":"product_cat","embeddable":true,"href":"https:\/\/petfest.ee\/lt\/wp-json\/wp\/v2\/product_cat?post=7439"},{"taxonomy":"product_tag","embeddable":true,"href":"https:\/\/petfest.ee\/lt\/wp-json\/wp\/v2\/product_tag?post=7439"}],"curies":[{"name":"wp","href":"https:\/\/api.w.org\/{rel}","templated":true}]}}