{"id":7432,"date":"2026-04-24T06:43:26","date_gmt":"2026-04-24T06:43:26","guid":{"rendered":""},"modified":"2026-04-24T06:43:26","modified_gmt":"2026-04-24T06:43:26","slug":"dogfest-kanafilee-ribad-vaikest-tougu-koertele-55g","status":"publish","type":"product","link":"https:\/\/petfest.ee\/lt\/p\/vistienos-krutineles-mini-veislems-55g\/","title":{"rendered":"Vi\u0161tienos kr\u016btin\u0117l\u0117s, mini veisl\u0117ms, 55g."},"content":{"rendered":"<p>Kepta vi\u0161tienos kr\u016btin\u0117l\u0117s fil\u0117 bus puikus b\u016bdas ilgam u\u017eimti ma\u017eyl\u012f ir atitraukti j\u012f nuo j\u016bs\u0173 daikt\u0173, kol nesate namuose.<br \/>\n<B>Sud\u0117tis<\/B>: vi\u0161tienos fil\u0117 84,9%, augalin\u0117s kilm\u0117s produktai, mineralai.<br \/>\n<B>Analitin\u0117 sud\u0117tis<\/B>: baltymai: 50%, riebalai: 2%, l\u0105steliena: 0,2%, pelenai: 4%, dr\u0117gnis: 18%<br \/>\n<B>Naudojimas<\/B>: Patiekite vis\u0105 dien\u0105 kaip skan\u0117st\u0105. Rekomenduojama dienos norma: 1-2 vnt. Tikslesn\u012f kiek\u012f reguliuokite pagal augintinio b\u016bkl\u0119 ir poreikius. Gyv\u016bnas visada turi tur\u0117ti \u0161vie\u017eio geriamojo vandens. Nepalikite \u0161uns be prie\u017ei\u016bros su skan\u0117stais. Neduokite valgyti dr\u0117gm\u0117s sug\u0117riklio, esan\u010dio mai\u0161elio viduje. Laikyti sausoje ir v\u0117sioje vietoje, pakartotinai atidarius laikyti \u0161aldytuve.<\/p>","protected":false},"excerpt":{"rendered":"<p>79711502 6921499711502<\/p>\n","protected":false},"featured_media":2361977,"comment_status":"closed","ping_status":"closed","template":"","meta":{"inline_featured_image":false},"product_cat":[189,191],"product_tag":[],"_links":{"self":[{"href":"https:\/\/petfest.ee\/lt\/wp-json\/wp\/v2\/product\/7432"}],"collection":[{"href":"https:\/\/petfest.ee\/lt\/wp-json\/wp\/v2\/product"}],"about":[{"href":"https:\/\/petfest.ee\/lt\/wp-json\/wp\/v2\/types\/product"}],"replies":[{"embeddable":true,"href":"https:\/\/petfest.ee\/lt\/wp-json\/wp\/v2\/comments?post=7432"}],"wp:featuredmedia":[{"embeddable":true,"href":"https:\/\/petfest.ee\/lt\/wp-json\/wp\/v2\/media\/2361977"}],"wp:attachment":[{"href":"https:\/\/petfest.ee\/lt\/wp-json\/wp\/v2\/media?parent=7432"}],"wp:term":[{"taxonomy":"product_cat","embeddable":true,"href":"https:\/\/petfest.ee\/lt\/wp-json\/wp\/v2\/product_cat?post=7432"},{"taxonomy":"product_tag","embeddable":true,"href":"https:\/\/petfest.ee\/lt\/wp-json\/wp\/v2\/product_tag?post=7432"}],"curies":[{"name":"wp","href":"https:\/\/api.w.org\/{rel}","templated":true}]}}