{"id":7425,"date":"2026-04-24T06:43:27","date_gmt":"2026-04-24T06:43:27","guid":{"rendered":""},"modified":"2026-04-24T06:43:27","modified_gmt":"2026-04-24T06:43:27","slug":"dogfest-kanaliha-ribad-narimiskondil-taiskasvanud-koertele-90g","status":"publish","type":"product","link":"https:\/\/petfest.ee\/lt\/p\/vistienos-lazdeles-susuktos-suaugusiems-sunims-90g\/","title":{"rendered":"Vi\u0161tienos lazdel\u0117s susuktos, suaugusiems \u0161unims, 90g."},"content":{"rendered":"<p>Kramtomoji lazdel\u0117, gausiai apvyniota gard\u017eia vi\u0161tienos m\u0117sa, bus puikus atlygis u\u017e ilg\u0105 j\u016bs\u0173 laukim\u0105 namuose.<br \/>\n<B>Sud\u0117tis<\/B>: vi\u0161tiena 60%, \u017ealia galvij\u0173 oda 33%. augalin\u0117s kilm\u0117s produktai, mineralai.<br \/>\n<B>Analitin\u0117 sud\u0117tis<\/B>: baltymai: 65%, riebalai: 3,5%, pelenai: 3,5%, l\u0105steliena: 0,2%, dr\u0117gnis: 18%<br \/>\n<B>Naudojimas<\/B>:Patiekite vis\u0105 dien\u0105 kaip skan\u0117st\u0105. Rekomenduojama dienos norma: 1-2 vnt. Tikslesn\u012f kiek\u012f reguliuokite pagal augintinio b\u016bkl\u0119 ir poreikius. Gyv\u016bnas visada turi tur\u0117ti \u0161vie\u017eio geriamojo vandens. Nepalikite \u0161uns be prie\u017ei\u016bros su skan\u0117stais. Neduokite valgyti dr\u0117gm\u0117s sug\u0117riklio, esan\u010dio mai\u0161elio viduje. Laikyti sausoje ir v\u0117sioje vietoje, pakartotinai atidarius laikyti \u0161aldytuve.<\/p>","protected":false},"excerpt":{"rendered":"<p>79711199 6921499711199<\/p>\n","protected":false},"featured_media":2362001,"comment_status":"closed","ping_status":"closed","template":"","meta":{"inline_featured_image":false},"product_cat":[189,192],"product_tag":[],"_links":{"self":[{"href":"https:\/\/petfest.ee\/lt\/wp-json\/wp\/v2\/product\/7425"}],"collection":[{"href":"https:\/\/petfest.ee\/lt\/wp-json\/wp\/v2\/product"}],"about":[{"href":"https:\/\/petfest.ee\/lt\/wp-json\/wp\/v2\/types\/product"}],"replies":[{"embeddable":true,"href":"https:\/\/petfest.ee\/lt\/wp-json\/wp\/v2\/comments?post=7425"}],"wp:featuredmedia":[{"embeddable":true,"href":"https:\/\/petfest.ee\/lt\/wp-json\/wp\/v2\/media\/2362001"}],"wp:attachment":[{"href":"https:\/\/petfest.ee\/lt\/wp-json\/wp\/v2\/media?parent=7425"}],"wp:term":[{"taxonomy":"product_cat","embeddable":true,"href":"https:\/\/petfest.ee\/lt\/wp-json\/wp\/v2\/product_cat?post=7425"},{"taxonomy":"product_tag","embeddable":true,"href":"https:\/\/petfest.ee\/lt\/wp-json\/wp\/v2\/product_tag?post=7425"}],"curies":[{"name":"wp","href":"https:\/\/api.w.org\/{rel}","templated":true}]}}