{"id":2364469,"date":"2026-04-24T06:43:27","date_gmt":"2026-04-24T06:43:27","guid":{"rendered":""},"modified":"2026-04-24T06:43:27","modified_gmt":"2026-04-24T06:43:27","slug":"catfest-einekotike-tursafilee-makrelliga-ornas-tarretises-12x70g","status":"publish","type":"product","link":"https:\/\/petfest.ee\/lt\/p\/catfest-menkes-file-su-skumbremis-dregnas-kaciu-maistas-12-x-70-g\/","title":{"rendered":"\u201eCatFest\u201c menk\u0117s fil\u0117 su skumbr\u0117mis, dr\u0117gnas ka\u010di\u0173 maistas, 12 x 70 g"},"content":{"rendered":"<p>Cat Fest konservai kat\u0117ms yra tikras kulinarinis malonumas j\u016bs\u0173 katei. Atraskite tikro skonio pasaul\u012f. Kruop\u0161\u010diai atrinkta menk\u0117 harmoningai derinama su sultinga skumbre, sukuriant unikal\u0173 skonio derin\u012f, kuris patiks net i\u0161rankiausioms kat\u0117ms. Garuose ruo\u0161iami \u017euvies gabal\u0117liai i\u0161saugo maistines med\u017eiagas ir sodr\u0173 skon\u012f, tod\u0117l pa\u0161aras yra ir skanus, ir naudingas. Lengva \u017eel\u0117 praturtina tekst\u016br\u0105 ir suteikia papildomos dr\u0117gm\u0117s. Tinka kaip papildomas nat\u016bralus pa\u0161aras<\/p>\n<p><B>Sud\u0117tis<\/B>: menk\u0117 64%, \u017euvies sultinys 28%, skumbr\u0117 6%, prebiotikas FOS, an\u010diuvi\u0173 aliejus, mineralai, vitaminas E 0,1%, taurinas 0,1%<\/p>\n<p>Analitiniai rodikliai: baltymai \u2265 9,5%, riebalai \u2265 0,8%, pelenai \u2264 1,5%, skaidulos \u2264 1%, dr\u0117gm\u0117 \u2264 89%<\/p>\n<p><B>Privalumai:<\/B> Ramiojo vandenyno menk\u0117 ir skumbr\u0117 yra auk\u0161tos kokyb\u0117s baltym\u0173 ir \u017euv\u0173 riebal\u0173 \u0161altinis. Skumbr\u0117 turi mineral\u0173, toki\u0173 kaip riboflavinas, niacinas, kalcis ir gele\u017eis, kurie svarb\u016bs kat\u0117s sveikatai. N\u0117ra da\u017eikli\u0173, konservant\u0173 ir skonio stiprikli\u0173. N\u0117ra gr\u016bd\u0173, kukur\u016bz\u0173, soj\u0173, glitimo, \u0161alutini\u0173 produkt\u0173 ir GMO. Taurinas palaiko \u0161irdies, reg\u0117jimo, klausos ir imunin\u0117s sistemos funkcijas. Omega-3 riebal\u0173 r\u016bg\u0161tys i\u0161 an\u010diuvi\u0173 padeda palaikyti sveik\u0105 ir blizgant\u012f kail\u012f bei stiprina s\u0105narius ir dantis. Cikorija padeda suma\u017einti nemalon\u0173 kvap\u0105<\/p>\n<p><B>Naudojimas<\/B>: tinka kaip papildomas pa\u0161aras visoms suaugusioms kat\u0117ms, \u012fskaitant sterilizuotas ir kastruotas, taip pat kat\u0117ms su alergijomis ar vir\u0161kinimo problemomis. Patiekti kambario temperat\u016bros. Laikyti v\u0117sioje ir sausoje vietoje. Rekomenduojama iki 3 pakeli\u0173 per dien\u0105. Kat\u0117 visada turi tur\u0117ti prieig\u0105 prie \u0161vie\u017eio vandens<\/p>","protected":false},"excerpt":{"rendered":"<p>79219890 6921959219890<\/p>\n","protected":false},"featured_media":2364498,"comment_status":"closed","ping_status":"closed","template":"","meta":{"inline_featured_image":false},"product_cat":[238,236],"product_tag":[],"_links":{"self":[{"href":"https:\/\/petfest.ee\/lt\/wp-json\/wp\/v2\/product\/2364469"}],"collection":[{"href":"https:\/\/petfest.ee\/lt\/wp-json\/wp\/v2\/product"}],"about":[{"href":"https:\/\/petfest.ee\/lt\/wp-json\/wp\/v2\/types\/product"}],"replies":[{"embeddable":true,"href":"https:\/\/petfest.ee\/lt\/wp-json\/wp\/v2\/comments?post=2364469"}],"wp:featuredmedia":[{"embeddable":true,"href":"https:\/\/petfest.ee\/lt\/wp-json\/wp\/v2\/media\/2364498"}],"wp:attachment":[{"href":"https:\/\/petfest.ee\/lt\/wp-json\/wp\/v2\/media?parent=2364469"}],"wp:term":[{"taxonomy":"product_cat","embeddable":true,"href":"https:\/\/petfest.ee\/lt\/wp-json\/wp\/v2\/product_cat?post=2364469"},{"taxonomy":"product_tag","embeddable":true,"href":"https:\/\/petfest.ee\/lt\/wp-json\/wp\/v2\/product_tag?post=2364469"}],"curies":[{"name":"wp","href":"https:\/\/api.w.org\/{rel}","templated":true}]}}