{"id":2364466,"date":"2026-04-24T06:43:27","date_gmt":"2026-04-24T06:43:27","guid":{"rendered":""},"modified":"2026-04-24T06:43:27","modified_gmt":"2026-04-24T06:43:27","slug":"catfest-einekotike-tursafilee-ornas-tarretises-12x70g","status":"publish","type":"product","link":"https:\/\/petfest.ee\/lt\/p\/catfest-menkes-file-zele-dregnas-kaciu-maistas-12-x-70-g\/","title":{"rendered":"\u201eCatFest\u201c menk\u0117s fil\u0117 \u017eel\u0117, dr\u0117gnas ka\u010di\u0173 maistas, 12 x 70 g"},"content":{"rendered":"<p>Cat Fest konservai kat\u0117ms yra sveikas ir skanus skan\u0117stas, suteikiantis j\u016bs\u0173 augintiniui tikr\u0105 malonum\u0105. \u0160velni menk\u0117s fil\u0117 lengvai vir\u0161kinama ir padeda palaikyti kat\u0117s vir\u0161kinimo sistemos sveikat\u0105. Garuose virti gabal\u0117liai i\u0161saugo maksimal\u0173 kiek\u012f verting\u0173 maistini\u0173 med\u017eiag\u0173, \u012fskaitant nepakei\u010diamas Omega-3 riebal\u0173 r\u016bg\u0161tis, kurios padeda palaikyti sveik\u0105 od\u0105 ir suteikia kailiui gra\u017e\u0173 blizges\u012f. Lengva \u017eel\u0117 suteikia produktui i\u0161skirtin\u0119 tekst\u016br\u0105 ir papildom\u0105 dr\u0117gm\u0119. Tinka kaip papildomas nat\u016bralus pa\u0161aras.<\/p>\n<p><B>Sud\u0117tis<\/B>: menk\u0117 70%, \u017euv\u0173 sultinys 28%, prebiotikas FOS, an\u010diuvi\u0173 aliejus, vitaminas E 0,1%, taurinas 0,1%<br \/>\nAnalitin\u0117s sudedamosios dalys: baltymai \u2265 9,5%, riebalai \u2265 0,8%, pelenai \u2264 1,5%, skaidulos \u2264 1%, dr\u0117gm\u0117 \u2264 89%<\/p>\n<p><B>Privalumai:<\/B> menk\u0117 yra auk\u0161tos kokyb\u0117s baltym\u0173 \u0161altinis. Be da\u017eikli\u0173, konservant\u0173 ir skonio stiprikli\u0173. Be gr\u016bd\u0173, kukur\u016bz\u0173, soj\u0173, glitimo, \u0161alutini\u0173 produkt\u0173 ir GMO. Taurinas teigiamai veikia \u0161ird\u012f, reg\u0117jim\u0105, klaus\u0105 ir imunin\u0119 sistem\u0105. Omega-3 ir Omega-6 riebal\u0173 r\u016bg\u0161tys i\u0161 an\u010diuvi\u0173 padeda augti gra\u017eiam ir sveikam kailiui, stiprina s\u0105narius ir dantis. Cikorijos padeda suma\u017einti nemalon\u0173 kvap\u0105 i\u0161 ka\u010di\u0173 i\u0161mat\u0173.<\/p>\n<p><B>Naudojimas<\/B>: tinka kaip papildomas nat\u016bralus pa\u0161aras visoms suaugusioms kat\u0117ms, \u012fskaitant sterilizuotas ir kastruotas, taip pat kat\u0117ms, turin\u010dioms alergij\u0173 ar vir\u0161kinimo problem\u0173. Patiekti kambario temperat\u016broje. Laikyti v\u0117sioje ir sausoje vietoje. Duoti iki 3 pakeli\u0173 per dien\u0105. Kat\u0117 visada turi tur\u0117ti prieig\u0105 prie \u0161vie\u017eio geriamojo vandens.<\/p>","protected":false},"excerpt":{"rendered":"<p>79219845 6921959219845<\/p>\n","protected":false},"featured_media":2364484,"comment_status":"closed","ping_status":"closed","template":"","meta":{"inline_featured_image":false},"product_cat":[238,236],"product_tag":[],"_links":{"self":[{"href":"https:\/\/petfest.ee\/lt\/wp-json\/wp\/v2\/product\/2364466"}],"collection":[{"href":"https:\/\/petfest.ee\/lt\/wp-json\/wp\/v2\/product"}],"about":[{"href":"https:\/\/petfest.ee\/lt\/wp-json\/wp\/v2\/types\/product"}],"replies":[{"embeddable":true,"href":"https:\/\/petfest.ee\/lt\/wp-json\/wp\/v2\/comments?post=2364466"}],"wp:featuredmedia":[{"embeddable":true,"href":"https:\/\/petfest.ee\/lt\/wp-json\/wp\/v2\/media\/2364484"}],"wp:attachment":[{"href":"https:\/\/petfest.ee\/lt\/wp-json\/wp\/v2\/media?parent=2364466"}],"wp:term":[{"taxonomy":"product_cat","embeddable":true,"href":"https:\/\/petfest.ee\/lt\/wp-json\/wp\/v2\/product_cat?post=2364466"},{"taxonomy":"product_tag","embeddable":true,"href":"https:\/\/petfest.ee\/lt\/wp-json\/wp\/v2\/product_tag?post=2364466"}],"curies":[{"name":"wp","href":"https:\/\/api.w.org\/{rel}","templated":true}]}}