{"id":2364465,"date":"2026-04-24T06:43:27","date_gmt":"2026-04-24T06:43:27","guid":{"rendered":""},"modified":"2026-04-24T06:43:27","modified_gmt":"2026-04-24T06:43:27","slug":"catfest-tursapasteet-kassipoegadele-12x70g","status":"publish","type":"product","link":"https:\/\/petfest.ee\/lt\/p\/catfest-menkes-pastetas-kaciukams-12-x-70-g\/","title":{"rendered":"\u201eCatFest\u201c menk\u0117s pa\u0161tetas ka\u010diukams, 12 x 70 g."},"content":{"rendered":"<p>CatFest \u0161velnus pa\u0161tetas su menk\u0117s fil\u0117 ka\u010diukams yra subalansuotas ir skanus papildomas pa\u0161aras augan\u010diam ka\u010diukui. Sukurtas pagal speciali\u0105 recept\u016br\u0105, pasi\u017eymi itin mink\u0161ta tekst\u016bra, kuri puikiai tinka ka\u010diukams. Produktas praturtintas vitaminu E, omega-3 riebal\u0173 r\u016bg\u0161timis ir taurinu, kurie padeda u\u017etikrinti sveik\u0105 augim\u0105, stipr\u0173 imunitet\u0105 ir energing\u0105 vystym\u0105si.<\/p>\n<p>Nat\u016brali sud\u0117tis ir kokybi\u0161ki ingredientai padeda gerinti vir\u0161kinim\u0105, palaikyti sveik\u0105 od\u0105 ir kail\u012f bei prisideda prie \u0161irdies ir reg\u0117jimo vystymosi. Tinka kasdieniam papildomam \u0161\u0117rimui vis\u0173 veisli\u0173 ka\u010diukams.<\/p>\n<p><B>Sud\u0117tis<\/B>: menk\u0117 70%, \u017euvies sultinys 28,1%, prebiotikas FOS, an\u010diuvi\u0173 aliejus, mineralai, vitaminas E 0,1%, taurinas 0,1%<\/p>\n<p>Analitiniai rodikliai: baltymai \u2265 9,5%, riebalai \u2265 0,8%, pelenai \u2264 1,5%, skaidulos \u2264 1%, dr\u0117gm\u0117 \u2264 89%<\/p>\n<p><B>Privalumai:<\/B><br \/>\nmenk\u0117 yra auk\u0161tos kokyb\u0117s ir lengvai \u012fsisavinamas baltym\u0173 \u0161altinis<br \/>\nomega-3 riebal\u0173 r\u016bg\u0161tys padeda palaikyti sveik\u0105 od\u0105 ir kail\u012f<br \/>\ntaurinas prisideda prie \u0161irdies ir reg\u0117jimo vystymosi<br \/>\nvitaminas E stiprina imunin\u0119 sistem\u0105<br \/>\nprebiotikas FOS gerina vir\u0161kinim\u0105 ir palaiko \u017earnyno mikroflor\u0105<br \/>\nmineralai padeda formuotis stipriems kaulams<\/p>\n<p><B>Naudojimas<\/B>: tinka kasdieniam papildomam \u0161\u0117rimui vis\u0173 veisli\u0173 ka\u010diukams. Patiekti kambario temperat\u016broje. Laikyti v\u0117sioje ir sausoje vietoje. Rekomenduojama dienos norma 2\u20133 paket\u0117liai, priklausomai nuo ka\u010diuko am\u017eiaus ir aktyvumo. Visada u\u017etikrinkite prieig\u0105 prie \u0161vie\u017eio geriamojo vandens.<\/p>","protected":false},"excerpt":{"rendered":"<p>79219869 6921959219859<\/p>\n","protected":false},"featured_media":2364470,"comment_status":"closed","ping_status":"closed","template":"","meta":{"inline_featured_image":false},"product_cat":[238,236],"product_tag":[],"_links":{"self":[{"href":"https:\/\/petfest.ee\/lt\/wp-json\/wp\/v2\/product\/2364465"}],"collection":[{"href":"https:\/\/petfest.ee\/lt\/wp-json\/wp\/v2\/product"}],"about":[{"href":"https:\/\/petfest.ee\/lt\/wp-json\/wp\/v2\/types\/product"}],"replies":[{"embeddable":true,"href":"https:\/\/petfest.ee\/lt\/wp-json\/wp\/v2\/comments?post=2364465"}],"wp:featuredmedia":[{"embeddable":true,"href":"https:\/\/petfest.ee\/lt\/wp-json\/wp\/v2\/media\/2364470"}],"wp:attachment":[{"href":"https:\/\/petfest.ee\/lt\/wp-json\/wp\/v2\/media?parent=2364465"}],"wp:term":[{"taxonomy":"product_cat","embeddable":true,"href":"https:\/\/petfest.ee\/lt\/wp-json\/wp\/v2\/product_cat?post=2364465"},{"taxonomy":"product_tag","embeddable":true,"href":"https:\/\/petfest.ee\/lt\/wp-json\/wp\/v2\/product_tag?post=2364465"}],"curies":[{"name":"wp","href":"https:\/\/api.w.org\/{rel}","templated":true}]}}