{"id":2364337,"date":"2026-04-24T06:43:27","date_gmt":"2026-04-24T06:43:27","guid":{"rendered":""},"modified":"2026-04-24T06:43:27","modified_gmt":"2026-04-24T06:43:27","slug":"catfest-vedel-maius-kanaga-ja-kalamarjaga-4-10g","status":"publish","type":"product","link":"https:\/\/petfest.ee\/lt\/p\/kreminiai-uzkandziai-su-vistiena-ir-ikrais-4-10-g\/","title":{"rendered":"Kreminiai u\u017ekand\u017eiai su vi\u0161tiena ir ikrais, 4 \u00d7 10 g"},"content":{"rendered":"<p>\u0160velnus kremas i\u0161 auk\u0161tos kokyb\u0117s vi\u0161tienos su tikru delikatesu \u2013 skraidan\u010di\u0173 \u017euv\u0173 ikrais \u2013 prad\u017eiugins j\u016bs\u0173 kat\u0119 ry\u0161kiu ir sodriu skoniu. Sud\u0117tyje tik auk\u0161tos kokyb\u0117s, nat\u016bral\u016bs ingredientai, kurie suteikia ne tik puik\u0173 skon\u012f, bet ir b\u016btinas maistines med\u017eiagas. D\u0117l savo sud\u0117ties \u0161is kreminis skan\u0117stas gerina kailio, odos ir nag\u0173 b\u016bkl\u0119 bei yra papildomas mikroelement\u0173 ir dr\u0117gm\u0117s \u0161altinis j\u016bs\u0173 katei. Patogus pakuot\u0117s formatas leis jums dalintis nepamir\u0161tamomis akimirkomis, maitindami augintin\u012f tiesiai i\u0161 pakuot\u0117s.<\/p>\n<p><B>Sud\u0117tis<\/B>: Vi\u0161tiena 45,5%, skraidan\u010di\u0173 \u017euv\u0173 ikrai 4%, augalin\u0117s kilm\u0117s dariniai, vi\u0161tienos riebalai, mieli\u0173 ekstraktas, mineralai.<\/p>\n<p><B>Maistiniai priedai (mg\/kg<\/B>): taurinas 500, vitaminas E 500.<\/p>\n<p><B>100 g yra:<\/B> baltymai \u2014 12 g; riebalai \u2014 2 g; pelenai \u2014 2 g; skaidulos \u2014 1 g; dr\u0117gm\u0117 \u2014 85 g.<\/p>\n<p><B>Energetin\u0117 vert\u0117 100 g<\/B>: 55 kcal.<\/p>\n<p><B>\u0160\u0117rimo rekomendacijos<\/B>: Patiekite kaip porcijin\u012f skan\u0117st\u0105 arba naudokite kaip gard\u0173 pried\u0105 prie pagrindinio pa\u0161aro. Visada pasir\u016bpinkite, kad kat\u0117 tur\u0117t\u0173 \u0161vie\u017eio vandens.<\/p>\n<p>Rekomenduojama paros norma \u2014 iki 4 pakuo\u010di\u0173.<\/p>","protected":false},"excerpt":{"rendered":"<p>79215090 6921959215090<\/p>\n","protected":false},"featured_media":2364349,"comment_status":"closed","ping_status":"closed","template":"","meta":{"inline_featured_image":false},"product_cat":[237,238,236],"product_tag":[],"_links":{"self":[{"href":"https:\/\/petfest.ee\/lt\/wp-json\/wp\/v2\/product\/2364337"}],"collection":[{"href":"https:\/\/petfest.ee\/lt\/wp-json\/wp\/v2\/product"}],"about":[{"href":"https:\/\/petfest.ee\/lt\/wp-json\/wp\/v2\/types\/product"}],"replies":[{"embeddable":true,"href":"https:\/\/petfest.ee\/lt\/wp-json\/wp\/v2\/comments?post=2364337"}],"wp:featuredmedia":[{"embeddable":true,"href":"https:\/\/petfest.ee\/lt\/wp-json\/wp\/v2\/media\/2364349"}],"wp:attachment":[{"href":"https:\/\/petfest.ee\/lt\/wp-json\/wp\/v2\/media?parent=2364337"}],"wp:term":[{"taxonomy":"product_cat","embeddable":true,"href":"https:\/\/petfest.ee\/lt\/wp-json\/wp\/v2\/product_cat?post=2364337"},{"taxonomy":"product_tag","embeddable":true,"href":"https:\/\/petfest.ee\/lt\/wp-json\/wp\/v2\/product_tag?post=2364337"}],"curies":[{"name":"wp","href":"https:\/\/api.w.org\/{rel}","templated":true}]}}